{"id":2852,"date":"2024-11-25T15:50:41","date_gmt":"2024-11-25T14:50:41","guid":{"rendered":"https:\/\/www.minios.sk\/produkt\/slany-balicek-40-ks-miniosek\/"},"modified":"2025-10-31T18:48:35","modified_gmt":"2025-10-31T17:48:35","slug":"slany-balicek-2","status":"publish","type":"product","link":"https:\/\/www.minios.sk\/cs\/produkt\/slany-balicek-2\/","title":{"rendered":"Slan\u00fd bal\u00ed\u010dek 40 ks Miniosek"},"content":{"rendered":"<p>&nbsp;<\/p>\n<table width=\"650\">\n<tbody>\n<tr>\n<td width=\"320\"><strong>Obsah slan\u00e9ho bal\u00ed\u010dku Minios<\/strong><\/td>\n<td width=\"110\"><strong>Po\u010det kus\u016f<\/strong><\/td>\n<\/tr>\n<tr>\n<td><a href=\"https:\/\/www.minios.sk\/cs\/produkt\/miniosky-kukuricne-krupky-arasidove\/\" target=\"_blank\" rel=\"noopener\">Ara\u0161\u00eddov\u00e9 kuku\u0159i\u010dn\u00e9 k\u0159upky<\/a><\/td>\n<td>10<\/td>\n<\/tr>\n<tr>\n<td><a href=\"https:\/\/www.minios.sk\/cs\/produkt\/miniosky-kukuricne-krupky-syrovy-snack\/\" target=\"_blank\" rel=\"noopener\">Kuku\u0159i\u010dn\u00e9 k\u0159upky s\u00fdrov\u00e1 sva\u010dinka<\/a><\/td>\n<td>10<\/td>\n<\/tr>\n<tr>\n<td><a href=\"https:\/\/www.minios.sk\/cs\/produkt\/miniosky-kukuricne-krupky-uzena-sunka\/\" target=\"_blank\" rel=\"noopener\">Kuku\u0159i\u010dn\u00e9 k\u0159upky s uzenou \u0161unkou<\/a><\/td>\n<td>10<\/td>\n<\/tr>\n<tr>\n<td><a href=\"https:\/\/www.minios.sk\/cs\/produkt\/miniosky-kukuricne-krupky-jarni-cibulka\/\" target=\"_blank\" rel=\"noopener\">Kuku\u0159i\u010dn\u00e9 k\u0159upky s jarn\u00ed cibulkou<\/a><\/td>\n<td>10<\/td>\n<\/tr>\n<\/tbody>\n<\/table>\n","protected":false},"excerpt":{"rendered":"<p>&nbsp; Obsah slan\u00e9ho bal\u00ed\u010dku Minios Po\u010det kus\u016f Ara\u0161\u00eddov\u00e9 kuku\u0159i\u010dn\u00e9 k\u0159upky 10 Kuku\u0159i\u010dn\u00e9 k\u0159upky s\u00fdrov\u00e1 sva\u010dinka 10 Kuku\u0159i\u010dn\u00e9 k\u0159upky s uzenou \u0161unkou 10 Kuku\u0159i\u010dn\u00e9 k\u0159upky s jarn\u00ed cibulkou 10<\/p>\n","protected":false},"featured_media":2734,"comment_status":"open","ping_status":"closed","template":"","meta":{"_acf_changed":false},"product_brand":[],"product_cat":[130,117,119,118],"product_tag":[],"class_list":{"0":"post-2852","1":"product","2":"type-product","3":"status-publish","4":"has-post-thumbnail","6":"product_cat-kukuricne-cs-2","7":"product_cat-slane-cs","8":"product_cat-syrovy-snack-cs","9":"product_cat-uzena-sunka","11":"first","12":"instock","13":"sale","14":"taxable","15":"shipping-taxable","16":"purchasable","17":"product-type-simple"},"acf":[],"yoast_head":"<!-- This site is optimized with the Yoast SEO plugin v21.2 - https:\/\/yoast.com\/wordpress\/plugins\/seo\/ -->\n<title>Slan\u00fd bal\u00ed\u010dek 40 ks Miniosek &#8211; MinioS<\/title>\n<meta name=\"robots\" content=\"index, follow, max-snippet:-1, max-image-preview:large, max-video-preview:-1\" \/>\n<link rel=\"canonical\" href=\"https:\/\/www.minios.sk\/cs\/produkt\/slany-balicek-2\/\" \/>\n<meta property=\"og:locale\" content=\"cs_CZ\" \/>\n<meta property=\"og:type\" content=\"article\" \/>\n<meta property=\"og:title\" content=\"Slan\u00fd bal\u00ed\u010dek 40 ks Miniosek &#8211; MinioS\" \/>\n<meta property=\"og:description\" content=\"&nbsp; Obsah slan\u00e9ho bal\u00ed\u010dku Minios Po\u010det kus\u016f Ara\u0161\u00eddov\u00e9 kuku\u0159i\u010dn\u00e9 k\u0159upky 10 Kuku\u0159i\u010dn\u00e9 k\u0159upky s\u00fdrov\u00e1 sva\u010dinka 10 Kuku\u0159i\u010dn\u00e9 k\u0159upky s uzenou \u0161unkou 10 Kuku\u0159i\u010dn\u00e9 k\u0159upky s jarn\u00ed cibulkou 10\" \/>\n<meta property=\"og:url\" content=\"https:\/\/www.minios.sk\/cs\/produkt\/slany-balicek-2\/\" \/>\n<meta property=\"og:site_name\" content=\"MinioS\" \/>\n<meta property=\"article:modified_time\" content=\"2025-10-31T17:48:35+00:00\" \/>\n<meta property=\"og:image\" content=\"https:\/\/www.minios.sk\/wp-content\/uploads\/2024\/11\/SLANY_BOX10KS-1-scaled.png\" \/>\n\t<meta property=\"og:image:width\" content=\"2048\" \/>\n\t<meta property=\"og:image:height\" content=\"2048\" \/>\n\t<meta property=\"og:image:type\" content=\"image\/png\" \/>\n<meta name=\"twitter:card\" content=\"summary_large_image\" \/>\n<script type=\"application\/ld+json\" class=\"yoast-schema-graph\">{\"@context\":\"https:\/\/schema.org\",\"@graph\":[{\"@type\":\"WebPage\",\"@id\":\"https:\/\/www.minios.sk\/cs\/produkt\/slany-balicek-2\/\",\"url\":\"https:\/\/www.minios.sk\/cs\/produkt\/slany-balicek-2\/\",\"name\":\"Slan\u00fd bal\u00ed\u010dek 40 ks Miniosek &#8211; MinioS\",\"isPartOf\":{\"@id\":\"https:\/\/www.minios.sk\/cs\/#website\"},\"datePublished\":\"2024-11-25T14:50:41+00:00\",\"dateModified\":\"2025-10-31T17:48:35+00:00\",\"breadcrumb\":{\"@id\":\"https:\/\/www.minios.sk\/cs\/produkt\/slany-balicek-2\/#breadcrumb\"},\"inLanguage\":\"cs\",\"potentialAction\":[{\"@type\":\"ReadAction\",\"target\":[\"https:\/\/www.minios.sk\/cs\/produkt\/slany-balicek-2\/\"]}]},{\"@type\":\"BreadcrumbList\",\"@id\":\"https:\/\/www.minios.sk\/cs\/produkt\/slany-balicek-2\/#breadcrumb\",\"itemListElement\":[{\"@type\":\"ListItem\",\"position\":1,\"name\":\"Domovsk\u00e1 str\u00e1nka\",\"item\":\"https:\/\/www.minios.sk\/cs\/\"},{\"@type\":\"ListItem\",\"position\":2,\"name\":\"Produkty\",\"item\":\"https:\/\/www.minios.sk\/cs\/shop\/\"},{\"@type\":\"ListItem\",\"position\":3,\"name\":\"Slan\u00fd bal\u00ed\u010dek 40 ks Miniosek\"}]},{\"@type\":\"WebSite\",\"@id\":\"https:\/\/www.minios.sk\/cs\/#website\",\"url\":\"https:\/\/www.minios.sk\/cs\/\",\"name\":\"MinioS\",\"description\":\"Chrumnite si viac!\",\"publisher\":{\"@id\":\"https:\/\/www.minios.sk\/cs\/#organization\"},\"potentialAction\":[{\"@type\":\"SearchAction\",\"target\":{\"@type\":\"EntryPoint\",\"urlTemplate\":\"https:\/\/www.minios.sk\/cs\/?s={search_term_string}\"},\"query-input\":\"required name=search_term_string\"}],\"inLanguage\":\"cs\"},{\"@type\":\"Organization\",\"@id\":\"https:\/\/www.minios.sk\/cs\/#organization\",\"name\":\"MinioS, s.r.o\",\"url\":\"https:\/\/www.minios.sk\/cs\/\",\"logo\":{\"@type\":\"ImageObject\",\"inLanguage\":\"cs\",\"@id\":\"https:\/\/www.minios.sk\/cs\/#\/schema\/logo\/image\/\",\"url\":\"https:\/\/www.minios.sk\/wp-content\/uploads\/2020\/08\/S.png\",\"contentUrl\":\"https:\/\/www.minios.sk\/wp-content\/uploads\/2020\/08\/S.png\",\"width\":1000,\"height\":1000,\"caption\":\"MinioS, s.r.o\"},\"image\":{\"@id\":\"https:\/\/www.minios.sk\/cs\/#\/schema\/logo\/image\/\"}}]}<\/script>\n<!-- \/ Yoast SEO plugin. -->","yoast_head_json":{"title":"Slan\u00fd bal\u00ed\u010dek 40 ks Miniosek &#8211; MinioS","robots":{"index":"index","follow":"follow","max-snippet":"max-snippet:-1","max-image-preview":"max-image-preview:large","max-video-preview":"max-video-preview:-1"},"canonical":"https:\/\/www.minios.sk\/cs\/produkt\/slany-balicek-2\/","og_locale":"cs_CZ","og_type":"article","og_title":"Slan\u00fd bal\u00ed\u010dek 40 ks Miniosek &#8211; MinioS","og_description":"&nbsp; Obsah slan\u00e9ho bal\u00ed\u010dku Minios Po\u010det kus\u016f Ara\u0161\u00eddov\u00e9 kuku\u0159i\u010dn\u00e9 k\u0159upky 10 Kuku\u0159i\u010dn\u00e9 k\u0159upky s\u00fdrov\u00e1 sva\u010dinka 10 Kuku\u0159i\u010dn\u00e9 k\u0159upky s uzenou \u0161unkou 10 Kuku\u0159i\u010dn\u00e9 k\u0159upky s jarn\u00ed cibulkou 10","og_url":"https:\/\/www.minios.sk\/cs\/produkt\/slany-balicek-2\/","og_site_name":"MinioS","article_modified_time":"2025-10-31T17:48:35+00:00","og_image":[{"width":2048,"height":2048,"url":"https:\/\/www.minios.sk\/wp-content\/uploads\/2024\/11\/SLANY_BOX10KS-1-scaled.png","type":"image\/png"}],"twitter_card":"summary_large_image","schema":{"@context":"https:\/\/schema.org","@graph":[{"@type":"WebPage","@id":"https:\/\/www.minios.sk\/cs\/produkt\/slany-balicek-2\/","url":"https:\/\/www.minios.sk\/cs\/produkt\/slany-balicek-2\/","name":"Slan\u00fd bal\u00ed\u010dek 40 ks Miniosek &#8211; MinioS","isPartOf":{"@id":"https:\/\/www.minios.sk\/cs\/#website"},"datePublished":"2024-11-25T14:50:41+00:00","dateModified":"2025-10-31T17:48:35+00:00","breadcrumb":{"@id":"https:\/\/www.minios.sk\/cs\/produkt\/slany-balicek-2\/#breadcrumb"},"inLanguage":"cs","potentialAction":[{"@type":"ReadAction","target":["https:\/\/www.minios.sk\/cs\/produkt\/slany-balicek-2\/"]}]},{"@type":"BreadcrumbList","@id":"https:\/\/www.minios.sk\/cs\/produkt\/slany-balicek-2\/#breadcrumb","itemListElement":[{"@type":"ListItem","position":1,"name":"Domovsk\u00e1 str\u00e1nka","item":"https:\/\/www.minios.sk\/cs\/"},{"@type":"ListItem","position":2,"name":"Produkty","item":"https:\/\/www.minios.sk\/cs\/shop\/"},{"@type":"ListItem","position":3,"name":"Slan\u00fd bal\u00ed\u010dek 40 ks Miniosek"}]},{"@type":"WebSite","@id":"https:\/\/www.minios.sk\/cs\/#website","url":"https:\/\/www.minios.sk\/cs\/","name":"MinioS","description":"Chrumnite si viac!","publisher":{"@id":"https:\/\/www.minios.sk\/cs\/#organization"},"potentialAction":[{"@type":"SearchAction","target":{"@type":"EntryPoint","urlTemplate":"https:\/\/www.minios.sk\/cs\/?s={search_term_string}"},"query-input":"required name=search_term_string"}],"inLanguage":"cs"},{"@type":"Organization","@id":"https:\/\/www.minios.sk\/cs\/#organization","name":"MinioS, s.r.o","url":"https:\/\/www.minios.sk\/cs\/","logo":{"@type":"ImageObject","inLanguage":"cs","@id":"https:\/\/www.minios.sk\/cs\/#\/schema\/logo\/image\/","url":"https:\/\/www.minios.sk\/wp-content\/uploads\/2020\/08\/S.png","contentUrl":"https:\/\/www.minios.sk\/wp-content\/uploads\/2020\/08\/S.png","width":1000,"height":1000,"caption":"MinioS, s.r.o"},"image":{"@id":"https:\/\/www.minios.sk\/cs\/#\/schema\/logo\/image\/"}}]}},"_links":{"self":[{"href":"https:\/\/www.minios.sk\/cs\/wp-json\/wp\/v2\/product\/2852","targetHints":{"allow":["GET"]}}],"collection":[{"href":"https:\/\/www.minios.sk\/cs\/wp-json\/wp\/v2\/product"}],"about":[{"href":"https:\/\/www.minios.sk\/cs\/wp-json\/wp\/v2\/types\/product"}],"replies":[{"embeddable":true,"href":"https:\/\/www.minios.sk\/cs\/wp-json\/wp\/v2\/comments?post=2852"}],"wp:featuredmedia":[{"embeddable":true,"href":"https:\/\/www.minios.sk\/cs\/wp-json\/wp\/v2\/media\/2734"}],"wp:attachment":[{"href":"https:\/\/www.minios.sk\/cs\/wp-json\/wp\/v2\/media?parent=2852"}],"wp:term":[{"taxonomy":"product_brand","embeddable":true,"href":"https:\/\/www.minios.sk\/cs\/wp-json\/wp\/v2\/product_brand?post=2852"},{"taxonomy":"product_cat","embeddable":true,"href":"https:\/\/www.minios.sk\/cs\/wp-json\/wp\/v2\/product_cat?post=2852"},{"taxonomy":"product_tag","embeddable":true,"href":"https:\/\/www.minios.sk\/cs\/wp-json\/wp\/v2\/product_tag?post=2852"}],"curies":[{"name":"wp","href":"https:\/\/api.w.org\/{rel}","templated":true}]}}