{"id":2844,"date":"2025-04-24T12:41:21","date_gmt":"2025-04-24T10:41:21","guid":{"rendered":"https:\/\/www.minios.sk\/produkt\/karton-baby-kasicka-dyne-svestka-a-jablko\/"},"modified":"2025-04-24T12:41:21","modified_gmt":"2025-04-24T10:41:21","slug":"karton-baby-kasicka-dyne-svestka-a-jablko","status":"publish","type":"product","link":"https:\/\/www.minios.sk\/cs\/produkt\/karton-baby-kasicka-dyne-svestka-a-jablko\/","title":{"rendered":"Karton BABY Ka\u0161i\u010dka D\u00ddN\u011a \u0160VESTKA A JABLKO"},"content":{"rendered":"<p>&nbsp;<\/p>\n<p>&nbsp;<\/p>\n<p>&nbsp;<\/p>\n<p>&nbsp;<\/p>\n<table style=\"font-size: 14.4px;\" width=\"650\">\n<tbody>\n<tr>\n<td width=\"320\"><strong>Obsah d\u011btsk\u00e9ho balen\u00ed Minios<\/strong><\/td>\n<td width=\"110\"><strong>Po\u010det kus\u016f<\/strong><\/td>\n<\/tr>\n<tr>\n<td><a href=\"https:\/\/www.minios.sk\/cs\/?post_type=product&#038;p=2114\" target=\"_blank\" rel=\"noopener\">D\u011btsk\u00e1 kuku\u0159i\u010dno-p\u0161eni\u010dn\u00e1 ka\u0161e z d\u00fdn\u011b, \u0161vestek a jablek<\/a><\/td>\n<td>18<\/td>\n<\/tr>\n<\/tbody>\n<\/table>\n<p>&nbsp;<\/p>\n","protected":false},"excerpt":{"rendered":"<p>&nbsp; &nbsp; &nbsp; &nbsp; Obsah d\u011btsk\u00e9ho balen\u00ed Minios Po\u010det kus\u016f D\u011btsk\u00e1 kuku\u0159i\u010dno-p\u0161eni\u010dn\u00e1 ka\u0161e z d\u00fdn\u011b, \u0161vestek a jablek 18 &nbsp;<\/p>\n","protected":false},"featured_media":2078,"comment_status":"open","ping_status":"closed","template":"","meta":{"_acf_changed":false},"product_brand":[],"product_cat":[109,110],"product_tag":[173],"class_list":{"0":"post-2844","1":"product","2":"type-product","3":"status-publish","4":"has-post-thumbnail","6":"product_cat-baby-cs-2","7":"product_cat-baby-kasicka","8":"product_tag-velkoobchod-cs","10":"first","11":"outofstock","12":"taxable","13":"shipping-taxable","14":"purchasable","15":"product-type-simple"},"acf":[],"yoast_head":"<!-- This site is optimized with the Yoast SEO plugin v21.2 - https:\/\/yoast.com\/wordpress\/plugins\/seo\/ -->\n<title>Karton BABY Ka\u0161i\u010dka D\u00ddN\u011a \u0160VESTKA A JABLKO &#8211; MinioS<\/title>\n<meta name=\"robots\" content=\"index, follow, max-snippet:-1, max-image-preview:large, max-video-preview:-1\" \/>\n<link rel=\"canonical\" href=\"https:\/\/www.minios.sk\/cs\/produkt\/karton-baby-kasicka-dyne-svestka-a-jablko\/\" \/>\n<meta property=\"og:locale\" content=\"cs_CZ\" \/>\n<meta property=\"og:type\" content=\"article\" \/>\n<meta property=\"og:title\" content=\"Karton BABY Ka\u0161i\u010dka D\u00ddN\u011a \u0160VESTKA A JABLKO &#8211; MinioS\" \/>\n<meta property=\"og:description\" content=\"&nbsp; &nbsp; &nbsp; &nbsp; Obsah d\u011btsk\u00e9ho balen\u00ed Minios Po\u010det kus\u016f D\u011btsk\u00e1 kuku\u0159i\u010dno-p\u0161eni\u010dn\u00e1 ka\u0161e z d\u00fdn\u011b, \u0161vestek a jablek 18 &nbsp;\" \/>\n<meta property=\"og:url\" content=\"https:\/\/www.minios.sk\/cs\/produkt\/karton-baby-kasicka-dyne-svestka-a-jablko\/\" \/>\n<meta property=\"og:site_name\" content=\"MinioS\" \/>\n<meta property=\"og:image\" content=\"https:\/\/www.minios.sk\/wp-content\/uploads\/2025\/03\/ochutnavkovy-balicek-1024x1024.png\" \/>\n\t<meta property=\"og:image:width\" content=\"1024\" \/>\n\t<meta property=\"og:image:height\" content=\"1024\" \/>\n\t<meta property=\"og:image:type\" content=\"image\/png\" \/>\n<meta name=\"twitter:card\" content=\"summary_large_image\" \/>\n<script type=\"application\/ld+json\" class=\"yoast-schema-graph\">{\"@context\":\"https:\/\/schema.org\",\"@graph\":[{\"@type\":\"WebPage\",\"@id\":\"https:\/\/www.minios.sk\/cs\/produkt\/karton-baby-kasicka-dyne-svestka-a-jablko\/\",\"url\":\"https:\/\/www.minios.sk\/cs\/produkt\/karton-baby-kasicka-dyne-svestka-a-jablko\/\",\"name\":\"Karton BABY Ka\u0161i\u010dka D\u00ddN\u011a \u0160VESTKA A JABLKO &#8211; MinioS\",\"isPartOf\":{\"@id\":\"https:\/\/www.minios.sk\/cs\/#website\"},\"datePublished\":\"2025-04-24T10:41:21+00:00\",\"dateModified\":\"2025-04-24T10:41:21+00:00\",\"breadcrumb\":{\"@id\":\"https:\/\/www.minios.sk\/cs\/produkt\/karton-baby-kasicka-dyne-svestka-a-jablko\/#breadcrumb\"},\"inLanguage\":\"cs\",\"potentialAction\":[{\"@type\":\"ReadAction\",\"target\":[\"https:\/\/www.minios.sk\/cs\/produkt\/karton-baby-kasicka-dyne-svestka-a-jablko\/\"]}]},{\"@type\":\"BreadcrumbList\",\"@id\":\"https:\/\/www.minios.sk\/cs\/produkt\/karton-baby-kasicka-dyne-svestka-a-jablko\/#breadcrumb\",\"itemListElement\":[{\"@type\":\"ListItem\",\"position\":1,\"name\":\"Domovsk\u00e1 str\u00e1nka\",\"item\":\"https:\/\/www.minios.sk\/cs\/\"},{\"@type\":\"ListItem\",\"position\":2,\"name\":\"Produkty\",\"item\":\"https:\/\/www.minios.sk\/cs\/shop\/\"},{\"@type\":\"ListItem\",\"position\":3,\"name\":\"Karton BABY Ka\u0161i\u010dka D\u00ddN\u011a \u0160VESTKA A JABLKO\"}]},{\"@type\":\"WebSite\",\"@id\":\"https:\/\/www.minios.sk\/cs\/#website\",\"url\":\"https:\/\/www.minios.sk\/cs\/\",\"name\":\"MinioS\",\"description\":\"Chrumnite si viac!\",\"publisher\":{\"@id\":\"https:\/\/www.minios.sk\/cs\/#organization\"},\"potentialAction\":[{\"@type\":\"SearchAction\",\"target\":{\"@type\":\"EntryPoint\",\"urlTemplate\":\"https:\/\/www.minios.sk\/cs\/?s={search_term_string}\"},\"query-input\":\"required name=search_term_string\"}],\"inLanguage\":\"cs\"},{\"@type\":\"Organization\",\"@id\":\"https:\/\/www.minios.sk\/cs\/#organization\",\"name\":\"MinioS, s.r.o\",\"url\":\"https:\/\/www.minios.sk\/cs\/\",\"logo\":{\"@type\":\"ImageObject\",\"inLanguage\":\"cs\",\"@id\":\"https:\/\/www.minios.sk\/cs\/#\/schema\/logo\/image\/\",\"url\":\"https:\/\/www.minios.sk\/wp-content\/uploads\/2020\/08\/S.png\",\"contentUrl\":\"https:\/\/www.minios.sk\/wp-content\/uploads\/2020\/08\/S.png\",\"width\":1000,\"height\":1000,\"caption\":\"MinioS, s.r.o\"},\"image\":{\"@id\":\"https:\/\/www.minios.sk\/cs\/#\/schema\/logo\/image\/\"}}]}<\/script>\n<!-- \/ Yoast SEO plugin. -->","yoast_head_json":{"title":"Karton BABY Ka\u0161i\u010dka D\u00ddN\u011a \u0160VESTKA A JABLKO &#8211; MinioS","robots":{"index":"index","follow":"follow","max-snippet":"max-snippet:-1","max-image-preview":"max-image-preview:large","max-video-preview":"max-video-preview:-1"},"canonical":"https:\/\/www.minios.sk\/cs\/produkt\/karton-baby-kasicka-dyne-svestka-a-jablko\/","og_locale":"cs_CZ","og_type":"article","og_title":"Karton BABY Ka\u0161i\u010dka D\u00ddN\u011a \u0160VESTKA A JABLKO &#8211; MinioS","og_description":"&nbsp; &nbsp; &nbsp; &nbsp; Obsah d\u011btsk\u00e9ho balen\u00ed Minios Po\u010det kus\u016f D\u011btsk\u00e1 kuku\u0159i\u010dno-p\u0161eni\u010dn\u00e1 ka\u0161e z d\u00fdn\u011b, \u0161vestek a jablek 18 &nbsp;","og_url":"https:\/\/www.minios.sk\/cs\/produkt\/karton-baby-kasicka-dyne-svestka-a-jablko\/","og_site_name":"MinioS","og_image":[{"width":1024,"height":1024,"url":"https:\/\/www.minios.sk\/wp-content\/uploads\/2025\/03\/ochutnavkovy-balicek-1024x1024.png","type":"image\/png"}],"twitter_card":"summary_large_image","schema":{"@context":"https:\/\/schema.org","@graph":[{"@type":"WebPage","@id":"https:\/\/www.minios.sk\/cs\/produkt\/karton-baby-kasicka-dyne-svestka-a-jablko\/","url":"https:\/\/www.minios.sk\/cs\/produkt\/karton-baby-kasicka-dyne-svestka-a-jablko\/","name":"Karton BABY Ka\u0161i\u010dka D\u00ddN\u011a \u0160VESTKA A JABLKO &#8211; MinioS","isPartOf":{"@id":"https:\/\/www.minios.sk\/cs\/#website"},"datePublished":"2025-04-24T10:41:21+00:00","dateModified":"2025-04-24T10:41:21+00:00","breadcrumb":{"@id":"https:\/\/www.minios.sk\/cs\/produkt\/karton-baby-kasicka-dyne-svestka-a-jablko\/#breadcrumb"},"inLanguage":"cs","potentialAction":[{"@type":"ReadAction","target":["https:\/\/www.minios.sk\/cs\/produkt\/karton-baby-kasicka-dyne-svestka-a-jablko\/"]}]},{"@type":"BreadcrumbList","@id":"https:\/\/www.minios.sk\/cs\/produkt\/karton-baby-kasicka-dyne-svestka-a-jablko\/#breadcrumb","itemListElement":[{"@type":"ListItem","position":1,"name":"Domovsk\u00e1 str\u00e1nka","item":"https:\/\/www.minios.sk\/cs\/"},{"@type":"ListItem","position":2,"name":"Produkty","item":"https:\/\/www.minios.sk\/cs\/shop\/"},{"@type":"ListItem","position":3,"name":"Karton BABY Ka\u0161i\u010dka D\u00ddN\u011a \u0160VESTKA A JABLKO"}]},{"@type":"WebSite","@id":"https:\/\/www.minios.sk\/cs\/#website","url":"https:\/\/www.minios.sk\/cs\/","name":"MinioS","description":"Chrumnite si viac!","publisher":{"@id":"https:\/\/www.minios.sk\/cs\/#organization"},"potentialAction":[{"@type":"SearchAction","target":{"@type":"EntryPoint","urlTemplate":"https:\/\/www.minios.sk\/cs\/?s={search_term_string}"},"query-input":"required name=search_term_string"}],"inLanguage":"cs"},{"@type":"Organization","@id":"https:\/\/www.minios.sk\/cs\/#organization","name":"MinioS, s.r.o","url":"https:\/\/www.minios.sk\/cs\/","logo":{"@type":"ImageObject","inLanguage":"cs","@id":"https:\/\/www.minios.sk\/cs\/#\/schema\/logo\/image\/","url":"https:\/\/www.minios.sk\/wp-content\/uploads\/2020\/08\/S.png","contentUrl":"https:\/\/www.minios.sk\/wp-content\/uploads\/2020\/08\/S.png","width":1000,"height":1000,"caption":"MinioS, s.r.o"},"image":{"@id":"https:\/\/www.minios.sk\/cs\/#\/schema\/logo\/image\/"}}]}},"_links":{"self":[{"href":"https:\/\/www.minios.sk\/cs\/wp-json\/wp\/v2\/product\/2844","targetHints":{"allow":["GET"]}}],"collection":[{"href":"https:\/\/www.minios.sk\/cs\/wp-json\/wp\/v2\/product"}],"about":[{"href":"https:\/\/www.minios.sk\/cs\/wp-json\/wp\/v2\/types\/product"}],"replies":[{"embeddable":true,"href":"https:\/\/www.minios.sk\/cs\/wp-json\/wp\/v2\/comments?post=2844"}],"wp:featuredmedia":[{"embeddable":true,"href":"https:\/\/www.minios.sk\/cs\/wp-json\/wp\/v2\/media\/2078"}],"wp:attachment":[{"href":"https:\/\/www.minios.sk\/cs\/wp-json\/wp\/v2\/media?parent=2844"}],"wp:term":[{"taxonomy":"product_brand","embeddable":true,"href":"https:\/\/www.minios.sk\/cs\/wp-json\/wp\/v2\/product_brand?post=2844"},{"taxonomy":"product_cat","embeddable":true,"href":"https:\/\/www.minios.sk\/cs\/wp-json\/wp\/v2\/product_cat?post=2844"},{"taxonomy":"product_tag","embeddable":true,"href":"https:\/\/www.minios.sk\/cs\/wp-json\/wp\/v2\/product_tag?post=2844"}],"curies":[{"name":"wp","href":"https:\/\/api.w.org\/{rel}","templated":true}]}}