{"id":2840,"date":"2025-04-24T13:29:02","date_gmt":"2025-04-24T11:29:02","guid":{"rendered":"https:\/\/www.minios.sk\/produkt\/karton-miniosky-syrovy-snack\/"},"modified":"2025-04-24T13:29:02","modified_gmt":"2025-04-24T11:29:02","slug":"karton-miniosky-syrovy-snack","status":"publish","type":"product","link":"https:\/\/www.minios.sk\/cs\/produkt\/karton-miniosky-syrovy-snack\/","title":{"rendered":"Karton Miniosky S\u00ddROV\u00dd SNACK"},"content":{"rendered":"<p>&nbsp;<\/p>\n<p>&nbsp;<\/p>\n<p>&nbsp;<\/p>\n<p>&nbsp;<\/p>\n<table style=\"font-size: 14.4px;\" width=\"650\">\n<tbody>\n<tr>\n<td width=\"320\"><strong>Obsah d\u011btsk\u00e9ho balen\u00ed Minios<\/strong><\/td>\n<td width=\"110\"><strong>Po\u010det kus\u016f<\/strong><\/td>\n<\/tr>\n<tr>\n<td><a href=\"https:\/\/www.minios.sk\/cs\/produkt\/miniosky-kukuricne-krupky-syrovy-snack\/\" target=\"_blank\" rel=\"noopener\">Miniosky kuku\u0159i\u010dn\u00fd k\u0159upav\u00fd s\u00fdrov\u00fd snack<\/a><\/td>\n<td>25<\/td>\n<\/tr>\n<\/tbody>\n<\/table>\n<p>&nbsp;<\/p>\n","protected":false},"excerpt":{"rendered":"<p>&nbsp; &nbsp; &nbsp; &nbsp; Obsah d\u011btsk\u00e9ho balen\u00ed Minios Po\u010det kus\u016f Miniosky kuku\u0159i\u010dn\u00fd k\u0159upav\u00fd s\u00fdrov\u00fd snack 25 &nbsp;<\/p>\n","protected":false},"featured_media":2187,"comment_status":"open","ping_status":"closed","template":"","meta":{"_acf_changed":false},"product_brand":[],"product_cat":[130,117,119],"product_tag":[173],"class_list":{"0":"post-2840","1":"product","2":"type-product","3":"status-publish","4":"has-post-thumbnail","6":"product_cat-kukuricne-cs-2","7":"product_cat-slane-cs","8":"product_cat-syrovy-snack-cs","9":"product_tag-velkoobchod-cs","11":"first","12":"instock","13":"taxable","14":"shipping-taxable","15":"purchasable","16":"product-type-simple"},"acf":[],"yoast_head":"<!-- This site is optimized with the Yoast SEO plugin v21.2 - https:\/\/yoast.com\/wordpress\/plugins\/seo\/ -->\n<title>Karton Miniosky S\u00ddROV\u00dd SNACK &#8211; MinioS<\/title>\n<meta name=\"robots\" content=\"index, follow, max-snippet:-1, max-image-preview:large, max-video-preview:-1\" \/>\n<link rel=\"canonical\" href=\"https:\/\/www.minios.sk\/cs\/produkt\/karton-miniosky-syrovy-snack\/\" \/>\n<meta property=\"og:locale\" content=\"cs_CZ\" \/>\n<meta property=\"og:type\" content=\"article\" \/>\n<meta property=\"og:title\" content=\"Karton Miniosky S\u00ddROV\u00dd SNACK &#8211; MinioS\" \/>\n<meta property=\"og:description\" content=\"&nbsp; &nbsp; &nbsp; &nbsp; Obsah d\u011btsk\u00e9ho balen\u00ed Minios Po\u010det kus\u016f Miniosky kuku\u0159i\u010dn\u00fd k\u0159upav\u00fd s\u00fdrov\u00fd snack 25 &nbsp;\" \/>\n<meta property=\"og:url\" content=\"https:\/\/www.minios.sk\/cs\/produkt\/karton-miniosky-syrovy-snack\/\" \/>\n<meta property=\"og:site_name\" content=\"MinioS\" \/>\n<meta property=\"og:image\" content=\"https:\/\/www.minios.sk\/wp-content\/uploads\/2025\/04\/SYROVY-SNACK-1024x1024.png\" \/>\n\t<meta property=\"og:image:width\" content=\"1024\" \/>\n\t<meta property=\"og:image:height\" content=\"1024\" \/>\n\t<meta property=\"og:image:type\" content=\"image\/png\" \/>\n<meta name=\"twitter:card\" content=\"summary_large_image\" \/>\n<script type=\"application\/ld+json\" class=\"yoast-schema-graph\">{\"@context\":\"https:\/\/schema.org\",\"@graph\":[{\"@type\":\"WebPage\",\"@id\":\"https:\/\/www.minios.sk\/cs\/produkt\/karton-miniosky-syrovy-snack\/\",\"url\":\"https:\/\/www.minios.sk\/cs\/produkt\/karton-miniosky-syrovy-snack\/\",\"name\":\"Karton Miniosky S\u00ddROV\u00dd SNACK &#8211; MinioS\",\"isPartOf\":{\"@id\":\"https:\/\/www.minios.sk\/cs\/#website\"},\"datePublished\":\"2025-04-24T11:29:02+00:00\",\"dateModified\":\"2025-04-24T11:29:02+00:00\",\"breadcrumb\":{\"@id\":\"https:\/\/www.minios.sk\/cs\/produkt\/karton-miniosky-syrovy-snack\/#breadcrumb\"},\"inLanguage\":\"cs\",\"potentialAction\":[{\"@type\":\"ReadAction\",\"target\":[\"https:\/\/www.minios.sk\/cs\/produkt\/karton-miniosky-syrovy-snack\/\"]}]},{\"@type\":\"BreadcrumbList\",\"@id\":\"https:\/\/www.minios.sk\/cs\/produkt\/karton-miniosky-syrovy-snack\/#breadcrumb\",\"itemListElement\":[{\"@type\":\"ListItem\",\"position\":1,\"name\":\"Domovsk\u00e1 str\u00e1nka\",\"item\":\"https:\/\/www.minios.sk\/cs\/\"},{\"@type\":\"ListItem\",\"position\":2,\"name\":\"Produkty\",\"item\":\"https:\/\/www.minios.sk\/cs\/shop\/\"},{\"@type\":\"ListItem\",\"position\":3,\"name\":\"Karton Miniosky S\u00ddROV\u00dd SNACK\"}]},{\"@type\":\"WebSite\",\"@id\":\"https:\/\/www.minios.sk\/cs\/#website\",\"url\":\"https:\/\/www.minios.sk\/cs\/\",\"name\":\"MinioS\",\"description\":\"Chrumnite si viac!\",\"publisher\":{\"@id\":\"https:\/\/www.minios.sk\/cs\/#organization\"},\"potentialAction\":[{\"@type\":\"SearchAction\",\"target\":{\"@type\":\"EntryPoint\",\"urlTemplate\":\"https:\/\/www.minios.sk\/cs\/?s={search_term_string}\"},\"query-input\":\"required name=search_term_string\"}],\"inLanguage\":\"cs\"},{\"@type\":\"Organization\",\"@id\":\"https:\/\/www.minios.sk\/cs\/#organization\",\"name\":\"MinioS, s.r.o\",\"url\":\"https:\/\/www.minios.sk\/cs\/\",\"logo\":{\"@type\":\"ImageObject\",\"inLanguage\":\"cs\",\"@id\":\"https:\/\/www.minios.sk\/cs\/#\/schema\/logo\/image\/\",\"url\":\"https:\/\/www.minios.sk\/wp-content\/uploads\/2020\/08\/S.png\",\"contentUrl\":\"https:\/\/www.minios.sk\/wp-content\/uploads\/2020\/08\/S.png\",\"width\":1000,\"height\":1000,\"caption\":\"MinioS, s.r.o\"},\"image\":{\"@id\":\"https:\/\/www.minios.sk\/cs\/#\/schema\/logo\/image\/\"}}]}<\/script>\n<!-- \/ Yoast SEO plugin. -->","yoast_head_json":{"title":"Karton Miniosky S\u00ddROV\u00dd SNACK &#8211; MinioS","robots":{"index":"index","follow":"follow","max-snippet":"max-snippet:-1","max-image-preview":"max-image-preview:large","max-video-preview":"max-video-preview:-1"},"canonical":"https:\/\/www.minios.sk\/cs\/produkt\/karton-miniosky-syrovy-snack\/","og_locale":"cs_CZ","og_type":"article","og_title":"Karton Miniosky S\u00ddROV\u00dd SNACK &#8211; MinioS","og_description":"&nbsp; &nbsp; &nbsp; &nbsp; Obsah d\u011btsk\u00e9ho balen\u00ed Minios Po\u010det kus\u016f Miniosky kuku\u0159i\u010dn\u00fd k\u0159upav\u00fd s\u00fdrov\u00fd snack 25 &nbsp;","og_url":"https:\/\/www.minios.sk\/cs\/produkt\/karton-miniosky-syrovy-snack\/","og_site_name":"MinioS","og_image":[{"width":1024,"height":1024,"url":"https:\/\/www.minios.sk\/wp-content\/uploads\/2025\/04\/SYROVY-SNACK-1024x1024.png","type":"image\/png"}],"twitter_card":"summary_large_image","schema":{"@context":"https:\/\/schema.org","@graph":[{"@type":"WebPage","@id":"https:\/\/www.minios.sk\/cs\/produkt\/karton-miniosky-syrovy-snack\/","url":"https:\/\/www.minios.sk\/cs\/produkt\/karton-miniosky-syrovy-snack\/","name":"Karton Miniosky S\u00ddROV\u00dd SNACK &#8211; MinioS","isPartOf":{"@id":"https:\/\/www.minios.sk\/cs\/#website"},"datePublished":"2025-04-24T11:29:02+00:00","dateModified":"2025-04-24T11:29:02+00:00","breadcrumb":{"@id":"https:\/\/www.minios.sk\/cs\/produkt\/karton-miniosky-syrovy-snack\/#breadcrumb"},"inLanguage":"cs","potentialAction":[{"@type":"ReadAction","target":["https:\/\/www.minios.sk\/cs\/produkt\/karton-miniosky-syrovy-snack\/"]}]},{"@type":"BreadcrumbList","@id":"https:\/\/www.minios.sk\/cs\/produkt\/karton-miniosky-syrovy-snack\/#breadcrumb","itemListElement":[{"@type":"ListItem","position":1,"name":"Domovsk\u00e1 str\u00e1nka","item":"https:\/\/www.minios.sk\/cs\/"},{"@type":"ListItem","position":2,"name":"Produkty","item":"https:\/\/www.minios.sk\/cs\/shop\/"},{"@type":"ListItem","position":3,"name":"Karton Miniosky S\u00ddROV\u00dd SNACK"}]},{"@type":"WebSite","@id":"https:\/\/www.minios.sk\/cs\/#website","url":"https:\/\/www.minios.sk\/cs\/","name":"MinioS","description":"Chrumnite si viac!","publisher":{"@id":"https:\/\/www.minios.sk\/cs\/#organization"},"potentialAction":[{"@type":"SearchAction","target":{"@type":"EntryPoint","urlTemplate":"https:\/\/www.minios.sk\/cs\/?s={search_term_string}"},"query-input":"required name=search_term_string"}],"inLanguage":"cs"},{"@type":"Organization","@id":"https:\/\/www.minios.sk\/cs\/#organization","name":"MinioS, s.r.o","url":"https:\/\/www.minios.sk\/cs\/","logo":{"@type":"ImageObject","inLanguage":"cs","@id":"https:\/\/www.minios.sk\/cs\/#\/schema\/logo\/image\/","url":"https:\/\/www.minios.sk\/wp-content\/uploads\/2020\/08\/S.png","contentUrl":"https:\/\/www.minios.sk\/wp-content\/uploads\/2020\/08\/S.png","width":1000,"height":1000,"caption":"MinioS, s.r.o"},"image":{"@id":"https:\/\/www.minios.sk\/cs\/#\/schema\/logo\/image\/"}}]}},"_links":{"self":[{"href":"https:\/\/www.minios.sk\/cs\/wp-json\/wp\/v2\/product\/2840","targetHints":{"allow":["GET"]}}],"collection":[{"href":"https:\/\/www.minios.sk\/cs\/wp-json\/wp\/v2\/product"}],"about":[{"href":"https:\/\/www.minios.sk\/cs\/wp-json\/wp\/v2\/types\/product"}],"replies":[{"embeddable":true,"href":"https:\/\/www.minios.sk\/cs\/wp-json\/wp\/v2\/comments?post=2840"}],"wp:featuredmedia":[{"embeddable":true,"href":"https:\/\/www.minios.sk\/cs\/wp-json\/wp\/v2\/media\/2187"}],"wp:attachment":[{"href":"https:\/\/www.minios.sk\/cs\/wp-json\/wp\/v2\/media?parent=2840"}],"wp:term":[{"taxonomy":"product_brand","embeddable":true,"href":"https:\/\/www.minios.sk\/cs\/wp-json\/wp\/v2\/product_brand?post=2840"},{"taxonomy":"product_cat","embeddable":true,"href":"https:\/\/www.minios.sk\/cs\/wp-json\/wp\/v2\/product_cat?post=2840"},{"taxonomy":"product_tag","embeddable":true,"href":"https:\/\/www.minios.sk\/cs\/wp-json\/wp\/v2\/product_tag?post=2840"}],"curies":[{"name":"wp","href":"https:\/\/api.w.org\/{rel}","templated":true}]}}