{"id":2831,"date":"2025-04-24T14:58:29","date_gmt":"2025-04-24T12:58:29","guid":{"rendered":"https:\/\/www.minios.sk\/produkt\/kartonove-miniosky-amarant\/"},"modified":"2025-10-31T17:00:57","modified_gmt":"2025-10-31T16:00:57","slug":"karton-miniosky-amarant","status":"publish","type":"product","link":"https:\/\/www.minios.sk\/cs\/produkt\/karton-miniosky-amarant\/","title":{"rendered":"Karton Miniosky AMARANT"},"content":{"rendered":"<p>&nbsp;<\/p>\n<p>&nbsp;<\/p>\n<p>&nbsp;<\/p>\n<p>&nbsp;<\/p>\n<table style=\"font-size: 14.4px;\" width=\"650\">\n<tbody>\n<tr>\n<td width=\"320\"><strong>Obsah baby balen\u00ed Minios<\/strong><\/td>\n<td width=\"110\"><strong>Po\u010det kus\u016f<\/strong><\/td>\n<\/tr>\n<tr>\n<td><a href=\"https:\/\/www.minios.sk\/cs\/produkt\/miniosky-kukuricne-krupky-amarantove\/\" target=\"_blank\" rel=\"noopener\">Miniosky kuku\u0159i\u010dn\u00e9 k\u0159upky amarantov\u00e9<\/a><\/td>\n<td>30<\/td>\n<\/tr>\n<\/tbody>\n<\/table>\n<p>&nbsp;<\/p>\n","protected":false},"excerpt":{"rendered":"<p>&nbsp; &nbsp; &nbsp; &nbsp; Obsah baby balen\u00ed Minios Po\u010det kus\u016f Miniosky kuku\u0159i\u010dn\u00e9 k\u0159upky amarantov\u00e9 30 &nbsp;<\/p>\n","protected":false},"featured_media":2169,"comment_status":"open","ping_status":"closed","template":"","meta":{"_acf_changed":false},"product_brand":[],"product_cat":[130],"product_tag":[173],"class_list":{"0":"post-2831","1":"product","2":"type-product","3":"status-publish","4":"has-post-thumbnail","6":"product_cat-kukuricne-cs-2","7":"product_tag-velkoobchod-cs","9":"first","10":"instock","11":"taxable","12":"shipping-taxable","13":"purchasable","14":"product-type-simple"},"acf":[],"yoast_head":"<!-- This site is optimized with the Yoast SEO plugin v27.5 - https:\/\/yoast.com\/product\/yoast-seo-wordpress\/ -->\n<title>Karton Miniosky AMARANT &#8211; MinioS<\/title>\n<meta name=\"robots\" content=\"index, follow, max-snippet:-1, max-image-preview:large, max-video-preview:-1\" \/>\n<link rel=\"canonical\" href=\"https:\/\/www.minios.sk\/cs\/produkt\/karton-miniosky-amarant\/\" \/>\n<meta property=\"og:locale\" content=\"cs_CZ\" \/>\n<meta property=\"og:type\" content=\"article\" \/>\n<meta property=\"og:title\" content=\"Karton Miniosky AMARANT &#8211; MinioS\" \/>\n<meta property=\"og:description\" content=\"&nbsp; &nbsp; &nbsp; &nbsp; Obsah baby balen\u00ed Minios Po\u010det kus\u016f Miniosky kuku\u0159i\u010dn\u00e9 k\u0159upky amarantov\u00e9 30 &nbsp;\" \/>\n<meta property=\"og:url\" content=\"https:\/\/www.minios.sk\/cs\/produkt\/karton-miniosky-amarant\/\" \/>\n<meta property=\"og:site_name\" content=\"MinioS\" \/>\n<meta property=\"article:modified_time\" content=\"2025-10-31T16:00:57+00:00\" \/>\n<meta property=\"og:image\" content=\"https:\/\/www.minios.sk\/wp-content\/uploads\/2025\/04\/AMARANTOVE-1024x1024.png\" \/>\n\t<meta property=\"og:image:width\" content=\"1024\" \/>\n\t<meta property=\"og:image:height\" content=\"1024\" \/>\n\t<meta property=\"og:image:type\" content=\"image\/png\" \/>\n<meta name=\"twitter:card\" content=\"summary_large_image\" \/>\n<script type=\"application\/ld+json\" class=\"yoast-schema-graph\">{\"@context\":\"https:\\\/\\\/schema.org\",\"@graph\":[{\"@type\":\"WebPage\",\"@id\":\"https:\\\/\\\/www.minios.sk\\\/cs\\\/produkt\\\/karton-miniosky-amarant\\\/\",\"url\":\"https:\\\/\\\/www.minios.sk\\\/cs\\\/produkt\\\/karton-miniosky-amarant\\\/\",\"name\":\"Karton Miniosky AMARANT &#8211; MinioS\",\"isPartOf\":{\"@id\":\"https:\\\/\\\/www.minios.sk\\\/cs\\\/#website\"},\"primaryImageOfPage\":{\"@id\":\"https:\\\/\\\/www.minios.sk\\\/cs\\\/produkt\\\/karton-miniosky-amarant\\\/#primaryimage\"},\"image\":{\"@id\":\"https:\\\/\\\/www.minios.sk\\\/cs\\\/produkt\\\/karton-miniosky-amarant\\\/#primaryimage\"},\"thumbnailUrl\":\"https:\\\/\\\/www.minios.sk\\\/wp-content\\\/uploads\\\/2025\\\/04\\\/AMARANTOVE.png\",\"datePublished\":\"2025-04-24T12:58:29+00:00\",\"dateModified\":\"2025-10-31T16:00:57+00:00\",\"breadcrumb\":{\"@id\":\"https:\\\/\\\/www.minios.sk\\\/cs\\\/produkt\\\/karton-miniosky-amarant\\\/#breadcrumb\"},\"inLanguage\":\"cs\",\"potentialAction\":[{\"@type\":\"ReadAction\",\"target\":[\"https:\\\/\\\/www.minios.sk\\\/cs\\\/produkt\\\/karton-miniosky-amarant\\\/\"]}]},{\"@type\":\"ImageObject\",\"inLanguage\":\"cs\",\"@id\":\"https:\\\/\\\/www.minios.sk\\\/cs\\\/produkt\\\/karton-miniosky-amarant\\\/#primaryimage\",\"url\":\"https:\\\/\\\/www.minios.sk\\\/wp-content\\\/uploads\\\/2025\\\/04\\\/AMARANTOVE.png\",\"contentUrl\":\"https:\\\/\\\/www.minios.sk\\\/wp-content\\\/uploads\\\/2025\\\/04\\\/AMARANTOVE.png\",\"width\":3936,\"height\":3936},{\"@type\":\"BreadcrumbList\",\"@id\":\"https:\\\/\\\/www.minios.sk\\\/cs\\\/produkt\\\/karton-miniosky-amarant\\\/#breadcrumb\",\"itemListElement\":[{\"@type\":\"ListItem\",\"position\":1,\"name\":\"Domovsk\u00e1 str\u00e1nka\",\"item\":\"https:\\\/\\\/www.minios.sk\\\/cs\\\/\"},{\"@type\":\"ListItem\",\"position\":2,\"name\":\"Produkty\",\"item\":\"https:\\\/\\\/www.minios.sk\\\/cs\\\/shop\\\/\"},{\"@type\":\"ListItem\",\"position\":3,\"name\":\"Karton Miniosky AMARANT\"}]},{\"@type\":\"WebSite\",\"@id\":\"https:\\\/\\\/www.minios.sk\\\/cs\\\/#website\",\"url\":\"https:\\\/\\\/www.minios.sk\\\/cs\\\/\",\"name\":\"MinioS\",\"description\":\"Chrumnite si viac!\",\"publisher\":{\"@id\":\"https:\\\/\\\/www.minios.sk\\\/cs\\\/#organization\"},\"potentialAction\":[{\"@type\":\"SearchAction\",\"target\":{\"@type\":\"EntryPoint\",\"urlTemplate\":\"https:\\\/\\\/www.minios.sk\\\/cs\\\/?s={search_term_string}\"},\"query-input\":{\"@type\":\"PropertyValueSpecification\",\"valueRequired\":true,\"valueName\":\"search_term_string\"}}],\"inLanguage\":\"cs\"},{\"@type\":\"Organization\",\"@id\":\"https:\\\/\\\/www.minios.sk\\\/cs\\\/#organization\",\"name\":\"MinioS, s.r.o\",\"url\":\"https:\\\/\\\/www.minios.sk\\\/cs\\\/\",\"logo\":{\"@type\":\"ImageObject\",\"inLanguage\":\"cs\",\"@id\":\"https:\\\/\\\/www.minios.sk\\\/cs\\\/#\\\/schema\\\/logo\\\/image\\\/\",\"url\":\"https:\\\/\\\/www.minios.sk\\\/wp-content\\\/uploads\\\/2020\\\/08\\\/S.png\",\"contentUrl\":\"https:\\\/\\\/www.minios.sk\\\/wp-content\\\/uploads\\\/2020\\\/08\\\/S.png\",\"width\":1000,\"height\":1000,\"caption\":\"MinioS, s.r.o\"},\"image\":{\"@id\":\"https:\\\/\\\/www.minios.sk\\\/cs\\\/#\\\/schema\\\/logo\\\/image\\\/\"}}]}<\/script>\n<!-- \/ Yoast SEO plugin. -->","yoast_head_json":{"title":"Karton Miniosky AMARANT &#8211; MinioS","robots":{"index":"index","follow":"follow","max-snippet":"max-snippet:-1","max-image-preview":"max-image-preview:large","max-video-preview":"max-video-preview:-1"},"canonical":"https:\/\/www.minios.sk\/cs\/produkt\/karton-miniosky-amarant\/","og_locale":"cs_CZ","og_type":"article","og_title":"Karton Miniosky AMARANT &#8211; MinioS","og_description":"&nbsp; &nbsp; &nbsp; &nbsp; Obsah baby balen\u00ed Minios Po\u010det kus\u016f Miniosky kuku\u0159i\u010dn\u00e9 k\u0159upky amarantov\u00e9 30 &nbsp;","og_url":"https:\/\/www.minios.sk\/cs\/produkt\/karton-miniosky-amarant\/","og_site_name":"MinioS","article_modified_time":"2025-10-31T16:00:57+00:00","og_image":[{"width":1024,"height":1024,"url":"https:\/\/www.minios.sk\/wp-content\/uploads\/2025\/04\/AMARANTOVE-1024x1024.png","type":"image\/png"}],"twitter_card":"summary_large_image","schema":{"@context":"https:\/\/schema.org","@graph":[{"@type":"WebPage","@id":"https:\/\/www.minios.sk\/cs\/produkt\/karton-miniosky-amarant\/","url":"https:\/\/www.minios.sk\/cs\/produkt\/karton-miniosky-amarant\/","name":"Karton Miniosky AMARANT &#8211; MinioS","isPartOf":{"@id":"https:\/\/www.minios.sk\/cs\/#website"},"primaryImageOfPage":{"@id":"https:\/\/www.minios.sk\/cs\/produkt\/karton-miniosky-amarant\/#primaryimage"},"image":{"@id":"https:\/\/www.minios.sk\/cs\/produkt\/karton-miniosky-amarant\/#primaryimage"},"thumbnailUrl":"https:\/\/www.minios.sk\/wp-content\/uploads\/2025\/04\/AMARANTOVE.png","datePublished":"2025-04-24T12:58:29+00:00","dateModified":"2025-10-31T16:00:57+00:00","breadcrumb":{"@id":"https:\/\/www.minios.sk\/cs\/produkt\/karton-miniosky-amarant\/#breadcrumb"},"inLanguage":"cs","potentialAction":[{"@type":"ReadAction","target":["https:\/\/www.minios.sk\/cs\/produkt\/karton-miniosky-amarant\/"]}]},{"@type":"ImageObject","inLanguage":"cs","@id":"https:\/\/www.minios.sk\/cs\/produkt\/karton-miniosky-amarant\/#primaryimage","url":"https:\/\/www.minios.sk\/wp-content\/uploads\/2025\/04\/AMARANTOVE.png","contentUrl":"https:\/\/www.minios.sk\/wp-content\/uploads\/2025\/04\/AMARANTOVE.png","width":3936,"height":3936},{"@type":"BreadcrumbList","@id":"https:\/\/www.minios.sk\/cs\/produkt\/karton-miniosky-amarant\/#breadcrumb","itemListElement":[{"@type":"ListItem","position":1,"name":"Domovsk\u00e1 str\u00e1nka","item":"https:\/\/www.minios.sk\/cs\/"},{"@type":"ListItem","position":2,"name":"Produkty","item":"https:\/\/www.minios.sk\/cs\/shop\/"},{"@type":"ListItem","position":3,"name":"Karton Miniosky AMARANT"}]},{"@type":"WebSite","@id":"https:\/\/www.minios.sk\/cs\/#website","url":"https:\/\/www.minios.sk\/cs\/","name":"MinioS","description":"Chrumnite si viac!","publisher":{"@id":"https:\/\/www.minios.sk\/cs\/#organization"},"potentialAction":[{"@type":"SearchAction","target":{"@type":"EntryPoint","urlTemplate":"https:\/\/www.minios.sk\/cs\/?s={search_term_string}"},"query-input":{"@type":"PropertyValueSpecification","valueRequired":true,"valueName":"search_term_string"}}],"inLanguage":"cs"},{"@type":"Organization","@id":"https:\/\/www.minios.sk\/cs\/#organization","name":"MinioS, s.r.o","url":"https:\/\/www.minios.sk\/cs\/","logo":{"@type":"ImageObject","inLanguage":"cs","@id":"https:\/\/www.minios.sk\/cs\/#\/schema\/logo\/image\/","url":"https:\/\/www.minios.sk\/wp-content\/uploads\/2020\/08\/S.png","contentUrl":"https:\/\/www.minios.sk\/wp-content\/uploads\/2020\/08\/S.png","width":1000,"height":1000,"caption":"MinioS, s.r.o"},"image":{"@id":"https:\/\/www.minios.sk\/cs\/#\/schema\/logo\/image\/"}}]}},"_links":{"self":[{"href":"https:\/\/www.minios.sk\/cs\/wp-json\/wp\/v2\/product\/2831","targetHints":{"allow":["GET"]}}],"collection":[{"href":"https:\/\/www.minios.sk\/cs\/wp-json\/wp\/v2\/product"}],"about":[{"href":"https:\/\/www.minios.sk\/cs\/wp-json\/wp\/v2\/types\/product"}],"replies":[{"embeddable":true,"href":"https:\/\/www.minios.sk\/cs\/wp-json\/wp\/v2\/comments?post=2831"}],"wp:featuredmedia":[{"embeddable":true,"href":"https:\/\/www.minios.sk\/cs\/wp-json\/wp\/v2\/media\/2169"}],"wp:attachment":[{"href":"https:\/\/www.minios.sk\/cs\/wp-json\/wp\/v2\/media?parent=2831"}],"wp:term":[{"taxonomy":"product_brand","embeddable":true,"href":"https:\/\/www.minios.sk\/cs\/wp-json\/wp\/v2\/product_brand?post=2831"},{"taxonomy":"product_cat","embeddable":true,"href":"https:\/\/www.minios.sk\/cs\/wp-json\/wp\/v2\/product_cat?post=2831"},{"taxonomy":"product_tag","embeddable":true,"href":"https:\/\/www.minios.sk\/cs\/wp-json\/wp\/v2\/product_tag?post=2831"}],"curies":[{"name":"wp","href":"https:\/\/api.w.org\/{rel}","templated":true}]}}