{"id":2111,"date":"2025-04-24T12:34:50","date_gmt":"2025-04-24T10:34:50","guid":{"rendered":"https:\/\/www.minios.sk\/?post_type=product&#038;p=2111"},"modified":"2025-10-08T15:33:16","modified_gmt":"2025-10-08T13:33:16","slug":"miniosky-kukuricne-krupky-s-cervenou-repou-a-jablkem","status":"publish","type":"product","link":"https:\/\/www.minios.sk\/cs\/produkt\/miniosky-kukuricne-krupky-s-cervenou-repou-a-jablkem\/","title":{"rendered":"Miniosky kuku\u0159i\u010dn\u00e9 k\u0159upky s \u010dervenou \u0159epou a jablkem"},"content":{"rendered":"[<div class=\"row\"  id=\"row-1885810326\">\n\n\t<div id=\"col-1727861287\" class=\"col medium-3 small-6 large-3\"  >\n\t\t\t\t<div class=\"col-inner text-center\"  >\n\t\t\t\n\t\t\t\n\n\t\t<div class=\"icon-box featured-box vyhody icon-box-center text-center is-small\"  >\n\t\t\t\t\t<div class=\"icon-box-img\" style=\"width: 50px\">\n\t\t\t\t<div class=\"icon\">\n\t\t\t\t\t<div class=\"icon-inner\" style=\"color:rgb(129, 188, 48);\">\n\t\t\t\t\t\t<img decoding=\"async\" width=\"1\" height=\"1\" src=\"https:\/\/www.minios.sk\/wp-content\/uploads\/2022\/11\/green-icon-veganske.svg\" class=\"attachment-medium size-medium\" alt=\"\" \/>\t\t\t\t\t<\/div>\n\t\t\t\t<\/div>\n\t\t\t<\/div>\n\t\t\t\t<div class=\"icon-box-text last-reset\">\n\t\t\t<h5 class=\"uppercase\">Vegansk\u00e9<\/h5>\t\t\t\t\t\t\n\t\t<\/div>\n\t<\/div>\n\t\n\t\n\t\t<\/div>\n\t\t\t\t\t<\/div>\n\n\t\n\n\t<div id=\"col-1339456505\" class=\"col medium-3 small-6 large-3\"  >\n\t\t\t\t<div class=\"col-inner text-center\"  >\n\t\t\t\n\t\t\t\n\n\t\t<div class=\"icon-box featured-box vyhody icon-box-center text-center is-small\"  >\n\t\t\t\t\t<div class=\"icon-box-img\" style=\"width: 50px\">\n\t\t\t\t<div class=\"icon\">\n\t\t\t\t\t<div class=\"icon-inner\" style=\"color:rgb(129, 188, 48);\">\n\t\t\t\t\t\t<img decoding=\"async\" width=\"1\" height=\"1\" src=\"https:\/\/www.minios.sk\/wp-content\/uploads\/2022\/11\/green-icon-prirodne-zlozenie.svg\" class=\"attachment-medium size-medium\" alt=\"\" \/>\t\t\t\t\t<\/div>\n\t\t\t\t<\/div>\n\t\t\t<\/div>\n\t\t\t\t<div class=\"icon-box-text last-reset\">\n\t\t\t<h5 class=\"uppercase\">P\u0159\u00edrodn\u00ed slo\u017een\u00ed<\/h5>\t\t\t\t\t\t\n\t\t<\/div>\n\t<\/div>\n\t\n\t\n\t\t<\/div>\n\t\t\t\t\t<\/div>\n\n\t\n\n\t<div id=\"col-508575626\" class=\"col medium-3 small-6 large-3\"  >\n\t\t\t\t<div class=\"col-inner text-center\"  >\n\t\t\t\n\t\t\t\n\n\t\t<div class=\"icon-box featured-box vyhody icon-box-center text-center is-small\"  >\n\t\t\t\t\t<div class=\"icon-box-img\" style=\"width: 50px\">\n\t\t\t\t<div class=\"icon\">\n\t\t\t\t\t<div class=\"icon-inner\" style=\"color:rgb(129, 188, 48);\">\n\t\t\t\t\t\t<img decoding=\"async\" width=\"1\" height=\"1\" src=\"https:\/\/www.minios.sk\/wp-content\/uploads\/2022\/11\/green-icon-bez-lepku.svg\" class=\"attachment-medium size-medium\" alt=\"\" \/>\t\t\t\t\t<\/div>\n\t\t\t\t<\/div>\n\t\t\t<\/div>\n\t\t\t\t<div class=\"icon-box-text last-reset\">\n\t\t\t<h5 class=\"uppercase\">Bez lepku<\/h5>\t\t\t\t\t\t\n\t\t<\/div>\n\t<\/div>\n\t\n\t\n\t\t<\/div>\n\t\t\t\t\t<\/div>\n\n\t\n\n\t<div id=\"col-1708562026\" class=\"col medium-3 small-6 large-3\"  >\n\t\t\t\t<div class=\"col-inner text-center\"  >\n\t\t\t\n\t\t\t\n\n\t\t<div class=\"icon-box featured-box vyhody icon-box-center text-center is-small\"  >\n\t\t\t\t\t<div class=\"icon-box-img\" style=\"width: 50px\">\n\t\t\t\t<div class=\"icon\">\n\t\t\t\t\t<div class=\"icon-inner\" style=\"color:rgb(129, 188, 48);\">\n\t\t\t\t\t\t<img loading=\"lazy\" decoding=\"async\" width=\"1\" height=\"1\" src=\"https:\/\/www.minios.sk\/wp-content\/uploads\/2022\/11\/green-icon-bez-konzervantov.svg\" class=\"attachment-medium size-medium\" alt=\"\" \/>\t\t\t\t\t<\/div>\n\t\t\t\t<\/div>\n\t\t\t<\/div>\n\t\t\t\t<div class=\"icon-box-text last-reset\">\n\t\t\t<h5 class=\"uppercase\">Bez konzervant\u016f<\/h5>\t\t\t\t\t\t\n\t\t<\/div>\n\t<\/div>\n\t\n\t\n\t\t<\/div>\n\t\t\t\t\t<\/div>\n\n\t\n\n\t<div id=\"col-1865009193\" class=\"col medium-3 small-6 large-3\"  >\n\t\t\t\t<div class=\"col-inner text-center\"  >\n\t\t\t\n\t\t\t\n\n\t\t<div class=\"icon-box featured-box vyhody icon-box-center text-center is-small\"  >\n\t\t\t\t\t<div class=\"icon-box-img\" style=\"width: 50px\">\n\t\t\t\t<div class=\"icon\">\n\t\t\t\t\t<div class=\"icon-inner\" style=\"color:rgb(129, 188, 48);\">\n\t\t\t\t\t\t<img loading=\"lazy\" decoding=\"async\" width=\"1\" height=\"1\" src=\"https:\/\/www.minios.sk\/wp-content\/uploads\/2022\/11\/green-icon-bez-gmo.svg\" class=\"attachment-medium size-medium\" alt=\"\" \/>\t\t\t\t\t<\/div>\n\t\t\t\t<\/div>\n\t\t\t<\/div>\n\t\t\t\t<div class=\"icon-box-text last-reset\">\n\t\t\t<h5 class=\"uppercase\">Bez GMO<\/h5>\t\t\t\t\t\t\n\t\t<\/div>\n\t<\/div>\n\t\n\t\n\t\t<\/div>\n\t\t\t\t\t<\/div>\n\n\t\n\n\t<div id=\"col-1984247098\" class=\"col medium-3 small-6 large-3\"  >\n\t\t\t\t<div class=\"col-inner text-center\"  >\n\t\t\t\n\t\t\t\n\n\t\t<div class=\"icon-box featured-box vyhody icon-box-center text-center is-small\"  >\n\t\t\t\t\t<div class=\"icon-box-img\" style=\"width: 50px\">\n\t\t\t\t<div class=\"icon\">\n\t\t\t\t\t<div class=\"icon-inner\" style=\"color:rgb(129, 188, 48);\">\n\t\t\t\t\t\t<img loading=\"lazy\" decoding=\"async\" width=\"1\" height=\"1\" src=\"https:\/\/www.minios.sk\/wp-content\/uploads\/2022\/11\/green-icon-menej-cukru.svg\" class=\"attachment-medium size-medium\" alt=\"\" \/>\t\t\t\t\t<\/div>\n\t\t\t\t<\/div>\n\t\t\t<\/div>\n\t\t\t\t<div class=\"icon-box-text last-reset\">\n\t\t\t<h5 class=\"uppercase\">M\u00e9n\u011b cukru<\/h5>\t\t\t\t\t\t\n\t\t<\/div>\n\t<\/div>\n\t\n\t\n\t\t<\/div>\n\t\t\t\t\t<\/div>\n\n\t\n\n\t<div id=\"col-1305286847\" class=\"col medium-3 small-6 large-3\"  >\n\t\t\t\t<div class=\"col-inner text-center\"  >\n\t\t\t\n\t\t\t\n\n\t\t<div class=\"icon-box featured-box vyhody icon-box-center text-center is-small\"  >\n\t\t\t\t\t<div class=\"icon-box-img\" style=\"width: 50px\">\n\t\t\t\t<div class=\"icon\">\n\t\t\t\t\t<div class=\"icon-inner\" style=\"color:rgb(129, 188, 48);\">\n\t\t\t\t\t\t<img loading=\"lazy\" decoding=\"async\" width=\"1\" height=\"1\" src=\"https:\/\/www.minios.sk\/wp-content\/uploads\/2022\/11\/green-icon-bez-farbiv.svg\" class=\"attachment-medium size-medium\" alt=\"\" \/>\t\t\t\t\t<\/div>\n\t\t\t\t<\/div>\n\t\t\t<\/div>\n\t\t\t\t<div class=\"icon-box-text last-reset\">\n\t\t\t<h5 class=\"uppercase\">Bez barviv<\/h5>\t\t\t\t\t\t\n\t\t<\/div>\n\t<\/div>\n\t\n\t\n\t\t<\/div>\n\t\t\t\t\t<\/div>\n\n\t\n\n\t<div id=\"col-1563300309\" class=\"col medium-3 small-6 large-3\"  >\n\t\t\t\t<div class=\"col-inner text-center\"  >\n\t\t\t\n\t\t\t\n\n\t\t<div class=\"icon-box featured-box vyhody icon-box-center text-center is-small\"  >\n\t\t\t\t\t<div class=\"icon-box-img\" style=\"width: 50px\">\n\t\t\t\t<div class=\"icon\">\n\t\t\t\t\t<div class=\"icon-inner\" style=\"color:rgb(129, 188, 48);\">\n\t\t\t\t\t\t<img loading=\"lazy\" decoding=\"async\" width=\"1\" height=\"1\" src=\"https:\/\/www.minios.sk\/wp-content\/uploads\/2022\/11\/green-icon-baby-produkt.svg\" class=\"attachment-medium size-medium\" alt=\"\" \/>\t\t\t\t\t<\/div>\n\t\t\t\t<\/div>\n\t\t\t<\/div>\n\t\t\t\t<div class=\"icon-box-text last-reset\">\n\t\t\t<h5 class=\"uppercase\">Baby produkt<\/h5>\t\t\t\t\t\t\n\t\t<\/div>\n\t<\/div>\n\t\n\t\n\t\t<\/div>\n\t\t\t\t\t<\/div>\n\n\t\n<\/div>\n<p><strong>Extrudovan\u00fd v\u00fdrobek<\/strong><\/p>\n<p><strong>Slo\u017een\u00ed:<\/strong> kuku\u0159i\u010dn\u00e1 krupice 60 %, p\u0161enice 20 %,<br \/>\nsu\u0161en\u00e1 \u010derven\u00e1 \u0159epa 11 %, su\u0161en\u00e9 jablko 9 %.Obsah soli<br \/>\nje zp\u016fsoben v\u00fdhradn\u011b p\u0159\u00edtomnost\u00ed<br \/>\np\u0159irozen\u011b se vyskytuj\u00edc\u00edho sod\u00edku. Bezlepkov\u00fd v\u00fdrobek<br \/>\n. Obsah lepku 20 mg\/kg.<\/p>\n<p>Zem\u011b p\u016fvodu z\u00e1kladn\u00ed suroviny\/kuku\u0159i\u010dn\u00e1 krupice\/:EU<\/p>\n<p><strong>V\u00fd\u017eivov\u00e9 \u00fadaje ve 100g:<\/strong><\/p>\n<p>Energie: 1600kJ\/377 kcal<\/p>\n<p>Tuk: 2,55 g, z toho nasycen\u00e9 mastn\u00e9 kyseliny: 0,38 g<\/p>\n<p>Sacharidy: 81,58 g, z toho &#8211; cukry &lt; 8,7 g.<\/p>\n<p>B\u00edlkoviny: 7,03 g<\/p>\n<p>S\u016fl: 0,15 g<\/p>\n<p>S\u016fl v potravin\u011b obsa\u017een\u00e1 v\u00fdlu\u010dn\u011b v d\u016fsledku v\u00fdskytu p\u0159irozen\u00e9ho v\u00fdskytu sod\u00edku.<\/p>\n<p>Jedn\u00e1 se o p\u0159\u00edrodn\u00ed surovinu, hodnoty podl\u00e9haj\u00ed p\u0159\u00edrodn\u00edm zm\u011bn\u00e1m.<\/p>\n<p>Chra\u0148te p\u0159ed teplem a vlhkem<\/p>\n<p><strong>Hmotnost:<\/strong> 40g<\/p>\n","protected":false},"excerpt":{"rendered":"[ Extrudovan\u00fd v\u00fdrobek Slo\u017een\u00ed: kuku\u0159i\u010dn\u00e1 krupice 60 %, p\u0161enice 20 %, su\u0161en\u00e1 \u010derven\u00e1 \u0159epa 11 %, su\u0161en\u00e9 jablko 9 %.Obsah soli je zp\u016fsoben v\u00fdhradn\u011b p\u0159\u00edtomnost\u00ed p\u0159irozen\u011b se vyskytuj\u00edc\u00edho sod\u00edku. Bezlepkov\u00fd v\u00fdrobek . Obsah lepku 20 mg\/kg. Zem\u011b p\u016fvodu z\u00e1kladn\u00ed suroviny\/kuku\u0159i\u010dn\u00e1 krupice\/:EU V\u00fd\u017eivov\u00e9 \u00fadaje ve 100g: Energie: 1600kJ\/377 kcal Tuk: 2,55 g, z toho nasycen\u00e9 mastn\u00e9 [&#8230;]\n","protected":false},"featured_media":2295,"comment_status":"open","ping_status":"closed","template":"","meta":{"_acf_changed":false},"product_brand":[],"product_cat":[109,111,130,122],"product_tag":[],"class_list":{"0":"post-2111","1":"product","2":"type-product","3":"status-publish","4":"has-post-thumbnail","6":"product_cat-baby-cs-2","7":"product_cat-baby-krupky","8":"product_cat-kukuricne-cs-2","9":"product_cat-neochutene-cs","11":"first","12":"instock","13":"taxable","14":"shipping-taxable","15":"purchasable","16":"product-type-simple"},"acf":[],"yoast_head":"<!-- This site is optimized with the Yoast SEO plugin v21.2 - https:\/\/yoast.com\/wordpress\/plugins\/seo\/ -->\n<title>Miniosky kuku\u0159i\u010dn\u00e9 k\u0159upky s \u010dervenou \u0159epou a jablkem &#8211; MinioS<\/title>\n<meta name=\"robots\" content=\"index, follow, max-snippet:-1, max-image-preview:large, max-video-preview:-1\" \/>\n<link rel=\"canonical\" href=\"https:\/\/www.minios.sk\/cs\/produkt\/miniosky-kukuricne-krupky-s-cervenou-repou-a-jablkem\/\" \/>\n<meta property=\"og:locale\" content=\"cs_CZ\" \/>\n<meta property=\"og:type\" content=\"article\" \/>\n<meta property=\"og:title\" content=\"Miniosky kuku\u0159i\u010dn\u00e9 k\u0159upky s \u010dervenou \u0159epou a jablkem &#8211; MinioS\" \/>\n<meta property=\"og:description\" content=\"[ Extrudovan\u00fd v\u00fdrobek Slo\u017een\u00ed: kuku\u0159i\u010dn\u00e1 krupice 60 %, p\u0161enice 20 %, su\u0161en\u00e1 \u010derven\u00e1 \u0159epa 11 %, su\u0161en\u00e9 jablko 9 %.Obsah soli je zp\u016fsoben v\u00fdhradn\u011b p\u0159\u00edtomnost\u00ed p\u0159irozen\u011b se vyskytuj\u00edc\u00edho sod\u00edku. Bezlepkov\u00fd v\u00fdrobek . Obsah lepku 20 mg\/kg. Zem\u011b p\u016fvodu z\u00e1kladn\u00ed suroviny\/kuku\u0159i\u010dn\u00e1 krupice\/:EU V\u00fd\u017eivov\u00e9 \u00fadaje ve 100g: Energie: 1600kJ\/377 kcal Tuk: 2,55 g, z toho nasycen\u00e9 mastn\u00e9 [...]\" \/>\n<meta property=\"og:url\" content=\"https:\/\/www.minios.sk\/cs\/produkt\/miniosky-kukuricne-krupky-s-cervenou-repou-a-jablkem\/\" \/>\n<meta property=\"og:site_name\" content=\"MinioS\" \/>\n<meta property=\"article:modified_time\" content=\"2025-10-08T13:33:16+00:00\" \/>\n<meta property=\"og:image\" content=\"https:\/\/www.minios.sk\/wp-content\/uploads\/2025\/04\/CERVENA-REPA-A-JABLKO.webp\" \/>\n\t<meta property=\"og:image:width\" content=\"2018\" \/>\n\t<meta property=\"og:image:height\" content=\"2048\" \/>\n\t<meta property=\"og:image:type\" content=\"image\/webp\" \/>\n<meta name=\"twitter:card\" content=\"summary_large_image\" \/>\n<meta name=\"twitter:label1\" content=\"Odhadovan\u00e1 doba \u010dten\u00ed\" \/>\n\t<meta name=\"twitter:data1\" content=\"2 minuty\" \/>\n<script type=\"application\/ld+json\" class=\"yoast-schema-graph\">{\"@context\":\"https:\/\/schema.org\",\"@graph\":[{\"@type\":\"WebPage\",\"@id\":\"https:\/\/www.minios.sk\/cs\/produkt\/miniosky-kukuricne-krupky-s-cervenou-repou-a-jablkem\/\",\"url\":\"https:\/\/www.minios.sk\/cs\/produkt\/miniosky-kukuricne-krupky-s-cervenou-repou-a-jablkem\/\",\"name\":\"Miniosky kuku\u0159i\u010dn\u00e9 k\u0159upky s \u010dervenou \u0159epou a jablkem &#8211; MinioS\",\"isPartOf\":{\"@id\":\"https:\/\/www.minios.sk\/cs\/#website\"},\"datePublished\":\"2025-04-24T10:34:50+00:00\",\"dateModified\":\"2025-10-08T13:33:16+00:00\",\"breadcrumb\":{\"@id\":\"https:\/\/www.minios.sk\/cs\/produkt\/miniosky-kukuricne-krupky-s-cervenou-repou-a-jablkem\/#breadcrumb\"},\"inLanguage\":\"cs\",\"potentialAction\":[{\"@type\":\"ReadAction\",\"target\":[\"https:\/\/www.minios.sk\/cs\/produkt\/miniosky-kukuricne-krupky-s-cervenou-repou-a-jablkem\/\"]}]},{\"@type\":\"BreadcrumbList\",\"@id\":\"https:\/\/www.minios.sk\/cs\/produkt\/miniosky-kukuricne-krupky-s-cervenou-repou-a-jablkem\/#breadcrumb\",\"itemListElement\":[{\"@type\":\"ListItem\",\"position\":1,\"name\":\"Domovsk\u00e1 str\u00e1nka\",\"item\":\"https:\/\/www.minios.sk\/cs\/\"},{\"@type\":\"ListItem\",\"position\":2,\"name\":\"Produkty\",\"item\":\"https:\/\/www.minios.sk\/cs\/shop\/\"},{\"@type\":\"ListItem\",\"position\":3,\"name\":\"Miniosky kuku\u0159i\u010dn\u00e9 k\u0159upky s \u010dervenou \u0159epou a jablkem\"}]},{\"@type\":\"WebSite\",\"@id\":\"https:\/\/www.minios.sk\/cs\/#website\",\"url\":\"https:\/\/www.minios.sk\/cs\/\",\"name\":\"MinioS\",\"description\":\"Chrumnite si viac!\",\"publisher\":{\"@id\":\"https:\/\/www.minios.sk\/cs\/#organization\"},\"potentialAction\":[{\"@type\":\"SearchAction\",\"target\":{\"@type\":\"EntryPoint\",\"urlTemplate\":\"https:\/\/www.minios.sk\/cs\/?s={search_term_string}\"},\"query-input\":\"required name=search_term_string\"}],\"inLanguage\":\"cs\"},{\"@type\":\"Organization\",\"@id\":\"https:\/\/www.minios.sk\/cs\/#organization\",\"name\":\"MinioS, s.r.o\",\"url\":\"https:\/\/www.minios.sk\/cs\/\",\"logo\":{\"@type\":\"ImageObject\",\"inLanguage\":\"cs\",\"@id\":\"https:\/\/www.minios.sk\/cs\/#\/schema\/logo\/image\/\",\"url\":\"https:\/\/www.minios.sk\/wp-content\/uploads\/2020\/08\/S.png\",\"contentUrl\":\"https:\/\/www.minios.sk\/wp-content\/uploads\/2020\/08\/S.png\",\"width\":1000,\"height\":1000,\"caption\":\"MinioS, s.r.o\"},\"image\":{\"@id\":\"https:\/\/www.minios.sk\/cs\/#\/schema\/logo\/image\/\"}}]}<\/script>\n<!-- \/ Yoast SEO plugin. -->","yoast_head_json":{"title":"Miniosky kuku\u0159i\u010dn\u00e9 k\u0159upky s \u010dervenou \u0159epou a jablkem &#8211; MinioS","robots":{"index":"index","follow":"follow","max-snippet":"max-snippet:-1","max-image-preview":"max-image-preview:large","max-video-preview":"max-video-preview:-1"},"canonical":"https:\/\/www.minios.sk\/cs\/produkt\/miniosky-kukuricne-krupky-s-cervenou-repou-a-jablkem\/","og_locale":"cs_CZ","og_type":"article","og_title":"Miniosky kuku\u0159i\u010dn\u00e9 k\u0159upky s \u010dervenou \u0159epou a jablkem &#8211; MinioS","og_description":"[ Extrudovan\u00fd v\u00fdrobek Slo\u017een\u00ed: kuku\u0159i\u010dn\u00e1 krupice 60 %, p\u0161enice 20 %, su\u0161en\u00e1 \u010derven\u00e1 \u0159epa 11 %, su\u0161en\u00e9 jablko 9 %.Obsah soli je zp\u016fsoben v\u00fdhradn\u011b p\u0159\u00edtomnost\u00ed p\u0159irozen\u011b se vyskytuj\u00edc\u00edho sod\u00edku. Bezlepkov\u00fd v\u00fdrobek . Obsah lepku 20 mg\/kg. Zem\u011b p\u016fvodu z\u00e1kladn\u00ed suroviny\/kuku\u0159i\u010dn\u00e1 krupice\/:EU V\u00fd\u017eivov\u00e9 \u00fadaje ve 100g: Energie: 1600kJ\/377 kcal Tuk: 2,55 g, z toho nasycen\u00e9 mastn\u00e9 [...]","og_url":"https:\/\/www.minios.sk\/cs\/produkt\/miniosky-kukuricne-krupky-s-cervenou-repou-a-jablkem\/","og_site_name":"MinioS","article_modified_time":"2025-10-08T13:33:16+00:00","og_image":[{"width":2018,"height":2048,"url":"https:\/\/www.minios.sk\/wp-content\/uploads\/2025\/04\/CERVENA-REPA-A-JABLKO.webp","type":"image\/webp"}],"twitter_card":"summary_large_image","twitter_misc":{"Odhadovan\u00e1 doba \u010dten\u00ed":"2 minuty"},"schema":{"@context":"https:\/\/schema.org","@graph":[{"@type":"WebPage","@id":"https:\/\/www.minios.sk\/cs\/produkt\/miniosky-kukuricne-krupky-s-cervenou-repou-a-jablkem\/","url":"https:\/\/www.minios.sk\/cs\/produkt\/miniosky-kukuricne-krupky-s-cervenou-repou-a-jablkem\/","name":"Miniosky kuku\u0159i\u010dn\u00e9 k\u0159upky s \u010dervenou \u0159epou a jablkem &#8211; MinioS","isPartOf":{"@id":"https:\/\/www.minios.sk\/cs\/#website"},"datePublished":"2025-04-24T10:34:50+00:00","dateModified":"2025-10-08T13:33:16+00:00","breadcrumb":{"@id":"https:\/\/www.minios.sk\/cs\/produkt\/miniosky-kukuricne-krupky-s-cervenou-repou-a-jablkem\/#breadcrumb"},"inLanguage":"cs","potentialAction":[{"@type":"ReadAction","target":["https:\/\/www.minios.sk\/cs\/produkt\/miniosky-kukuricne-krupky-s-cervenou-repou-a-jablkem\/"]}]},{"@type":"BreadcrumbList","@id":"https:\/\/www.minios.sk\/cs\/produkt\/miniosky-kukuricne-krupky-s-cervenou-repou-a-jablkem\/#breadcrumb","itemListElement":[{"@type":"ListItem","position":1,"name":"Domovsk\u00e1 str\u00e1nka","item":"https:\/\/www.minios.sk\/cs\/"},{"@type":"ListItem","position":2,"name":"Produkty","item":"https:\/\/www.minios.sk\/cs\/shop\/"},{"@type":"ListItem","position":3,"name":"Miniosky kuku\u0159i\u010dn\u00e9 k\u0159upky s \u010dervenou \u0159epou a jablkem"}]},{"@type":"WebSite","@id":"https:\/\/www.minios.sk\/cs\/#website","url":"https:\/\/www.minios.sk\/cs\/","name":"MinioS","description":"Chrumnite si viac!","publisher":{"@id":"https:\/\/www.minios.sk\/cs\/#organization"},"potentialAction":[{"@type":"SearchAction","target":{"@type":"EntryPoint","urlTemplate":"https:\/\/www.minios.sk\/cs\/?s={search_term_string}"},"query-input":"required name=search_term_string"}],"inLanguage":"cs"},{"@type":"Organization","@id":"https:\/\/www.minios.sk\/cs\/#organization","name":"MinioS, s.r.o","url":"https:\/\/www.minios.sk\/cs\/","logo":{"@type":"ImageObject","inLanguage":"cs","@id":"https:\/\/www.minios.sk\/cs\/#\/schema\/logo\/image\/","url":"https:\/\/www.minios.sk\/wp-content\/uploads\/2020\/08\/S.png","contentUrl":"https:\/\/www.minios.sk\/wp-content\/uploads\/2020\/08\/S.png","width":1000,"height":1000,"caption":"MinioS, s.r.o"},"image":{"@id":"https:\/\/www.minios.sk\/cs\/#\/schema\/logo\/image\/"}}]}},"_links":{"self":[{"href":"https:\/\/www.minios.sk\/cs\/wp-json\/wp\/v2\/product\/2111","targetHints":{"allow":["GET"]}}],"collection":[{"href":"https:\/\/www.minios.sk\/cs\/wp-json\/wp\/v2\/product"}],"about":[{"href":"https:\/\/www.minios.sk\/cs\/wp-json\/wp\/v2\/types\/product"}],"replies":[{"embeddable":true,"href":"https:\/\/www.minios.sk\/cs\/wp-json\/wp\/v2\/comments?post=2111"}],"wp:featuredmedia":[{"embeddable":true,"href":"https:\/\/www.minios.sk\/cs\/wp-json\/wp\/v2\/media\/2295"}],"wp:attachment":[{"href":"https:\/\/www.minios.sk\/cs\/wp-json\/wp\/v2\/media?parent=2111"}],"wp:term":[{"taxonomy":"product_brand","embeddable":true,"href":"https:\/\/www.minios.sk\/cs\/wp-json\/wp\/v2\/product_brand?post=2111"},{"taxonomy":"product_cat","embeddable":true,"href":"https:\/\/www.minios.sk\/cs\/wp-json\/wp\/v2\/product_cat?post=2111"},{"taxonomy":"product_tag","embeddable":true,"href":"https:\/\/www.minios.sk\/cs\/wp-json\/wp\/v2\/product_tag?post=2111"}],"curies":[{"name":"wp","href":"https:\/\/api.w.org\/{rel}","templated":true}]}}