{"id":1513,"date":"2020-08-21T23:00:35","date_gmt":"2020-08-21T21:00:35","guid":{"rendered":"https:\/\/www.minios.sk\/produkt\/baby-kukuricne-jahlova-kase\/"},"modified":"2025-10-31T19:05:13","modified_gmt":"2025-10-31T18:05:13","slug":"baby-kukuricne-jahlova-kase","status":"publish","type":"product","link":"https:\/\/www.minios.sk\/cs\/produkt\/baby-kukuricne-jahlova-kase\/","title":{"rendered":"Baby kuku\u0159i\u010dn\u011b j\u00e1hlov\u00e1 ka\u0161e"},"content":{"rendered":"<div class=\"row\"  id=\"row-120567246\">\n\n\t<div id=\"col-955464799\" class=\"col medium-3 small-6 large-3\"  >\n\t\t\t\t<div class=\"col-inner text-center\"  >\n\t\t\t\n\t\t\t\n\n\t\t<div class=\"icon-box featured-box vyhody icon-box-center text-center is-small\"  >\n\t\t\t\t\t<div class=\"icon-box-img\" style=\"width: 50px\">\n\t\t\t\t<div class=\"icon\">\n\t\t\t\t\t<div class=\"icon-inner\" style=\"color:rgb(129, 188, 48);\">\n\t\t\t\t\t\t<img decoding=\"async\" width=\"1\" height=\"1\" src=\"https:\/\/www.minios.sk\/wp-content\/uploads\/2022\/11\/green-icon-veganske.svg\" class=\"attachment-medium size-medium\" alt=\"\" \/>\t\t\t\t\t<\/div>\n\t\t\t\t<\/div>\n\t\t\t<\/div>\n\t\t\t\t<div class=\"icon-box-text last-reset\">\n\t\t\t<h5 class=\"uppercase\">Vegansk\u00e9<\/h5>\t\t\t\t\t\t\n\t\t<\/div>\n\t<\/div>\n\t\n\t\n\t\t<\/div>\n\t\t\t\t\t<\/div>\n\n\t\n\n\t<div id=\"col-618755355\" class=\"col medium-3 small-6 large-3\"  >\n\t\t\t\t<div class=\"col-inner text-center\"  >\n\t\t\t\n\t\t\t\n\n\t\t<div class=\"icon-box featured-box vyhody icon-box-center text-center is-small\"  >\n\t\t\t\t\t<div class=\"icon-box-img\" style=\"width: 50px\">\n\t\t\t\t<div class=\"icon\">\n\t\t\t\t\t<div class=\"icon-inner\" style=\"color:rgb(129, 188, 48);\">\n\t\t\t\t\t\t<img decoding=\"async\" width=\"1\" height=\"1\" src=\"https:\/\/www.minios.sk\/wp-content\/uploads\/2022\/11\/green-icon-prirodne-zlozenie.svg\" class=\"attachment-medium size-medium\" alt=\"\" \/>\t\t\t\t\t<\/div>\n\t\t\t\t<\/div>\n\t\t\t<\/div>\n\t\t\t\t<div class=\"icon-box-text last-reset\">\n\t\t\t<h5 class=\"uppercase\">P\u0159\u00edrodn\u00ed slo\u017een\u00ed<\/h5>\t\t\t\t\t\t\n\t\t<\/div>\n\t<\/div>\n\t\n\t\n\t\t<\/div>\n\t\t\t\t\t<\/div>\n\n\t\n\n\t<div id=\"col-1014649446\" class=\"col medium-3 small-6 large-3\"  >\n\t\t\t\t<div class=\"col-inner text-center\"  >\n\t\t\t\n\t\t\t\n\n\t\t<div class=\"icon-box featured-box vyhody icon-box-center text-center is-small\"  >\n\t\t\t\t\t<div class=\"icon-box-img\" style=\"width: 50px\">\n\t\t\t\t<div class=\"icon\">\n\t\t\t\t\t<div class=\"icon-inner\" style=\"color:rgb(129, 188, 48);\">\n\t\t\t\t\t\t<img decoding=\"async\" width=\"1\" height=\"1\" src=\"https:\/\/www.minios.sk\/wp-content\/uploads\/2022\/11\/green-icon-bez-lepku.svg\" class=\"attachment-medium size-medium\" alt=\"\" \/>\t\t\t\t\t<\/div>\n\t\t\t\t<\/div>\n\t\t\t<\/div>\n\t\t\t\t<div class=\"icon-box-text last-reset\">\n\t\t\t<h5 class=\"uppercase\">Bez lepku<\/h5>\t\t\t\t\t\t\n\t\t<\/div>\n\t<\/div>\n\t\n\t\n\t\t<\/div>\n\t\t\t\t\t<\/div>\n\n\t\n\n\t<div id=\"col-564083085\" class=\"col medium-3 small-6 large-3\"  >\n\t\t\t\t<div class=\"col-inner text-center\"  >\n\t\t\t\n\t\t\t\n\n\t\t<div class=\"icon-box featured-box vyhody icon-box-center text-center is-small\"  >\n\t\t\t\t\t<div class=\"icon-box-img\" style=\"width: 50px\">\n\t\t\t\t<div class=\"icon\">\n\t\t\t\t\t<div class=\"icon-inner\" style=\"color:rgb(129, 188, 48);\">\n\t\t\t\t\t\t<img loading=\"lazy\" decoding=\"async\" width=\"1\" height=\"1\" src=\"https:\/\/www.minios.sk\/wp-content\/uploads\/2022\/11\/green-icon-bez-konzervantov.svg\" class=\"attachment-medium size-medium\" alt=\"\" \/>\t\t\t\t\t<\/div>\n\t\t\t\t<\/div>\n\t\t\t<\/div>\n\t\t\t\t<div class=\"icon-box-text last-reset\">\n\t\t\t<h5 class=\"uppercase\">Bez konzervant\u016f<\/h5>\t\t\t\t\t\t\n\t\t<\/div>\n\t<\/div>\n\t\n\t\n\t\t<\/div>\n\t\t\t\t\t<\/div>\n\n\t\n\n\t<div id=\"col-1908847036\" class=\"col medium-3 small-6 large-3\"  >\n\t\t\t\t<div class=\"col-inner text-center\"  >\n\t\t\t\n\t\t\t\n\n\t\t<div class=\"icon-box featured-box vyhody icon-box-center text-center is-small\"  >\n\t\t\t\t\t<div class=\"icon-box-img\" style=\"width: 50px\">\n\t\t\t\t<div class=\"icon\">\n\t\t\t\t\t<div class=\"icon-inner\" style=\"color:rgb(129, 188, 48);\">\n\t\t\t\t\t\t<img loading=\"lazy\" decoding=\"async\" width=\"1\" height=\"1\" src=\"https:\/\/www.minios.sk\/wp-content\/uploads\/2022\/11\/green-icon-bez-gmo.svg\" class=\"attachment-medium size-medium\" alt=\"\" \/>\t\t\t\t\t<\/div>\n\t\t\t\t<\/div>\n\t\t\t<\/div>\n\t\t\t\t<div class=\"icon-box-text last-reset\">\n\t\t\t<h5 class=\"uppercase\">Bez GMO<\/h5>\t\t\t\t\t\t\n\t\t<\/div>\n\t<\/div>\n\t\n\t\n\t\t<\/div>\n\t\t\t\t\t<\/div>\n\n\t\n\n\t<div id=\"col-1659173153\" class=\"col medium-3 small-6 large-3\"  >\n\t\t\t\t<div class=\"col-inner text-center\"  >\n\t\t\t\n\t\t\t\n\n\t\t<div class=\"icon-box featured-box vyhody icon-box-center text-center is-small\"  >\n\t\t\t\t\t<div class=\"icon-box-img\" style=\"width: 50px\">\n\t\t\t\t<div class=\"icon\">\n\t\t\t\t\t<div class=\"icon-inner\" style=\"color:rgb(129, 188, 48);\">\n\t\t\t\t\t\t<img loading=\"lazy\" decoding=\"async\" width=\"1\" height=\"1\" src=\"https:\/\/www.minios.sk\/wp-content\/uploads\/2022\/11\/green-icon-menej-cukru.svg\" class=\"attachment-medium size-medium\" alt=\"\" \/>\t\t\t\t\t<\/div>\n\t\t\t\t<\/div>\n\t\t\t<\/div>\n\t\t\t\t<div class=\"icon-box-text last-reset\">\n\t\t\t<h5 class=\"uppercase\">M\u00e9n\u011b cukru<\/h5>\t\t\t\t\t\t\n\t\t<\/div>\n\t<\/div>\n\t\n\t\n\t\t<\/div>\n\t\t\t\t\t<\/div>\n\n\t\n\n\t<div id=\"col-2099615614\" class=\"col medium-3 small-6 large-3\"  >\n\t\t\t\t<div class=\"col-inner text-center\"  >\n\t\t\t\n\t\t\t\n\n\t\t<div class=\"icon-box featured-box vyhody icon-box-center text-center is-small\"  >\n\t\t\t\t\t<div class=\"icon-box-img\" style=\"width: 50px\">\n\t\t\t\t<div class=\"icon\">\n\t\t\t\t\t<div class=\"icon-inner\" style=\"color:rgb(129, 188, 48);\">\n\t\t\t\t\t\t<img loading=\"lazy\" decoding=\"async\" width=\"1\" height=\"1\" src=\"https:\/\/www.minios.sk\/wp-content\/uploads\/2022\/11\/green-icon-bez-farbiv.svg\" class=\"attachment-medium size-medium\" alt=\"\" \/>\t\t\t\t\t<\/div>\n\t\t\t\t<\/div>\n\t\t\t<\/div>\n\t\t\t\t<div class=\"icon-box-text last-reset\">\n\t\t\t<h5 class=\"uppercase\">Bez barviv<\/h5>\t\t\t\t\t\t\n\t\t<\/div>\n\t<\/div>\n\t\n\t\n\t\t<\/div>\n\t\t\t\t\t<\/div>\n\n\t\n\n\t<div id=\"col-959349934\" class=\"col medium-3 small-6 large-3\"  >\n\t\t\t\t<div class=\"col-inner text-center\"  >\n\t\t\t\n\t\t\t\n\n\t\t<div class=\"icon-box featured-box vyhody icon-box-center text-center is-small\"  >\n\t\t\t\t\t<div class=\"icon-box-img\" style=\"width: 50px\">\n\t\t\t\t<div class=\"icon\">\n\t\t\t\t\t<div class=\"icon-inner\" style=\"color:rgb(129, 188, 48);\">\n\t\t\t\t\t\t<img loading=\"lazy\" decoding=\"async\" width=\"1\" height=\"1\" src=\"https:\/\/www.minios.sk\/wp-content\/uploads\/2022\/11\/green-icon-baby-produkt.svg\" class=\"attachment-medium size-medium\" alt=\"\" \/>\t\t\t\t\t<\/div>\n\t\t\t\t<\/div>\n\t\t\t<\/div>\n\t\t\t\t<div class=\"icon-box-text last-reset\">\n\t\t\t<h5 class=\"uppercase\">Baby produkt<\/h5>\t\t\t\t\t\t\n\t\t<\/div>\n\t<\/div>\n\t\n\t\n\t\t<\/div>\n\t\t\t\t\t<\/div>\n\n\t\n<\/div>\n<div><strong>kuku\u0159i\u010dn\u011b-j\u00e1hlov\u00e1 ka\u0161e se su\u0161enou \u0161vestkou a d\u00fdn\u00ed s p\u0159idan\u00fdm vitam\u00ednem B1<\/strong><\/div>\n<div><\/div>\n<div><strong>Extrudovan\u00fd v\u00fdrobek<\/strong><\/div>\n<div><\/div>\n<div>Slo\u017een\u00ed: extrudovan\u00e1 kuku\u0159i\u010dn\u011b-m\u011bnov\u00e1 dr\u0165 (kuku\u0159i\u010dn\u00e1 dr\u0165 58%, j\u00e1hlov\u00e1 dr\u0165 18%), su\u0161en\u00e9 \u0161vestky 12%, su\u0161en\u00e1 d\u00fdn\u011b 12%, Vitamin B1.<\/div>\n<div><\/div>\n<div>Energie: 1580kJ \/ 377kcal, Tuky 2,35g &#8211; z toho nasycen\u00e9 mastn\u00e9 kyseliny 0,29g, Sacharidy 79g &#8211; z toho cukry 7,7g, B\u00edlkoviny 6,19g, Potravin\u00e1\u0159sk\u00e1 vl\u00e1knina 6,06g na 100g, (thiamin hydrochloridu) 4,5mg \/ kg.<\/div>\n<div><\/div>\n<div>N\u00e1vod na p\u0159\u00edpravu ka\u0161e: d\u00e1vkujte podle pot\u0159eby do tepl\u00e9ho ml\u00e9ka nebo vody p\u0159i neust\u00e1l\u00e9m m\u00edch\u00e1n\u00ed a\u017e do dosa\u017een\u00ed p\u0159im\u011b\u0159en\u00e9 hustoty ka\u0161e. Oslazujte podle pot\u0159eby, nechte 2-3 minuty odst\u00e1t a m\u016f\u017eete konzumovat.<\/div>\n<div><\/div>\n<div>V\u00fdrobek neobsahuje p\u0159\u00eddatn\u00e9 l\u00e1tky. Bez p\u0159idan\u00e9ho cukru. Obsahuje p\u0159\u00edrodn\u00ed cukry. Skladujte na such\u00e9m m\u00edst\u011b, bez z\u00e1sahu p\u0159\u00edm\u00e9ho slune\u010dn\u00edho z\u00e1\u0159en\u00ed. Obal pe\u010dliv\u011b uzav\u0159ete.<\/div>\n<div><\/div>\n<div>Hmotnost: 200g<\/div>\n<div>Minim\u00e1ln\u00ed trvanlivost do: ve sv\u00e1ru<\/div>\n<div>Zem\u011b p\u016fvodu: Slovensko<\/div>\n<div>Vyrobeno pro: MinioS, s.r.o.<\/div>\n<div>Tom\u00e1\u0161ikova 1201\/10, 05001 Rev\u00faca<\/div>\n","protected":false},"excerpt":{"rendered":"<p>kuku\u0159i\u010dn\u011b-j\u00e1hlov\u00e1 ka\u0161e se su\u0161enou \u0161vestkou a d\u00fdn\u00ed s p\u0159idan\u00fdm vitam\u00ednem B1 Extrudovan\u00fd v\u00fdrobek Slo\u017een\u00ed: extrudovan\u00e1 kuku\u0159i\u010dn\u011b-m\u011bnov\u00e1 dr\u0165 (kuku\u0159i\u010dn\u00e1 dr\u0165 58%, j\u00e1hlov\u00e1 dr\u0165 18%), su\u0161en\u00e9 \u0161vestky 12%, su\u0161en\u00e1 d\u00fdn\u011b 12%, Vitamin B1. Energie: 1580kJ \/ 377kcal, Tuky 2,35g &#8211; z toho nasycen\u00e9 mastn\u00e9 kyseliny 0,29g, Sacharidy 79g &#8211; z toho cukry 7,7g, B\u00edlkoviny 6,19g, Potravin\u00e1\u0159sk\u00e1 vl\u00e1knina [&#8230;]\n","protected":false},"featured_media":1445,"comment_status":"open","ping_status":"closed","template":"","meta":{"_acf_changed":false},"product_brand":[],"product_cat":[109,110],"product_tag":[],"class_list":{"0":"post-1513","1":"product","2":"type-product","3":"status-publish","4":"has-post-thumbnail","6":"product_cat-baby-cs-2","7":"product_cat-baby-kasicka","9":"first","10":"instock","11":"taxable","12":"shipping-taxable","13":"purchasable","14":"product-type-simple"},"acf":[],"yoast_head":"<!-- This site is optimized with the Yoast SEO plugin v27.5 - https:\/\/yoast.com\/product\/yoast-seo-wordpress\/ -->\n<title>Baby kuku\u0159i\u010dn\u011b j\u00e1hlov\u00e1 ka\u0161e &#8211; MinioS<\/title>\n<meta name=\"robots\" content=\"index, follow, max-snippet:-1, max-image-preview:large, max-video-preview:-1\" \/>\n<link rel=\"canonical\" href=\"https:\/\/www.minios.sk\/cs\/produkt\/baby-kukuricne-jahlova-kase\/\" \/>\n<meta property=\"og:locale\" content=\"cs_CZ\" \/>\n<meta property=\"og:type\" content=\"article\" \/>\n<meta property=\"og:title\" content=\"Baby kuku\u0159i\u010dn\u011b j\u00e1hlov\u00e1 ka\u0161e &#8211; MinioS\" \/>\n<meta property=\"og:description\" content=\"kuku\u0159i\u010dn\u011b-j\u00e1hlov\u00e1 ka\u0161e se su\u0161enou \u0161vestkou a d\u00fdn\u00ed s p\u0159idan\u00fdm vitam\u00ednem B1 Extrudovan\u00fd v\u00fdrobek Slo\u017een\u00ed: extrudovan\u00e1 kuku\u0159i\u010dn\u011b-m\u011bnov\u00e1 dr\u0165 (kuku\u0159i\u010dn\u00e1 dr\u0165 58%, j\u00e1hlov\u00e1 dr\u0165 18%), su\u0161en\u00e9 \u0161vestky 12%, su\u0161en\u00e1 d\u00fdn\u011b 12%, Vitamin B1. Energie: 1580kJ \/ 377kcal, Tuky 2,35g &#8211; z toho nasycen\u00e9 mastn\u00e9 kyseliny 0,29g, Sacharidy 79g &#8211; z toho cukry 7,7g, B\u00edlkoviny 6,19g, Potravin\u00e1\u0159sk\u00e1 vl\u00e1knina [...]\" \/>\n<meta property=\"og:url\" content=\"https:\/\/www.minios.sk\/cs\/produkt\/baby-kukuricne-jahlova-kase\/\" \/>\n<meta property=\"og:site_name\" content=\"MinioS\" \/>\n<meta property=\"article:modified_time\" content=\"2025-10-31T18:05:13+00:00\" \/>\n<meta property=\"og:image\" content=\"https:\/\/www.minios.sk\/wp-content\/uploads\/2020\/08\/obal-foto-Baby-kasa.png\" \/>\n\t<meta property=\"og:image:width\" content=\"2018\" \/>\n\t<meta property=\"og:image:height\" content=\"2048\" \/>\n\t<meta property=\"og:image:type\" content=\"image\/png\" \/>\n<meta name=\"twitter:card\" content=\"summary_large_image\" \/>\n<meta name=\"twitter:label1\" content=\"Odhadovan\u00e1 doba \u010dten\u00ed\" \/>\n\t<meta name=\"twitter:data1\" content=\"2 minuty\" \/>\n<script type=\"application\/ld+json\" class=\"yoast-schema-graph\">{\"@context\":\"https:\\\/\\\/schema.org\",\"@graph\":[{\"@type\":\"WebPage\",\"@id\":\"https:\\\/\\\/www.minios.sk\\\/cs\\\/produkt\\\/baby-kukuricne-jahlova-kase\\\/\",\"url\":\"https:\\\/\\\/www.minios.sk\\\/cs\\\/produkt\\\/baby-kukuricne-jahlova-kase\\\/\",\"name\":\"Baby kuku\u0159i\u010dn\u011b j\u00e1hlov\u00e1 ka\u0161e &#8211; MinioS\",\"isPartOf\":{\"@id\":\"https:\\\/\\\/www.minios.sk\\\/cs\\\/#website\"},\"primaryImageOfPage\":{\"@id\":\"https:\\\/\\\/www.minios.sk\\\/cs\\\/produkt\\\/baby-kukuricne-jahlova-kase\\\/#primaryimage\"},\"image\":{\"@id\":\"https:\\\/\\\/www.minios.sk\\\/cs\\\/produkt\\\/baby-kukuricne-jahlova-kase\\\/#primaryimage\"},\"thumbnailUrl\":\"https:\\\/\\\/www.minios.sk\\\/wp-content\\\/uploads\\\/2020\\\/08\\\/obal-foto-Baby-kasa.png\",\"datePublished\":\"2020-08-21T21:00:35+00:00\",\"dateModified\":\"2025-10-31T18:05:13+00:00\",\"breadcrumb\":{\"@id\":\"https:\\\/\\\/www.minios.sk\\\/cs\\\/produkt\\\/baby-kukuricne-jahlova-kase\\\/#breadcrumb\"},\"inLanguage\":\"cs\",\"potentialAction\":[{\"@type\":\"ReadAction\",\"target\":[\"https:\\\/\\\/www.minios.sk\\\/cs\\\/produkt\\\/baby-kukuricne-jahlova-kase\\\/\"]}]},{\"@type\":\"ImageObject\",\"inLanguage\":\"cs\",\"@id\":\"https:\\\/\\\/www.minios.sk\\\/cs\\\/produkt\\\/baby-kukuricne-jahlova-kase\\\/#primaryimage\",\"url\":\"https:\\\/\\\/www.minios.sk\\\/wp-content\\\/uploads\\\/2020\\\/08\\\/obal-foto-Baby-kasa.png\",\"contentUrl\":\"https:\\\/\\\/www.minios.sk\\\/wp-content\\\/uploads\\\/2020\\\/08\\\/obal-foto-Baby-kasa.png\",\"width\":2018,\"height\":2048},{\"@type\":\"BreadcrumbList\",\"@id\":\"https:\\\/\\\/www.minios.sk\\\/cs\\\/produkt\\\/baby-kukuricne-jahlova-kase\\\/#breadcrumb\",\"itemListElement\":[{\"@type\":\"ListItem\",\"position\":1,\"name\":\"Domovsk\u00e1 str\u00e1nka\",\"item\":\"https:\\\/\\\/www.minios.sk\\\/cs\\\/\"},{\"@type\":\"ListItem\",\"position\":2,\"name\":\"Produkty\",\"item\":\"https:\\\/\\\/www.minios.sk\\\/cs\\\/shop\\\/\"},{\"@type\":\"ListItem\",\"position\":3,\"name\":\"Baby kuku\u0159i\u010dn\u011b j\u00e1hlov\u00e1 ka\u0161e\"}]},{\"@type\":\"WebSite\",\"@id\":\"https:\\\/\\\/www.minios.sk\\\/cs\\\/#website\",\"url\":\"https:\\\/\\\/www.minios.sk\\\/cs\\\/\",\"name\":\"MinioS\",\"description\":\"Chrumnite si viac!\",\"publisher\":{\"@id\":\"https:\\\/\\\/www.minios.sk\\\/cs\\\/#organization\"},\"potentialAction\":[{\"@type\":\"SearchAction\",\"target\":{\"@type\":\"EntryPoint\",\"urlTemplate\":\"https:\\\/\\\/www.minios.sk\\\/cs\\\/?s={search_term_string}\"},\"query-input\":{\"@type\":\"PropertyValueSpecification\",\"valueRequired\":true,\"valueName\":\"search_term_string\"}}],\"inLanguage\":\"cs\"},{\"@type\":\"Organization\",\"@id\":\"https:\\\/\\\/www.minios.sk\\\/cs\\\/#organization\",\"name\":\"MinioS, s.r.o\",\"url\":\"https:\\\/\\\/www.minios.sk\\\/cs\\\/\",\"logo\":{\"@type\":\"ImageObject\",\"inLanguage\":\"cs\",\"@id\":\"https:\\\/\\\/www.minios.sk\\\/cs\\\/#\\\/schema\\\/logo\\\/image\\\/\",\"url\":\"https:\\\/\\\/www.minios.sk\\\/wp-content\\\/uploads\\\/2020\\\/08\\\/S.png\",\"contentUrl\":\"https:\\\/\\\/www.minios.sk\\\/wp-content\\\/uploads\\\/2020\\\/08\\\/S.png\",\"width\":1000,\"height\":1000,\"caption\":\"MinioS, s.r.o\"},\"image\":{\"@id\":\"https:\\\/\\\/www.minios.sk\\\/cs\\\/#\\\/schema\\\/logo\\\/image\\\/\"}}]}<\/script>\n<!-- \/ Yoast SEO plugin. -->","yoast_head_json":{"title":"Baby kuku\u0159i\u010dn\u011b j\u00e1hlov\u00e1 ka\u0161e &#8211; MinioS","robots":{"index":"index","follow":"follow","max-snippet":"max-snippet:-1","max-image-preview":"max-image-preview:large","max-video-preview":"max-video-preview:-1"},"canonical":"https:\/\/www.minios.sk\/cs\/produkt\/baby-kukuricne-jahlova-kase\/","og_locale":"cs_CZ","og_type":"article","og_title":"Baby kuku\u0159i\u010dn\u011b j\u00e1hlov\u00e1 ka\u0161e &#8211; MinioS","og_description":"kuku\u0159i\u010dn\u011b-j\u00e1hlov\u00e1 ka\u0161e se su\u0161enou \u0161vestkou a d\u00fdn\u00ed s p\u0159idan\u00fdm vitam\u00ednem B1 Extrudovan\u00fd v\u00fdrobek Slo\u017een\u00ed: extrudovan\u00e1 kuku\u0159i\u010dn\u011b-m\u011bnov\u00e1 dr\u0165 (kuku\u0159i\u010dn\u00e1 dr\u0165 58%, j\u00e1hlov\u00e1 dr\u0165 18%), su\u0161en\u00e9 \u0161vestky 12%, su\u0161en\u00e1 d\u00fdn\u011b 12%, Vitamin B1. Energie: 1580kJ \/ 377kcal, Tuky 2,35g &#8211; z toho nasycen\u00e9 mastn\u00e9 kyseliny 0,29g, Sacharidy 79g &#8211; z toho cukry 7,7g, B\u00edlkoviny 6,19g, Potravin\u00e1\u0159sk\u00e1 vl\u00e1knina [...]","og_url":"https:\/\/www.minios.sk\/cs\/produkt\/baby-kukuricne-jahlova-kase\/","og_site_name":"MinioS","article_modified_time":"2025-10-31T18:05:13+00:00","og_image":[{"width":2018,"height":2048,"url":"https:\/\/www.minios.sk\/wp-content\/uploads\/2020\/08\/obal-foto-Baby-kasa.png","type":"image\/png"}],"twitter_card":"summary_large_image","twitter_misc":{"Odhadovan\u00e1 doba \u010dten\u00ed":"2 minuty"},"schema":{"@context":"https:\/\/schema.org","@graph":[{"@type":"WebPage","@id":"https:\/\/www.minios.sk\/cs\/produkt\/baby-kukuricne-jahlova-kase\/","url":"https:\/\/www.minios.sk\/cs\/produkt\/baby-kukuricne-jahlova-kase\/","name":"Baby kuku\u0159i\u010dn\u011b j\u00e1hlov\u00e1 ka\u0161e &#8211; MinioS","isPartOf":{"@id":"https:\/\/www.minios.sk\/cs\/#website"},"primaryImageOfPage":{"@id":"https:\/\/www.minios.sk\/cs\/produkt\/baby-kukuricne-jahlova-kase\/#primaryimage"},"image":{"@id":"https:\/\/www.minios.sk\/cs\/produkt\/baby-kukuricne-jahlova-kase\/#primaryimage"},"thumbnailUrl":"https:\/\/www.minios.sk\/wp-content\/uploads\/2020\/08\/obal-foto-Baby-kasa.png","datePublished":"2020-08-21T21:00:35+00:00","dateModified":"2025-10-31T18:05:13+00:00","breadcrumb":{"@id":"https:\/\/www.minios.sk\/cs\/produkt\/baby-kukuricne-jahlova-kase\/#breadcrumb"},"inLanguage":"cs","potentialAction":[{"@type":"ReadAction","target":["https:\/\/www.minios.sk\/cs\/produkt\/baby-kukuricne-jahlova-kase\/"]}]},{"@type":"ImageObject","inLanguage":"cs","@id":"https:\/\/www.minios.sk\/cs\/produkt\/baby-kukuricne-jahlova-kase\/#primaryimage","url":"https:\/\/www.minios.sk\/wp-content\/uploads\/2020\/08\/obal-foto-Baby-kasa.png","contentUrl":"https:\/\/www.minios.sk\/wp-content\/uploads\/2020\/08\/obal-foto-Baby-kasa.png","width":2018,"height":2048},{"@type":"BreadcrumbList","@id":"https:\/\/www.minios.sk\/cs\/produkt\/baby-kukuricne-jahlova-kase\/#breadcrumb","itemListElement":[{"@type":"ListItem","position":1,"name":"Domovsk\u00e1 str\u00e1nka","item":"https:\/\/www.minios.sk\/cs\/"},{"@type":"ListItem","position":2,"name":"Produkty","item":"https:\/\/www.minios.sk\/cs\/shop\/"},{"@type":"ListItem","position":3,"name":"Baby kuku\u0159i\u010dn\u011b j\u00e1hlov\u00e1 ka\u0161e"}]},{"@type":"WebSite","@id":"https:\/\/www.minios.sk\/cs\/#website","url":"https:\/\/www.minios.sk\/cs\/","name":"MinioS","description":"Chrumnite si viac!","publisher":{"@id":"https:\/\/www.minios.sk\/cs\/#organization"},"potentialAction":[{"@type":"SearchAction","target":{"@type":"EntryPoint","urlTemplate":"https:\/\/www.minios.sk\/cs\/?s={search_term_string}"},"query-input":{"@type":"PropertyValueSpecification","valueRequired":true,"valueName":"search_term_string"}}],"inLanguage":"cs"},{"@type":"Organization","@id":"https:\/\/www.minios.sk\/cs\/#organization","name":"MinioS, s.r.o","url":"https:\/\/www.minios.sk\/cs\/","logo":{"@type":"ImageObject","inLanguage":"cs","@id":"https:\/\/www.minios.sk\/cs\/#\/schema\/logo\/image\/","url":"https:\/\/www.minios.sk\/wp-content\/uploads\/2020\/08\/S.png","contentUrl":"https:\/\/www.minios.sk\/wp-content\/uploads\/2020\/08\/S.png","width":1000,"height":1000,"caption":"MinioS, s.r.o"},"image":{"@id":"https:\/\/www.minios.sk\/cs\/#\/schema\/logo\/image\/"}}]}},"_links":{"self":[{"href":"https:\/\/www.minios.sk\/cs\/wp-json\/wp\/v2\/product\/1513","targetHints":{"allow":["GET"]}}],"collection":[{"href":"https:\/\/www.minios.sk\/cs\/wp-json\/wp\/v2\/product"}],"about":[{"href":"https:\/\/www.minios.sk\/cs\/wp-json\/wp\/v2\/types\/product"}],"replies":[{"embeddable":true,"href":"https:\/\/www.minios.sk\/cs\/wp-json\/wp\/v2\/comments?post=1513"}],"wp:featuredmedia":[{"embeddable":true,"href":"https:\/\/www.minios.sk\/cs\/wp-json\/wp\/v2\/media\/1445"}],"wp:attachment":[{"href":"https:\/\/www.minios.sk\/cs\/wp-json\/wp\/v2\/media?parent=1513"}],"wp:term":[{"taxonomy":"product_brand","embeddable":true,"href":"https:\/\/www.minios.sk\/cs\/wp-json\/wp\/v2\/product_brand?post=1513"},{"taxonomy":"product_cat","embeddable":true,"href":"https:\/\/www.minios.sk\/cs\/wp-json\/wp\/v2\/product_cat?post=1513"},{"taxonomy":"product_tag","embeddable":true,"href":"https:\/\/www.minios.sk\/cs\/wp-json\/wp\/v2\/product_tag?post=1513"}],"curies":[{"name":"wp","href":"https:\/\/api.w.org\/{rel}","templated":true}]}}