{"id":1512,"date":"2020-08-21T23:00:36","date_gmt":"2020-08-21T21:00:36","guid":{"rendered":"https:\/\/www.minios.sk\/produkt\/baby-kukuricne-jahlove-krupky\/"},"modified":"2025-10-31T19:04:43","modified_gmt":"2025-10-31T18:04:43","slug":"baby-kukuricne-jahlove-krupky","status":"publish","type":"product","link":"https:\/\/www.minios.sk\/cs\/produkt\/baby-kukuricne-jahlove-krupky\/","title":{"rendered":"Baby kuku\u0159i\u010dn\u011b j\u00e1hlov\u00e9 k\u0159upky"},"content":{"rendered":"<div class=\"row\"  id=\"row-521137291\">\n\n\t<div id=\"col-1779554414\" class=\"col medium-3 small-6 large-3\"  >\n\t\t\t\t<div class=\"col-inner text-center\"  >\n\t\t\t\n\t\t\t\n\n\t\t<div class=\"icon-box featured-box vyhody icon-box-center text-center is-small\"  >\n\t\t\t\t\t<div class=\"icon-box-img\" style=\"width: 50px\">\n\t\t\t\t<div class=\"icon\">\n\t\t\t\t\t<div class=\"icon-inner\" style=\"color:rgb(129, 188, 48);\">\n\t\t\t\t\t\t<img decoding=\"async\" width=\"1\" height=\"1\" src=\"https:\/\/www.minios.sk\/wp-content\/uploads\/2022\/11\/green-icon-veganske.svg\" class=\"attachment-medium size-medium\" alt=\"\" \/>\t\t\t\t\t<\/div>\n\t\t\t\t<\/div>\n\t\t\t<\/div>\n\t\t\t\t<div class=\"icon-box-text last-reset\">\n\t\t\t<h5 class=\"uppercase\">Vegansk\u00e9<\/h5>\t\t\t\t\t\t\n\t\t<\/div>\n\t<\/div>\n\t\n\t\n\t\t<\/div>\n\t\t\t\t\t<\/div>\n\n\t\n\n\t<div id=\"col-547671282\" class=\"col medium-3 small-6 large-3\"  >\n\t\t\t\t<div class=\"col-inner text-center\"  >\n\t\t\t\n\t\t\t\n\n\t\t<div class=\"icon-box featured-box vyhody icon-box-center text-center is-small\"  >\n\t\t\t\t\t<div class=\"icon-box-img\" style=\"width: 50px\">\n\t\t\t\t<div class=\"icon\">\n\t\t\t\t\t<div class=\"icon-inner\" style=\"color:rgb(129, 188, 48);\">\n\t\t\t\t\t\t<img decoding=\"async\" width=\"1\" height=\"1\" src=\"https:\/\/www.minios.sk\/wp-content\/uploads\/2022\/11\/green-icon-prirodne-zlozenie.svg\" class=\"attachment-medium size-medium\" alt=\"\" \/>\t\t\t\t\t<\/div>\n\t\t\t\t<\/div>\n\t\t\t<\/div>\n\t\t\t\t<div class=\"icon-box-text last-reset\">\n\t\t\t<h5 class=\"uppercase\">P\u0159\u00edrodn\u00ed slo\u017een\u00ed<\/h5>\t\t\t\t\t\t\n\t\t<\/div>\n\t<\/div>\n\t\n\t\n\t\t<\/div>\n\t\t\t\t\t<\/div>\n\n\t\n\n\t<div id=\"col-1481068061\" class=\"col medium-3 small-6 large-3\"  >\n\t\t\t\t<div class=\"col-inner text-center\"  >\n\t\t\t\n\t\t\t\n\n\t\t<div class=\"icon-box featured-box vyhody icon-box-center text-center is-small\"  >\n\t\t\t\t\t<div class=\"icon-box-img\" style=\"width: 50px\">\n\t\t\t\t<div class=\"icon\">\n\t\t\t\t\t<div class=\"icon-inner\" style=\"color:rgb(129, 188, 48);\">\n\t\t\t\t\t\t<img decoding=\"async\" width=\"1\" height=\"1\" src=\"https:\/\/www.minios.sk\/wp-content\/uploads\/2022\/11\/green-icon-bez-lepku.svg\" class=\"attachment-medium size-medium\" alt=\"\" \/>\t\t\t\t\t<\/div>\n\t\t\t\t<\/div>\n\t\t\t<\/div>\n\t\t\t\t<div class=\"icon-box-text last-reset\">\n\t\t\t<h5 class=\"uppercase\">Bez lepku<\/h5>\t\t\t\t\t\t\n\t\t<\/div>\n\t<\/div>\n\t\n\t\n\t\t<\/div>\n\t\t\t\t\t<\/div>\n\n\t\n\n\t<div id=\"col-128940131\" class=\"col medium-3 small-6 large-3\"  >\n\t\t\t\t<div class=\"col-inner text-center\"  >\n\t\t\t\n\t\t\t\n\n\t\t<div class=\"icon-box featured-box vyhody icon-box-center text-center is-small\"  >\n\t\t\t\t\t<div class=\"icon-box-img\" style=\"width: 50px\">\n\t\t\t\t<div class=\"icon\">\n\t\t\t\t\t<div class=\"icon-inner\" style=\"color:rgb(129, 188, 48);\">\n\t\t\t\t\t\t<img loading=\"lazy\" decoding=\"async\" width=\"1\" height=\"1\" src=\"https:\/\/www.minios.sk\/wp-content\/uploads\/2022\/11\/green-icon-bez-konzervantov.svg\" class=\"attachment-medium size-medium\" alt=\"\" \/>\t\t\t\t\t<\/div>\n\t\t\t\t<\/div>\n\t\t\t<\/div>\n\t\t\t\t<div class=\"icon-box-text last-reset\">\n\t\t\t<h5 class=\"uppercase\">Bez konzervant\u016f<\/h5>\t\t\t\t\t\t\n\t\t<\/div>\n\t<\/div>\n\t\n\t\n\t\t<\/div>\n\t\t\t\t\t<\/div>\n\n\t\n\n\t<div id=\"col-1977619593\" class=\"col medium-3 small-6 large-3\"  >\n\t\t\t\t<div class=\"col-inner text-center\"  >\n\t\t\t\n\t\t\t\n\n\t\t<div class=\"icon-box featured-box vyhody icon-box-center text-center is-small\"  >\n\t\t\t\t\t<div class=\"icon-box-img\" style=\"width: 50px\">\n\t\t\t\t<div class=\"icon\">\n\t\t\t\t\t<div class=\"icon-inner\" style=\"color:rgb(129, 188, 48);\">\n\t\t\t\t\t\t<img loading=\"lazy\" decoding=\"async\" width=\"1\" height=\"1\" src=\"https:\/\/www.minios.sk\/wp-content\/uploads\/2022\/11\/green-icon-bez-gmo.svg\" class=\"attachment-medium size-medium\" alt=\"\" \/>\t\t\t\t\t<\/div>\n\t\t\t\t<\/div>\n\t\t\t<\/div>\n\t\t\t\t<div class=\"icon-box-text last-reset\">\n\t\t\t<h5 class=\"uppercase\">Bez GMO<\/h5>\t\t\t\t\t\t\n\t\t<\/div>\n\t<\/div>\n\t\n\t\n\t\t<\/div>\n\t\t\t\t\t<\/div>\n\n\t\n\n\t<div id=\"col-701757778\" class=\"col medium-3 small-6 large-3\"  >\n\t\t\t\t<div class=\"col-inner text-center\"  >\n\t\t\t\n\t\t\t\n\n\t\t<div class=\"icon-box featured-box vyhody icon-box-center text-center is-small\"  >\n\t\t\t\t\t<div class=\"icon-box-img\" style=\"width: 50px\">\n\t\t\t\t<div class=\"icon\">\n\t\t\t\t\t<div class=\"icon-inner\" style=\"color:rgb(129, 188, 48);\">\n\t\t\t\t\t\t<img loading=\"lazy\" decoding=\"async\" width=\"1\" height=\"1\" src=\"https:\/\/www.minios.sk\/wp-content\/uploads\/2022\/11\/green-icon-menej-cukru.svg\" class=\"attachment-medium size-medium\" alt=\"\" \/>\t\t\t\t\t<\/div>\n\t\t\t\t<\/div>\n\t\t\t<\/div>\n\t\t\t\t<div class=\"icon-box-text last-reset\">\n\t\t\t<h5 class=\"uppercase\">M\u00e9n\u011b cukru<\/h5>\t\t\t\t\t\t\n\t\t<\/div>\n\t<\/div>\n\t\n\t\n\t\t<\/div>\n\t\t\t\t\t<\/div>\n\n\t\n\n\t<div id=\"col-1622364873\" class=\"col medium-3 small-6 large-3\"  >\n\t\t\t\t<div class=\"col-inner text-center\"  >\n\t\t\t\n\t\t\t\n\n\t\t<div class=\"icon-box featured-box vyhody icon-box-center text-center is-small\"  >\n\t\t\t\t\t<div class=\"icon-box-img\" style=\"width: 50px\">\n\t\t\t\t<div class=\"icon\">\n\t\t\t\t\t<div class=\"icon-inner\" style=\"color:rgb(129, 188, 48);\">\n\t\t\t\t\t\t<img loading=\"lazy\" decoding=\"async\" width=\"1\" height=\"1\" src=\"https:\/\/www.minios.sk\/wp-content\/uploads\/2022\/11\/green-icon-bez-farbiv.svg\" class=\"attachment-medium size-medium\" alt=\"\" \/>\t\t\t\t\t<\/div>\n\t\t\t\t<\/div>\n\t\t\t<\/div>\n\t\t\t\t<div class=\"icon-box-text last-reset\">\n\t\t\t<h5 class=\"uppercase\">Bez barviv<\/h5>\t\t\t\t\t\t\n\t\t<\/div>\n\t<\/div>\n\t\n\t\n\t\t<\/div>\n\t\t\t\t\t<\/div>\n\n\t\n\n\t<div id=\"col-1056281900\" class=\"col medium-3 small-6 large-3\"  >\n\t\t\t\t<div class=\"col-inner text-center\"  >\n\t\t\t\n\t\t\t\n\n\t\t<div class=\"icon-box featured-box vyhody icon-box-center text-center is-small\"  >\n\t\t\t\t\t<div class=\"icon-box-img\" style=\"width: 50px\">\n\t\t\t\t<div class=\"icon\">\n\t\t\t\t\t<div class=\"icon-inner\" style=\"color:rgb(129, 188, 48);\">\n\t\t\t\t\t\t<img loading=\"lazy\" decoding=\"async\" width=\"1\" height=\"1\" src=\"https:\/\/www.minios.sk\/wp-content\/uploads\/2022\/11\/green-icon-baby-produkt.svg\" class=\"attachment-medium size-medium\" alt=\"\" \/>\t\t\t\t\t<\/div>\n\t\t\t\t<\/div>\n\t\t\t<\/div>\n\t\t\t\t<div class=\"icon-box-text last-reset\">\n\t\t\t<h5 class=\"uppercase\">Baby produkt<\/h5>\t\t\t\t\t\t\n\t\t<\/div>\n\t<\/div>\n\t\n\t\n\t\t<\/div>\n\t\t\t\t\t<\/div>\n\n\t\n<\/div>\n<div><strong>Extrudovan\u00fd v\u00fdrobek bezglut\u00e9nov\u00fd<\/strong><\/div>\n<div><\/div>\n<div>Baby k\u0159upky &#8211; kuku\u0159i\u010dn\u011b-m\u011bnov\u00e9 k\u0159upky se su\u0161en\u00fdm jablkem, se su\u0161enou \u0161vestkou a su\u0161enou d\u00fdn\u00ed s vysok\u00fdm obsahem vitam\u00ednu B1.<\/div>\n<div><\/div>\n<div><strong>Slo\u017een\u00ed:<\/strong> kuku\u0159i\u010dn\u00e1 krupice 54%, j\u00e1hly 18%, su\u0161en\u00e1 jablka 12%, su\u0161en\u00e9 \u0161vestky 8%, su\u0161en\u00e1 d\u00fdn\u011b 8%.<\/div>\n<div><\/div>\n<div>V\u00fd\u017eivov\u00e9 \u00fadaje ve 100g: Energie: 1593kJ \/ 380Kcal, tuky: 3,22g z toho nasycen\u00e9 mastn\u00e9 kyseliny 0,54g, sacharidy: 75,56g, z toho cukry 1,43g, b\u00edlkoviny 8,47g, s\u016fl.<\/div>\n<div><\/div>\n<div>Vitamin B1 (tiam\u00edn): 0,40mg \/ 100g NRV * 81%<\/div>\n<div><\/div>\n<div>\u017delezo: 1,38mg \/ 100g NRV * 23%<\/div>\n<div><\/div>\n<div>Ho\u0159\u010d\u00edk: 54,9mg \/ 100g NRV * 36%<\/div>\n<div><\/div>\n<div>Zinek: 1,39mg \/ 100g NRV * 35%<\/div>\n<div><\/div>\n<div>* NRV &#8211; referen\u010dn\u00ed v\u00fd\u017eivov\u00e9 hodnoty vitam\u00edn\u016f a miner\u00e1ln\u00edch l\u00e1tek pro kojence a mal\u00e9 d\u011bti. Obsah soli zp\u016fsoben\u00fd v\u00fdlu\u010dn\u011b p\u0159\u00edtomnost\u00ed p\u0159irozen\u011b se vyskytuj\u00edc\u00edho sod\u00edku.<\/div>\n<div><\/div>\n<div>Skladujte v suchu a chra\u0148te p\u0159ed p\u0159\u00edm\u00fdm slune\u010dn\u00edm z\u00e1\u0159en\u00edm.<\/div>\n<div><\/div>\n<div><strong>V\u00fdrobek neobsahuje p\u0159\u00eddatn\u00e9 l\u00e1tky.<\/strong><\/div>\n<div><\/div>\n<div><strong>Vyrobeno z p\u0159\u00edrodn\u00edch surovin, bez p\u0159id\u00e1n\u00ed cukru.<\/strong><\/div>\n<div><\/div>\n<div>Hmotnost: 40g<\/div>\n","protected":false},"excerpt":{"rendered":"<p>Extrudovan\u00fd v\u00fdrobek bezglut\u00e9nov\u00fd Baby k\u0159upky &#8211; kuku\u0159i\u010dn\u011b-m\u011bnov\u00e9 k\u0159upky se su\u0161en\u00fdm jablkem, se su\u0161enou \u0161vestkou a su\u0161enou d\u00fdn\u00ed s vysok\u00fdm obsahem vitam\u00ednu B1. Slo\u017een\u00ed: kuku\u0159i\u010dn\u00e1 krupice 54%, j\u00e1hly 18%, su\u0161en\u00e1 jablka 12%, su\u0161en\u00e9 \u0161vestky 8%, su\u0161en\u00e1 d\u00fdn\u011b 8%. V\u00fd\u017eivov\u00e9 \u00fadaje ve 100g: Energie: 1593kJ \/ 380Kcal, tuky: 3,22g z toho nasycen\u00e9 mastn\u00e9 kyseliny 0,54g, sacharidy: 75,56g, [&#8230;]\n","protected":false},"featured_media":2244,"comment_status":"open","ping_status":"closed","template":"","meta":{"_acf_changed":false},"product_brand":[],"product_cat":[109,111],"product_tag":[],"class_list":{"0":"post-1512","1":"product","2":"type-product","3":"status-publish","4":"has-post-thumbnail","6":"product_cat-baby-cs-2","7":"product_cat-baby-krupky","9":"first","10":"instock","11":"taxable","12":"shipping-taxable","13":"purchasable","14":"product-type-simple"},"acf":[],"yoast_head":"<!-- This site is optimized with the Yoast SEO plugin v21.2 - https:\/\/yoast.com\/wordpress\/plugins\/seo\/ -->\n<title>Baby kuku\u0159i\u010dn\u011b j\u00e1hlov\u00e9 k\u0159upky &#8211; MinioS<\/title>\n<meta name=\"robots\" content=\"index, follow, max-snippet:-1, max-image-preview:large, max-video-preview:-1\" \/>\n<link rel=\"canonical\" href=\"https:\/\/www.minios.sk\/cs\/produkt\/baby-kukuricne-jahlove-krupky\/\" \/>\n<meta property=\"og:locale\" content=\"cs_CZ\" \/>\n<meta property=\"og:type\" content=\"article\" \/>\n<meta property=\"og:title\" content=\"Baby kuku\u0159i\u010dn\u011b j\u00e1hlov\u00e9 k\u0159upky &#8211; MinioS\" \/>\n<meta property=\"og:description\" content=\"Extrudovan\u00fd v\u00fdrobek bezglut\u00e9nov\u00fd Baby k\u0159upky &#8211; kuku\u0159i\u010dn\u011b-m\u011bnov\u00e9 k\u0159upky se su\u0161en\u00fdm jablkem, se su\u0161enou \u0161vestkou a su\u0161enou d\u00fdn\u00ed s vysok\u00fdm obsahem vitam\u00ednu B1. Slo\u017een\u00ed: kuku\u0159i\u010dn\u00e1 krupice 54%, j\u00e1hly 18%, su\u0161en\u00e1 jablka 12%, su\u0161en\u00e9 \u0161vestky 8%, su\u0161en\u00e1 d\u00fdn\u011b 8%. V\u00fd\u017eivov\u00e9 \u00fadaje ve 100g: Energie: 1593kJ \/ 380Kcal, tuky: 3,22g z toho nasycen\u00e9 mastn\u00e9 kyseliny 0,54g, sacharidy: 75,56g, [...]\" \/>\n<meta property=\"og:url\" content=\"https:\/\/www.minios.sk\/cs\/produkt\/baby-kukuricne-jahlove-krupky\/\" \/>\n<meta property=\"og:site_name\" content=\"MinioS\" \/>\n<meta property=\"article:modified_time\" content=\"2025-10-31T18:04:43+00:00\" \/>\n<meta property=\"og:image\" content=\"https:\/\/www.minios.sk\/wp-content\/uploads\/2020\/08\/BABY-TEKVICA-1.png\" \/>\n\t<meta property=\"og:image:width\" content=\"2018\" \/>\n\t<meta property=\"og:image:height\" content=\"2048\" \/>\n\t<meta property=\"og:image:type\" content=\"image\/png\" \/>\n<meta name=\"twitter:card\" content=\"summary_large_image\" \/>\n<meta name=\"twitter:label1\" content=\"Odhadovan\u00e1 doba \u010dten\u00ed\" \/>\n\t<meta name=\"twitter:data1\" content=\"2 minuty\" \/>\n<script type=\"application\/ld+json\" class=\"yoast-schema-graph\">{\"@context\":\"https:\/\/schema.org\",\"@graph\":[{\"@type\":\"WebPage\",\"@id\":\"https:\/\/www.minios.sk\/cs\/produkt\/baby-kukuricne-jahlove-krupky\/\",\"url\":\"https:\/\/www.minios.sk\/cs\/produkt\/baby-kukuricne-jahlove-krupky\/\",\"name\":\"Baby kuku\u0159i\u010dn\u011b j\u00e1hlov\u00e9 k\u0159upky &#8211; MinioS\",\"isPartOf\":{\"@id\":\"https:\/\/www.minios.sk\/cs\/#website\"},\"datePublished\":\"2020-08-21T21:00:36+00:00\",\"dateModified\":\"2025-10-31T18:04:43+00:00\",\"breadcrumb\":{\"@id\":\"https:\/\/www.minios.sk\/cs\/produkt\/baby-kukuricne-jahlove-krupky\/#breadcrumb\"},\"inLanguage\":\"cs\",\"potentialAction\":[{\"@type\":\"ReadAction\",\"target\":[\"https:\/\/www.minios.sk\/cs\/produkt\/baby-kukuricne-jahlove-krupky\/\"]}]},{\"@type\":\"BreadcrumbList\",\"@id\":\"https:\/\/www.minios.sk\/cs\/produkt\/baby-kukuricne-jahlove-krupky\/#breadcrumb\",\"itemListElement\":[{\"@type\":\"ListItem\",\"position\":1,\"name\":\"Domovsk\u00e1 str\u00e1nka\",\"item\":\"https:\/\/www.minios.sk\/cs\/\"},{\"@type\":\"ListItem\",\"position\":2,\"name\":\"Produkty\",\"item\":\"https:\/\/www.minios.sk\/cs\/shop\/\"},{\"@type\":\"ListItem\",\"position\":3,\"name\":\"Baby kuku\u0159i\u010dn\u011b j\u00e1hlov\u00e9 k\u0159upky\"}]},{\"@type\":\"WebSite\",\"@id\":\"https:\/\/www.minios.sk\/cs\/#website\",\"url\":\"https:\/\/www.minios.sk\/cs\/\",\"name\":\"MinioS\",\"description\":\"Chrumnite si viac!\",\"publisher\":{\"@id\":\"https:\/\/www.minios.sk\/cs\/#organization\"},\"potentialAction\":[{\"@type\":\"SearchAction\",\"target\":{\"@type\":\"EntryPoint\",\"urlTemplate\":\"https:\/\/www.minios.sk\/cs\/?s={search_term_string}\"},\"query-input\":\"required name=search_term_string\"}],\"inLanguage\":\"cs\"},{\"@type\":\"Organization\",\"@id\":\"https:\/\/www.minios.sk\/cs\/#organization\",\"name\":\"MinioS, s.r.o\",\"url\":\"https:\/\/www.minios.sk\/cs\/\",\"logo\":{\"@type\":\"ImageObject\",\"inLanguage\":\"cs\",\"@id\":\"https:\/\/www.minios.sk\/cs\/#\/schema\/logo\/image\/\",\"url\":\"https:\/\/www.minios.sk\/wp-content\/uploads\/2020\/08\/S.png\",\"contentUrl\":\"https:\/\/www.minios.sk\/wp-content\/uploads\/2020\/08\/S.png\",\"width\":1000,\"height\":1000,\"caption\":\"MinioS, s.r.o\"},\"image\":{\"@id\":\"https:\/\/www.minios.sk\/cs\/#\/schema\/logo\/image\/\"}}]}<\/script>\n<!-- \/ Yoast SEO plugin. -->","yoast_head_json":{"title":"Baby kuku\u0159i\u010dn\u011b j\u00e1hlov\u00e9 k\u0159upky &#8211; MinioS","robots":{"index":"index","follow":"follow","max-snippet":"max-snippet:-1","max-image-preview":"max-image-preview:large","max-video-preview":"max-video-preview:-1"},"canonical":"https:\/\/www.minios.sk\/cs\/produkt\/baby-kukuricne-jahlove-krupky\/","og_locale":"cs_CZ","og_type":"article","og_title":"Baby kuku\u0159i\u010dn\u011b j\u00e1hlov\u00e9 k\u0159upky &#8211; MinioS","og_description":"Extrudovan\u00fd v\u00fdrobek bezglut\u00e9nov\u00fd Baby k\u0159upky &#8211; kuku\u0159i\u010dn\u011b-m\u011bnov\u00e9 k\u0159upky se su\u0161en\u00fdm jablkem, se su\u0161enou \u0161vestkou a su\u0161enou d\u00fdn\u00ed s vysok\u00fdm obsahem vitam\u00ednu B1. Slo\u017een\u00ed: kuku\u0159i\u010dn\u00e1 krupice 54%, j\u00e1hly 18%, su\u0161en\u00e1 jablka 12%, su\u0161en\u00e9 \u0161vestky 8%, su\u0161en\u00e1 d\u00fdn\u011b 8%. V\u00fd\u017eivov\u00e9 \u00fadaje ve 100g: Energie: 1593kJ \/ 380Kcal, tuky: 3,22g z toho nasycen\u00e9 mastn\u00e9 kyseliny 0,54g, sacharidy: 75,56g, [...]","og_url":"https:\/\/www.minios.sk\/cs\/produkt\/baby-kukuricne-jahlove-krupky\/","og_site_name":"MinioS","article_modified_time":"2025-10-31T18:04:43+00:00","og_image":[{"width":2018,"height":2048,"url":"https:\/\/www.minios.sk\/wp-content\/uploads\/2020\/08\/BABY-TEKVICA-1.png","type":"image\/png"}],"twitter_card":"summary_large_image","twitter_misc":{"Odhadovan\u00e1 doba \u010dten\u00ed":"2 minuty"},"schema":{"@context":"https:\/\/schema.org","@graph":[{"@type":"WebPage","@id":"https:\/\/www.minios.sk\/cs\/produkt\/baby-kukuricne-jahlove-krupky\/","url":"https:\/\/www.minios.sk\/cs\/produkt\/baby-kukuricne-jahlove-krupky\/","name":"Baby kuku\u0159i\u010dn\u011b j\u00e1hlov\u00e9 k\u0159upky &#8211; MinioS","isPartOf":{"@id":"https:\/\/www.minios.sk\/cs\/#website"},"datePublished":"2020-08-21T21:00:36+00:00","dateModified":"2025-10-31T18:04:43+00:00","breadcrumb":{"@id":"https:\/\/www.minios.sk\/cs\/produkt\/baby-kukuricne-jahlove-krupky\/#breadcrumb"},"inLanguage":"cs","potentialAction":[{"@type":"ReadAction","target":["https:\/\/www.minios.sk\/cs\/produkt\/baby-kukuricne-jahlove-krupky\/"]}]},{"@type":"BreadcrumbList","@id":"https:\/\/www.minios.sk\/cs\/produkt\/baby-kukuricne-jahlove-krupky\/#breadcrumb","itemListElement":[{"@type":"ListItem","position":1,"name":"Domovsk\u00e1 str\u00e1nka","item":"https:\/\/www.minios.sk\/cs\/"},{"@type":"ListItem","position":2,"name":"Produkty","item":"https:\/\/www.minios.sk\/cs\/shop\/"},{"@type":"ListItem","position":3,"name":"Baby kuku\u0159i\u010dn\u011b j\u00e1hlov\u00e9 k\u0159upky"}]},{"@type":"WebSite","@id":"https:\/\/www.minios.sk\/cs\/#website","url":"https:\/\/www.minios.sk\/cs\/","name":"MinioS","description":"Chrumnite si viac!","publisher":{"@id":"https:\/\/www.minios.sk\/cs\/#organization"},"potentialAction":[{"@type":"SearchAction","target":{"@type":"EntryPoint","urlTemplate":"https:\/\/www.minios.sk\/cs\/?s={search_term_string}"},"query-input":"required name=search_term_string"}],"inLanguage":"cs"},{"@type":"Organization","@id":"https:\/\/www.minios.sk\/cs\/#organization","name":"MinioS, s.r.o","url":"https:\/\/www.minios.sk\/cs\/","logo":{"@type":"ImageObject","inLanguage":"cs","@id":"https:\/\/www.minios.sk\/cs\/#\/schema\/logo\/image\/","url":"https:\/\/www.minios.sk\/wp-content\/uploads\/2020\/08\/S.png","contentUrl":"https:\/\/www.minios.sk\/wp-content\/uploads\/2020\/08\/S.png","width":1000,"height":1000,"caption":"MinioS, s.r.o"},"image":{"@id":"https:\/\/www.minios.sk\/cs\/#\/schema\/logo\/image\/"}}]}},"_links":{"self":[{"href":"https:\/\/www.minios.sk\/cs\/wp-json\/wp\/v2\/product\/1512","targetHints":{"allow":["GET"]}}],"collection":[{"href":"https:\/\/www.minios.sk\/cs\/wp-json\/wp\/v2\/product"}],"about":[{"href":"https:\/\/www.minios.sk\/cs\/wp-json\/wp\/v2\/types\/product"}],"replies":[{"embeddable":true,"href":"https:\/\/www.minios.sk\/cs\/wp-json\/wp\/v2\/comments?post=1512"}],"wp:featuredmedia":[{"embeddable":true,"href":"https:\/\/www.minios.sk\/cs\/wp-json\/wp\/v2\/media\/2244"}],"wp:attachment":[{"href":"https:\/\/www.minios.sk\/cs\/wp-json\/wp\/v2\/media?parent=1512"}],"wp:term":[{"taxonomy":"product_brand","embeddable":true,"href":"https:\/\/www.minios.sk\/cs\/wp-json\/wp\/v2\/product_brand?post=1512"},{"taxonomy":"product_cat","embeddable":true,"href":"https:\/\/www.minios.sk\/cs\/wp-json\/wp\/v2\/product_cat?post=1512"},{"taxonomy":"product_tag","embeddable":true,"href":"https:\/\/www.minios.sk\/cs\/wp-json\/wp\/v2\/product_tag?post=1512"}],"curies":[{"name":"wp","href":"https:\/\/api.w.org\/{rel}","templated":true}]}}