{"id":1509,"date":"2020-08-21T23:00:37","date_gmt":"2020-08-21T21:00:37","guid":{"rendered":"https:\/\/www.minios.sk\/produkt\/miniosky-kukuricne-krupky-jogurtove\/"},"modified":"2023-06-20T20:42:36","modified_gmt":"2023-06-20T18:42:36","slug":"miniosky-kukuricne-krupky-jogurtove","status":"publish","type":"product","link":"https:\/\/www.minios.sk\/cs\/produkt\/miniosky-kukuricne-krupky-jogurtove\/","title":{"rendered":"Miniosky kuku\u0159i\u010dn\u00e9 k\u0159upky jogurtov\u00e9"},"content":{"rendered":"<div class=\"row\"  id=\"row-718897541\">\n\n\t<div id=\"col-753039970\" class=\"col medium-3 small-6 large-3\"  >\n\t\t\t\t<div class=\"col-inner text-center\"  >\n\t\t\t\n\t\t\t\n\n\t\t<div class=\"icon-box featured-box vyhody icon-box-center text-center is-small\"  >\n\t\t\t\t\t<div class=\"icon-box-img\" style=\"width: 50px\">\n\t\t\t\t<div class=\"icon\">\n\t\t\t\t\t<div class=\"icon-inner\" style=\"color:rgb(129, 188, 48);\">\n\t\t\t\t\t\t<img decoding=\"async\" width=\"1\" height=\"1\" src=\"https:\/\/www.minios.sk\/wp-content\/uploads\/2022\/11\/green-icon-bez-lepku.svg\" class=\"attachment-medium size-medium\" alt=\"\" \/>\t\t\t\t\t<\/div>\n\t\t\t\t<\/div>\n\t\t\t<\/div>\n\t\t\t\t<div class=\"icon-box-text last-reset\">\n\t\t\t<h5 class=\"uppercase\">Bez lepku<\/h5>\t\t\t\t\t\t\n\t\t<\/div>\n\t<\/div>\n\t\n\t\n\t\t<\/div>\n\t\t\t\t\t<\/div>\n\n\t\n\n\t<div id=\"col-598735418\" class=\"col medium-3 small-6 large-3\"  >\n\t\t\t\t<div class=\"col-inner text-center\"  >\n\t\t\t\n\t\t\t\n\n\t\t<div class=\"icon-box featured-box vyhody icon-box-center text-center is-small\"  >\n\t\t\t\t\t<div class=\"icon-box-img\" style=\"width: 50px\">\n\t\t\t\t<div class=\"icon\">\n\t\t\t\t\t<div class=\"icon-inner\" style=\"color:rgb(129, 188, 48);\">\n\t\t\t\t\t\t<img decoding=\"async\" width=\"1\" height=\"1\" src=\"https:\/\/www.minios.sk\/wp-content\/uploads\/2022\/11\/green-icon-bez-konzervantov.svg\" class=\"attachment-medium size-medium\" alt=\"\" \/>\t\t\t\t\t<\/div>\n\t\t\t\t<\/div>\n\t\t\t<\/div>\n\t\t\t\t<div class=\"icon-box-text last-reset\">\n\t\t\t<h5 class=\"uppercase\">Bez konzervant\u016f<\/h5>\t\t\t\t\t\t\n\t\t<\/div>\n\t<\/div>\n\t\n\t\n\t\t<\/div>\n\t\t\t\t\t<\/div>\n\n\t\n\n\t<div id=\"col-1163862663\" class=\"col medium-3 small-12 large-3\"  >\n\t\t\t\t<div class=\"col-inner text-center\"  >\n\t\t\t\n\t\t\t\n\n\t\t<div class=\"icon-box featured-box vyhody icon-box-center text-center is-small\"  >\n\t\t\t\t\t<div class=\"icon-box-img\" style=\"width: 50px\">\n\t\t\t\t<div class=\"icon\">\n\t\t\t\t\t<div class=\"icon-inner\" style=\"color:rgb(129, 188, 48);\">\n\t\t\t\t\t\t<img decoding=\"async\" width=\"1\" height=\"1\" src=\"https:\/\/www.minios.sk\/wp-content\/uploads\/2022\/11\/green-icon-bez-gmo.svg\" class=\"attachment-medium size-medium\" alt=\"\" \/>\t\t\t\t\t<\/div>\n\t\t\t\t<\/div>\n\t\t\t<\/div>\n\t\t\t\t<div class=\"icon-box-text last-reset\">\n\t\t\t<h5 class=\"uppercase\">Bez GMO<\/h5>\t\t\t\t\t\t\n\t\t<\/div>\n\t<\/div>\n\t\n\t\n\t\t<\/div>\n\t\t\t\t\t<\/div>\n\n\t\n<\/div>\n<div><strong>Extrudovan\u00fd v\u00fdrobek<\/strong><\/div>\n<div><\/div>\n<div><strong>Slo\u017een\u00ed:<\/strong> extrudovan\u00e1 kuku\u0159i\u010dn\u00e1 krupice, jogurtov\u00e1 poleva &#8211; 20% (cukr, ztu\u017een\u00fd palmov\u00fd tuk, su\u0161en\u00e9 ml\u00e9ko odst\u0159ed\u011bn\u00e9, su\u0161en\u00e1 syrov\u00e1tka, su\u0161en\u00fd jogurt &#8211; 1.6%, emulg\u00e1tor &#8211; s\u00f3jov\u00fd lecitin, regul\u00e1tor kyselosti, kyselina.<\/div>\n<div><\/div>\n<div><strong>Pr\u016fm\u011brn\u00e9 v\u00fd\u017eivov\u00e9 hodnoty na 100 g v\u00fdrobku:<\/strong><\/div>\n<div>Energetick\u00e1 hodnota 2107 kj \/ 503,46 kcal<\/div>\n<div>Tuky 23,60 g &#8211; z toho nasycen\u00e9 mastn\u00e9 kyseliny 12,80 g<\/div>\n<div>Sacharidy 67,40 g &#8211; z toho cukry 67,40 g<\/div>\n<div>B\u00edlkoviny 5 , 20 g<\/div>\n<div>Jedl\u00e1 s\u016fl 0,08 g.<\/div>\n<div>Upozorn\u011bn\u00ed pro alergiky v\u00fdrobek obsahuje: <strong>jogurt, ml\u00e9ko, syrov\u00e1tku, s\u00f3ju.<\/strong><\/div>\n<div>\n<div><strong>Chra\u0148te p\u0159ed teplem a vlhkem.<\/strong><\/div>\n<div>Zem\u011b p\u016fvodu: \u010cesk\u00e1 republika (obaleno v polev\u011b)<\/div>\n<div>Z\u00e1klad produktu vyroben:<strong> Slovensk\u00e1 republika<\/strong><\/div>\n<\/div>\n<div>Hmotnost:60g<\/div>\n","protected":false},"excerpt":{"rendered":"<p>Extrudovan\u00fd v\u00fdrobek Slo\u017een\u00ed: extrudovan\u00e1 kuku\u0159i\u010dn\u00e1 krupice, jogurtov\u00e1 poleva &#8211; 20% (cukr, ztu\u017een\u00fd palmov\u00fd tuk, su\u0161en\u00e9 ml\u00e9ko odst\u0159ed\u011bn\u00e9, su\u0161en\u00e1 syrov\u00e1tka, su\u0161en\u00fd jogurt &#8211; 1.6%, emulg\u00e1tor &#8211; s\u00f3jov\u00fd lecitin, regul\u00e1tor kyselosti, kyselina. Pr\u016fm\u011brn\u00e9 v\u00fd\u017eivov\u00e9 hodnoty na 100 g v\u00fdrobku: Energetick\u00e1 hodnota 2107 kj \/ 503,46 kcal Tuky 23,60 g &#8211; z toho nasycen\u00e9 mastn\u00e9 kyseliny 12,80 g [&#8230;]\n","protected":false},"featured_media":1487,"comment_status":"open","ping_status":"closed","template":"","meta":{"_acf_changed":false},"product_brand":[],"product_cat":[115,112],"product_tag":[],"class_list":{"0":"post-1509","1":"product","2":"type-product","3":"status-publish","4":"has-post-thumbnail","6":"product_cat-jogurtove-cs-2","7":"product_cat-sladke-cs-2","9":"first","10":"outofstock","11":"taxable","12":"shipping-taxable","13":"purchasable","14":"product-type-simple"},"acf":[],"yoast_head":"<!-- This site is optimized with the Yoast SEO plugin v21.2 - https:\/\/yoast.com\/wordpress\/plugins\/seo\/ -->\n<title>Miniosky kuku\u0159i\u010dn\u00e9 k\u0159upky jogurtov\u00e9 &#8211; MinioS<\/title>\n<meta name=\"robots\" content=\"index, follow, max-snippet:-1, max-image-preview:large, max-video-preview:-1\" \/>\n<link rel=\"canonical\" href=\"https:\/\/www.minios.sk\/cs\/produkt\/miniosky-kukuricne-krupky-jogurtove\/\" \/>\n<meta property=\"og:locale\" content=\"cs_CZ\" \/>\n<meta property=\"og:type\" content=\"article\" \/>\n<meta property=\"og:title\" content=\"Miniosky kuku\u0159i\u010dn\u00e9 k\u0159upky jogurtov\u00e9 &#8211; MinioS\" \/>\n<meta property=\"og:description\" content=\"Extrudovan\u00fd v\u00fdrobek Slo\u017een\u00ed: extrudovan\u00e1 kuku\u0159i\u010dn\u00e1 krupice, jogurtov\u00e1 poleva &#8211; 20% (cukr, ztu\u017een\u00fd palmov\u00fd tuk, su\u0161en\u00e9 ml\u00e9ko odst\u0159ed\u011bn\u00e9, su\u0161en\u00e1 syrov\u00e1tka, su\u0161en\u00fd jogurt &#8211; 1.6%, emulg\u00e1tor &#8211; s\u00f3jov\u00fd lecitin, regul\u00e1tor kyselosti, kyselina. Pr\u016fm\u011brn\u00e9 v\u00fd\u017eivov\u00e9 hodnoty na 100 g v\u00fdrobku: Energetick\u00e1 hodnota 2107 kj \/ 503,46 kcal Tuky 23,60 g &#8211; z toho nasycen\u00e9 mastn\u00e9 kyseliny 12,80 g [...]\" \/>\n<meta property=\"og:url\" content=\"https:\/\/www.minios.sk\/cs\/produkt\/miniosky-kukuricne-krupky-jogurtove\/\" \/>\n<meta property=\"og:site_name\" content=\"MinioS\" \/>\n<meta property=\"article:modified_time\" content=\"2023-06-20T18:42:36+00:00\" \/>\n<meta property=\"og:image\" content=\"https:\/\/www.minios.sk\/wp-content\/uploads\/2023\/03\/Minios-Miniosky-jogurtove-kukuricne-chrumky.png\" \/>\n\t<meta property=\"og:image:width\" content=\"2018\" \/>\n\t<meta property=\"og:image:height\" content=\"2048\" \/>\n\t<meta property=\"og:image:type\" content=\"image\/png\" \/>\n<meta name=\"twitter:card\" content=\"summary_large_image\" \/>\n<meta name=\"twitter:label1\" content=\"Odhadovan\u00e1 doba \u010dten\u00ed\" \/>\n\t<meta name=\"twitter:data1\" content=\"1 minuta\" \/>\n<script type=\"application\/ld+json\" class=\"yoast-schema-graph\">{\"@context\":\"https:\/\/schema.org\",\"@graph\":[{\"@type\":\"WebPage\",\"@id\":\"https:\/\/www.minios.sk\/cs\/produkt\/miniosky-kukuricne-krupky-jogurtove\/\",\"url\":\"https:\/\/www.minios.sk\/cs\/produkt\/miniosky-kukuricne-krupky-jogurtove\/\",\"name\":\"Miniosky kuku\u0159i\u010dn\u00e9 k\u0159upky jogurtov\u00e9 &#8211; MinioS\",\"isPartOf\":{\"@id\":\"https:\/\/www.minios.sk\/cs\/#website\"},\"datePublished\":\"2020-08-21T21:00:37+00:00\",\"dateModified\":\"2023-06-20T18:42:36+00:00\",\"breadcrumb\":{\"@id\":\"https:\/\/www.minios.sk\/cs\/produkt\/miniosky-kukuricne-krupky-jogurtove\/#breadcrumb\"},\"inLanguage\":\"cs\",\"potentialAction\":[{\"@type\":\"ReadAction\",\"target\":[\"https:\/\/www.minios.sk\/cs\/produkt\/miniosky-kukuricne-krupky-jogurtove\/\"]}]},{\"@type\":\"BreadcrumbList\",\"@id\":\"https:\/\/www.minios.sk\/cs\/produkt\/miniosky-kukuricne-krupky-jogurtove\/#breadcrumb\",\"itemListElement\":[{\"@type\":\"ListItem\",\"position\":1,\"name\":\"Domovsk\u00e1 str\u00e1nka\",\"item\":\"https:\/\/www.minios.sk\/cs\/\"},{\"@type\":\"ListItem\",\"position\":2,\"name\":\"Produkty\",\"item\":\"https:\/\/www.minios.sk\/cs\/shop\/\"},{\"@type\":\"ListItem\",\"position\":3,\"name\":\"Miniosky kuku\u0159i\u010dn\u00e9 k\u0159upky jogurtov\u00e9\"}]},{\"@type\":\"WebSite\",\"@id\":\"https:\/\/www.minios.sk\/cs\/#website\",\"url\":\"https:\/\/www.minios.sk\/cs\/\",\"name\":\"MinioS\",\"description\":\"Chrumnite si viac!\",\"publisher\":{\"@id\":\"https:\/\/www.minios.sk\/cs\/#organization\"},\"potentialAction\":[{\"@type\":\"SearchAction\",\"target\":{\"@type\":\"EntryPoint\",\"urlTemplate\":\"https:\/\/www.minios.sk\/cs\/?s={search_term_string}\"},\"query-input\":\"required name=search_term_string\"}],\"inLanguage\":\"cs\"},{\"@type\":\"Organization\",\"@id\":\"https:\/\/www.minios.sk\/cs\/#organization\",\"name\":\"MinioS, s.r.o\",\"url\":\"https:\/\/www.minios.sk\/cs\/\",\"logo\":{\"@type\":\"ImageObject\",\"inLanguage\":\"cs\",\"@id\":\"https:\/\/www.minios.sk\/cs\/#\/schema\/logo\/image\/\",\"url\":\"https:\/\/www.minios.sk\/wp-content\/uploads\/2020\/08\/S.png\",\"contentUrl\":\"https:\/\/www.minios.sk\/wp-content\/uploads\/2020\/08\/S.png\",\"width\":1000,\"height\":1000,\"caption\":\"MinioS, s.r.o\"},\"image\":{\"@id\":\"https:\/\/www.minios.sk\/cs\/#\/schema\/logo\/image\/\"}}]}<\/script>\n<!-- \/ Yoast SEO plugin. -->","yoast_head_json":{"title":"Miniosky kuku\u0159i\u010dn\u00e9 k\u0159upky jogurtov\u00e9 &#8211; MinioS","robots":{"index":"index","follow":"follow","max-snippet":"max-snippet:-1","max-image-preview":"max-image-preview:large","max-video-preview":"max-video-preview:-1"},"canonical":"https:\/\/www.minios.sk\/cs\/produkt\/miniosky-kukuricne-krupky-jogurtove\/","og_locale":"cs_CZ","og_type":"article","og_title":"Miniosky kuku\u0159i\u010dn\u00e9 k\u0159upky jogurtov\u00e9 &#8211; MinioS","og_description":"Extrudovan\u00fd v\u00fdrobek Slo\u017een\u00ed: extrudovan\u00e1 kuku\u0159i\u010dn\u00e1 krupice, jogurtov\u00e1 poleva &#8211; 20% (cukr, ztu\u017een\u00fd palmov\u00fd tuk, su\u0161en\u00e9 ml\u00e9ko odst\u0159ed\u011bn\u00e9, su\u0161en\u00e1 syrov\u00e1tka, su\u0161en\u00fd jogurt &#8211; 1.6%, emulg\u00e1tor &#8211; s\u00f3jov\u00fd lecitin, regul\u00e1tor kyselosti, kyselina. Pr\u016fm\u011brn\u00e9 v\u00fd\u017eivov\u00e9 hodnoty na 100 g v\u00fdrobku: Energetick\u00e1 hodnota 2107 kj \/ 503,46 kcal Tuky 23,60 g &#8211; z toho nasycen\u00e9 mastn\u00e9 kyseliny 12,80 g [...]","og_url":"https:\/\/www.minios.sk\/cs\/produkt\/miniosky-kukuricne-krupky-jogurtove\/","og_site_name":"MinioS","article_modified_time":"2023-06-20T18:42:36+00:00","og_image":[{"width":2018,"height":2048,"url":"https:\/\/www.minios.sk\/wp-content\/uploads\/2023\/03\/Minios-Miniosky-jogurtove-kukuricne-chrumky.png","type":"image\/png"}],"twitter_card":"summary_large_image","twitter_misc":{"Odhadovan\u00e1 doba \u010dten\u00ed":"1 minuta"},"schema":{"@context":"https:\/\/schema.org","@graph":[{"@type":"WebPage","@id":"https:\/\/www.minios.sk\/cs\/produkt\/miniosky-kukuricne-krupky-jogurtove\/","url":"https:\/\/www.minios.sk\/cs\/produkt\/miniosky-kukuricne-krupky-jogurtove\/","name":"Miniosky kuku\u0159i\u010dn\u00e9 k\u0159upky jogurtov\u00e9 &#8211; MinioS","isPartOf":{"@id":"https:\/\/www.minios.sk\/cs\/#website"},"datePublished":"2020-08-21T21:00:37+00:00","dateModified":"2023-06-20T18:42:36+00:00","breadcrumb":{"@id":"https:\/\/www.minios.sk\/cs\/produkt\/miniosky-kukuricne-krupky-jogurtove\/#breadcrumb"},"inLanguage":"cs","potentialAction":[{"@type":"ReadAction","target":["https:\/\/www.minios.sk\/cs\/produkt\/miniosky-kukuricne-krupky-jogurtove\/"]}]},{"@type":"BreadcrumbList","@id":"https:\/\/www.minios.sk\/cs\/produkt\/miniosky-kukuricne-krupky-jogurtove\/#breadcrumb","itemListElement":[{"@type":"ListItem","position":1,"name":"Domovsk\u00e1 str\u00e1nka","item":"https:\/\/www.minios.sk\/cs\/"},{"@type":"ListItem","position":2,"name":"Produkty","item":"https:\/\/www.minios.sk\/cs\/shop\/"},{"@type":"ListItem","position":3,"name":"Miniosky kuku\u0159i\u010dn\u00e9 k\u0159upky jogurtov\u00e9"}]},{"@type":"WebSite","@id":"https:\/\/www.minios.sk\/cs\/#website","url":"https:\/\/www.minios.sk\/cs\/","name":"MinioS","description":"Chrumnite si viac!","publisher":{"@id":"https:\/\/www.minios.sk\/cs\/#organization"},"potentialAction":[{"@type":"SearchAction","target":{"@type":"EntryPoint","urlTemplate":"https:\/\/www.minios.sk\/cs\/?s={search_term_string}"},"query-input":"required name=search_term_string"}],"inLanguage":"cs"},{"@type":"Organization","@id":"https:\/\/www.minios.sk\/cs\/#organization","name":"MinioS, s.r.o","url":"https:\/\/www.minios.sk\/cs\/","logo":{"@type":"ImageObject","inLanguage":"cs","@id":"https:\/\/www.minios.sk\/cs\/#\/schema\/logo\/image\/","url":"https:\/\/www.minios.sk\/wp-content\/uploads\/2020\/08\/S.png","contentUrl":"https:\/\/www.minios.sk\/wp-content\/uploads\/2020\/08\/S.png","width":1000,"height":1000,"caption":"MinioS, s.r.o"},"image":{"@id":"https:\/\/www.minios.sk\/cs\/#\/schema\/logo\/image\/"}}]}},"_links":{"self":[{"href":"https:\/\/www.minios.sk\/cs\/wp-json\/wp\/v2\/product\/1509","targetHints":{"allow":["GET"]}}],"collection":[{"href":"https:\/\/www.minios.sk\/cs\/wp-json\/wp\/v2\/product"}],"about":[{"href":"https:\/\/www.minios.sk\/cs\/wp-json\/wp\/v2\/types\/product"}],"replies":[{"embeddable":true,"href":"https:\/\/www.minios.sk\/cs\/wp-json\/wp\/v2\/comments?post=1509"}],"wp:featuredmedia":[{"embeddable":true,"href":"https:\/\/www.minios.sk\/cs\/wp-json\/wp\/v2\/media\/1487"}],"wp:attachment":[{"href":"https:\/\/www.minios.sk\/cs\/wp-json\/wp\/v2\/media?parent=1509"}],"wp:term":[{"taxonomy":"product_brand","embeddable":true,"href":"https:\/\/www.minios.sk\/cs\/wp-json\/wp\/v2\/product_brand?post=1509"},{"taxonomy":"product_cat","embeddable":true,"href":"https:\/\/www.minios.sk\/cs\/wp-json\/wp\/v2\/product_cat?post=1509"},{"taxonomy":"product_tag","embeddable":true,"href":"https:\/\/www.minios.sk\/cs\/wp-json\/wp\/v2\/product_tag?post=1509"}],"curies":[{"name":"wp","href":"https:\/\/api.w.org\/{rel}","templated":true}]}}