{"id":1506,"date":"2020-08-21T23:00:37","date_gmt":"2020-08-21T21:00:37","guid":{"rendered":"https:\/\/www.minios.sk\/produkt\/miniosky-kukuricne-krupky-syrovy-snack\/"},"modified":"2026-02-04T15:04:58","modified_gmt":"2026-02-04T14:04:58","slug":"miniosky-kukuricne-krupky-syrovy-snack","status":"publish","type":"product","link":"https:\/\/www.minios.sk\/cs\/produkt\/miniosky-kukuricne-krupky-syrovy-snack\/","title":{"rendered":"Miniosky kuku\u0159i\u010dn\u00e9 k\u0159upky s\u00fdrov\u00fd snack"},"content":{"rendered":"<div class=\"row\"  id=\"row-1360606011\">\n\n\t<div id=\"col-897707383\" class=\"col medium-3 small-6 large-3\"  >\n\t\t\t\t<div class=\"col-inner text-center\"  >\n\t\t\t\n\t\t\t\n\n\t\t<div class=\"icon-box featured-box vyhody icon-box-center text-center is-small\"  >\n\t\t\t\t\t<div class=\"icon-box-img\" style=\"width: 50px\">\n\t\t\t\t<div class=\"icon\">\n\t\t\t\t\t<div class=\"icon-inner\" style=\"color:rgb(129, 188, 48);\">\n\t\t\t\t\t\t<img decoding=\"async\" width=\"1\" height=\"1\" src=\"https:\/\/www.minios.sk\/wp-content\/uploads\/2022\/11\/green-icon-bez-lepku.svg\" class=\"attachment-medium size-medium\" alt=\"\" \/>\t\t\t\t\t<\/div>\n\t\t\t\t<\/div>\n\t\t\t<\/div>\n\t\t\t\t<div class=\"icon-box-text last-reset\">\n\t\t\t<h5 class=\"uppercase\">Bez lepku<\/h5>\t\t\t\t\t\t\n\t\t<\/div>\n\t<\/div>\n\t\n\t\n\t\t<\/div>\n\t\t\t\t\t<\/div>\n\n\t\n\n\t<div id=\"col-1541902438\" class=\"col medium-3 small-6 large-3\"  >\n\t\t\t\t<div class=\"col-inner text-center\"  >\n\t\t\t\n\t\t\t\n\n\t\t<div class=\"icon-box featured-box vyhody icon-box-center text-center is-small\"  >\n\t\t\t\t\t<div class=\"icon-box-img\" style=\"width: 50px\">\n\t\t\t\t<div class=\"icon\">\n\t\t\t\t\t<div class=\"icon-inner\" style=\"color:rgb(129, 188, 48);\">\n\t\t\t\t\t\t<img decoding=\"async\" width=\"1\" height=\"1\" src=\"https:\/\/www.minios.sk\/wp-content\/uploads\/2022\/11\/green-icon-bez-gmo.svg\" class=\"attachment-medium size-medium\" alt=\"\" \/>\t\t\t\t\t<\/div>\n\t\t\t\t<\/div>\n\t\t\t<\/div>\n\t\t\t\t<div class=\"icon-box-text last-reset\">\n\t\t\t<h5 class=\"uppercase\">Bez GMO<\/h5>\t\t\t\t\t\t\n\t\t<\/div>\n\t<\/div>\n\t\n\t\n\t\t<\/div>\n\t\t\t\t\t<\/div>\n\n\t\n\n\t<div id=\"col-424617877\" class=\"col medium-3 small-12 large-3\"  >\n\t\t\t\t<div class=\"col-inner text-center\"  >\n\t\t\t\n\t\t\t\n\n\t\t<div class=\"icon-box featured-box vyhody icon-box-center text-center is-small\"  >\n\t\t\t\t\t<div class=\"icon-box-img\" style=\"width: 50px\">\n\t\t\t\t<div class=\"icon\">\n\t\t\t\t\t<div class=\"icon-inner\" style=\"color:rgb(129, 188, 48);\">\n\t\t\t\t\t\t<img decoding=\"async\" width=\"1\" height=\"1\" src=\"https:\/\/www.minios.sk\/wp-content\/uploads\/2022\/11\/green-icon-menej-cukru.svg\" class=\"attachment-medium size-medium\" alt=\"\" \/>\t\t\t\t\t<\/div>\n\t\t\t\t<\/div>\n\t\t\t<\/div>\n\t\t\t\t<div class=\"icon-box-text last-reset\">\n\t\t\t<h5 class=\"uppercase\">M\u00e9n\u011b cukru<\/h5>\t\t\t\t\t\t\n\t\t<\/div>\n\t<\/div>\n\t\n\t\n\t\t<\/div>\n\t\t\t\t\t<\/div>\n\n\t\n<\/div>\n<div><strong>Extrudovan\u00fd v\u00fdrobek s p\u0159\u00edchut\u00ed s\u00fdra.<\/strong><\/div>\n<div><\/div>\n<div><strong>Slo\u017een\u00ed:<\/strong> kuku\u0159i\u010dn\u00e1 krupice 75%, rostlinn\u00fd olej \u0159epkov\u00fd, p\u0159\u00edchu\u0165 (aroma paprikov\u00fd extrakt, s\u016fl, \u0161krob, gluk\u00f3zov\u00fd sirup, cukr) extrakty ko\u0159en\u00ed (obsahuje celer a s\u00f3ju) l\u00e1tky zv\u00fdraz\u0148uj\u00edc\u00ed chu\u0165 a v\u016fni ( E621, E635) su\u0161en\u00e1 zelenina su\u0161en\u00e9 ml\u00e9ko, protihrudkuj\u00edc\u00ed l\u00e1tka E341.<\/div>\n<div><strong>Alergeny: s\u00f3ja, ml\u00e9ko a celer.<\/strong><\/div>\n<div><strong>Pr\u016fm\u011brn\u00e9 v\u00fd\u017eivov\u00e9 hodnoty na 100 g v\u00fdrobku:<\/strong><\/div>\n<div>Energetick\u00e1 hodnota 1918 kj \/ 457 kcal<\/div>\n<div>Tuky 16,92 g &#8211; z toho nasycen\u00e9 mastn\u00e9 kyseliny 1,81 g<\/div>\n<div>Sacharidy 66,13 g &#8211; z toho cukry &lt;1 g<\/div>\n<div>B\u00edlkoviny 7,82 g<\/div>\n<div>Jedl\u00e1 s\u016fl 2,054 g.<\/div>\n<div><strong>Chra\u0148te p\u0159ed teplem a vlhkem.<\/strong><\/div>\n<div>Hmostnost:50g<\/div>\n","protected":false},"excerpt":{"rendered":"<p>Extrudovan\u00fd v\u00fdrobek s p\u0159\u00edchut\u00ed s\u00fdra. Slo\u017een\u00ed: kuku\u0159i\u010dn\u00e1 krupice 75%, rostlinn\u00fd olej \u0159epkov\u00fd, p\u0159\u00edchu\u0165 (aroma paprikov\u00fd extrakt, s\u016fl, \u0161krob, gluk\u00f3zov\u00fd sirup, cukr) extrakty ko\u0159en\u00ed (obsahuje celer a s\u00f3ju) l\u00e1tky zv\u00fdraz\u0148uj\u00edc\u00ed chu\u0165 a v\u016fni ( E621, E635) su\u0161en\u00e1 zelenina su\u0161en\u00e9 ml\u00e9ko, protihrudkuj\u00edc\u00ed l\u00e1tka E341. Alergeny: s\u00f3ja, ml\u00e9ko a celer. Pr\u016fm\u011brn\u00e9 v\u00fd\u017eivov\u00e9 hodnoty na 100 g v\u00fdrobku: Energetick\u00e1 [&#8230;]\n","protected":false},"featured_media":2268,"comment_status":"open","ping_status":"closed","template":"","meta":{"_acf_changed":false},"product_brand":[],"product_cat":[117,119],"product_tag":[],"class_list":{"0":"post-1506","1":"product","2":"type-product","3":"status-publish","4":"has-post-thumbnail","6":"product_cat-slane-cs","7":"product_cat-syrovy-snack-cs","9":"first","10":"instock","11":"taxable","12":"shipping-taxable","13":"purchasable","14":"product-type-simple"},"acf":[],"yoast_head":"<!-- This site is optimized with the Yoast SEO plugin v27.5 - https:\/\/yoast.com\/product\/yoast-seo-wordpress\/ -->\n<title>Miniosky kuku\u0159i\u010dn\u00e9 k\u0159upky s\u00fdrov\u00fd snack &#8211; MinioS<\/title>\n<meta name=\"robots\" content=\"index, follow, max-snippet:-1, max-image-preview:large, max-video-preview:-1\" \/>\n<link rel=\"canonical\" href=\"https:\/\/www.minios.sk\/cs\/produkt\/miniosky-kukuricne-krupky-syrovy-snack\/\" \/>\n<meta property=\"og:locale\" content=\"cs_CZ\" \/>\n<meta property=\"og:type\" content=\"article\" \/>\n<meta property=\"og:title\" content=\"Miniosky kuku\u0159i\u010dn\u00e9 k\u0159upky s\u00fdrov\u00fd snack &#8211; MinioS\" \/>\n<meta property=\"og:description\" content=\"Extrudovan\u00fd v\u00fdrobek s p\u0159\u00edchut\u00ed s\u00fdra. Slo\u017een\u00ed: kuku\u0159i\u010dn\u00e1 krupice 75%, rostlinn\u00fd olej \u0159epkov\u00fd, p\u0159\u00edchu\u0165 (aroma paprikov\u00fd extrakt, s\u016fl, \u0161krob, gluk\u00f3zov\u00fd sirup, cukr) extrakty ko\u0159en\u00ed (obsahuje celer a s\u00f3ju) l\u00e1tky zv\u00fdraz\u0148uj\u00edc\u00ed chu\u0165 a v\u016fni ( E621, E635) su\u0161en\u00e1 zelenina su\u0161en\u00e9 ml\u00e9ko, protihrudkuj\u00edc\u00ed l\u00e1tka E341. Alergeny: s\u00f3ja, ml\u00e9ko a celer. Pr\u016fm\u011brn\u00e9 v\u00fd\u017eivov\u00e9 hodnoty na 100 g v\u00fdrobku: Energetick\u00e1 [...]\" \/>\n<meta property=\"og:url\" content=\"https:\/\/www.minios.sk\/cs\/produkt\/miniosky-kukuricne-krupky-syrovy-snack\/\" \/>\n<meta property=\"og:site_name\" content=\"MinioS\" \/>\n<meta property=\"article:modified_time\" content=\"2026-02-04T14:04:58+00:00\" \/>\n<meta property=\"og:image\" content=\"https:\/\/www.minios.sk\/wp-content\/uploads\/2020\/08\/SYROVY-SNACK-1.png\" \/>\n\t<meta property=\"og:image:width\" content=\"2018\" \/>\n\t<meta property=\"og:image:height\" content=\"2048\" \/>\n\t<meta property=\"og:image:type\" content=\"image\/png\" \/>\n<meta name=\"twitter:card\" content=\"summary_large_image\" \/>\n<meta name=\"twitter:label1\" content=\"Odhadovan\u00e1 doba \u010dten\u00ed\" \/>\n\t<meta name=\"twitter:data1\" content=\"1 minuta\" \/>\n<script type=\"application\/ld+json\" class=\"yoast-schema-graph\">{\"@context\":\"https:\\\/\\\/schema.org\",\"@graph\":[{\"@type\":\"WebPage\",\"@id\":\"https:\\\/\\\/www.minios.sk\\\/cs\\\/produkt\\\/miniosky-kukuricne-krupky-syrovy-snack\\\/\",\"url\":\"https:\\\/\\\/www.minios.sk\\\/cs\\\/produkt\\\/miniosky-kukuricne-krupky-syrovy-snack\\\/\",\"name\":\"Miniosky kuku\u0159i\u010dn\u00e9 k\u0159upky s\u00fdrov\u00fd snack &#8211; MinioS\",\"isPartOf\":{\"@id\":\"https:\\\/\\\/www.minios.sk\\\/cs\\\/#website\"},\"primaryImageOfPage\":{\"@id\":\"https:\\\/\\\/www.minios.sk\\\/cs\\\/produkt\\\/miniosky-kukuricne-krupky-syrovy-snack\\\/#primaryimage\"},\"image\":{\"@id\":\"https:\\\/\\\/www.minios.sk\\\/cs\\\/produkt\\\/miniosky-kukuricne-krupky-syrovy-snack\\\/#primaryimage\"},\"thumbnailUrl\":\"https:\\\/\\\/www.minios.sk\\\/wp-content\\\/uploads\\\/2020\\\/08\\\/SYROVY-SNACK-1.png\",\"datePublished\":\"2020-08-21T21:00:37+00:00\",\"dateModified\":\"2026-02-04T14:04:58+00:00\",\"breadcrumb\":{\"@id\":\"https:\\\/\\\/www.minios.sk\\\/cs\\\/produkt\\\/miniosky-kukuricne-krupky-syrovy-snack\\\/#breadcrumb\"},\"inLanguage\":\"cs\",\"potentialAction\":[{\"@type\":\"ReadAction\",\"target\":[\"https:\\\/\\\/www.minios.sk\\\/cs\\\/produkt\\\/miniosky-kukuricne-krupky-syrovy-snack\\\/\"]}]},{\"@type\":\"ImageObject\",\"inLanguage\":\"cs\",\"@id\":\"https:\\\/\\\/www.minios.sk\\\/cs\\\/produkt\\\/miniosky-kukuricne-krupky-syrovy-snack\\\/#primaryimage\",\"url\":\"https:\\\/\\\/www.minios.sk\\\/wp-content\\\/uploads\\\/2020\\\/08\\\/SYROVY-SNACK-1.png\",\"contentUrl\":\"https:\\\/\\\/www.minios.sk\\\/wp-content\\\/uploads\\\/2020\\\/08\\\/SYROVY-SNACK-1.png\",\"width\":2018,\"height\":2048},{\"@type\":\"BreadcrumbList\",\"@id\":\"https:\\\/\\\/www.minios.sk\\\/cs\\\/produkt\\\/miniosky-kukuricne-krupky-syrovy-snack\\\/#breadcrumb\",\"itemListElement\":[{\"@type\":\"ListItem\",\"position\":1,\"name\":\"Domovsk\u00e1 str\u00e1nka\",\"item\":\"https:\\\/\\\/www.minios.sk\\\/cs\\\/\"},{\"@type\":\"ListItem\",\"position\":2,\"name\":\"Produkty\",\"item\":\"https:\\\/\\\/www.minios.sk\\\/cs\\\/shop\\\/\"},{\"@type\":\"ListItem\",\"position\":3,\"name\":\"Miniosky kuku\u0159i\u010dn\u00e9 k\u0159upky s\u00fdrov\u00fd snack\"}]},{\"@type\":\"WebSite\",\"@id\":\"https:\\\/\\\/www.minios.sk\\\/cs\\\/#website\",\"url\":\"https:\\\/\\\/www.minios.sk\\\/cs\\\/\",\"name\":\"MinioS\",\"description\":\"Chrumnite si viac!\",\"publisher\":{\"@id\":\"https:\\\/\\\/www.minios.sk\\\/cs\\\/#organization\"},\"potentialAction\":[{\"@type\":\"SearchAction\",\"target\":{\"@type\":\"EntryPoint\",\"urlTemplate\":\"https:\\\/\\\/www.minios.sk\\\/cs\\\/?s={search_term_string}\"},\"query-input\":{\"@type\":\"PropertyValueSpecification\",\"valueRequired\":true,\"valueName\":\"search_term_string\"}}],\"inLanguage\":\"cs\"},{\"@type\":\"Organization\",\"@id\":\"https:\\\/\\\/www.minios.sk\\\/cs\\\/#organization\",\"name\":\"MinioS, s.r.o\",\"url\":\"https:\\\/\\\/www.minios.sk\\\/cs\\\/\",\"logo\":{\"@type\":\"ImageObject\",\"inLanguage\":\"cs\",\"@id\":\"https:\\\/\\\/www.minios.sk\\\/cs\\\/#\\\/schema\\\/logo\\\/image\\\/\",\"url\":\"https:\\\/\\\/www.minios.sk\\\/wp-content\\\/uploads\\\/2020\\\/08\\\/S.png\",\"contentUrl\":\"https:\\\/\\\/www.minios.sk\\\/wp-content\\\/uploads\\\/2020\\\/08\\\/S.png\",\"width\":1000,\"height\":1000,\"caption\":\"MinioS, s.r.o\"},\"image\":{\"@id\":\"https:\\\/\\\/www.minios.sk\\\/cs\\\/#\\\/schema\\\/logo\\\/image\\\/\"}}]}<\/script>\n<!-- \/ Yoast SEO plugin. -->","yoast_head_json":{"title":"Miniosky kuku\u0159i\u010dn\u00e9 k\u0159upky s\u00fdrov\u00fd snack &#8211; MinioS","robots":{"index":"index","follow":"follow","max-snippet":"max-snippet:-1","max-image-preview":"max-image-preview:large","max-video-preview":"max-video-preview:-1"},"canonical":"https:\/\/www.minios.sk\/cs\/produkt\/miniosky-kukuricne-krupky-syrovy-snack\/","og_locale":"cs_CZ","og_type":"article","og_title":"Miniosky kuku\u0159i\u010dn\u00e9 k\u0159upky s\u00fdrov\u00fd snack &#8211; MinioS","og_description":"Extrudovan\u00fd v\u00fdrobek s p\u0159\u00edchut\u00ed s\u00fdra. Slo\u017een\u00ed: kuku\u0159i\u010dn\u00e1 krupice 75%, rostlinn\u00fd olej \u0159epkov\u00fd, p\u0159\u00edchu\u0165 (aroma paprikov\u00fd extrakt, s\u016fl, \u0161krob, gluk\u00f3zov\u00fd sirup, cukr) extrakty ko\u0159en\u00ed (obsahuje celer a s\u00f3ju) l\u00e1tky zv\u00fdraz\u0148uj\u00edc\u00ed chu\u0165 a v\u016fni ( E621, E635) su\u0161en\u00e1 zelenina su\u0161en\u00e9 ml\u00e9ko, protihrudkuj\u00edc\u00ed l\u00e1tka E341. Alergeny: s\u00f3ja, ml\u00e9ko a celer. Pr\u016fm\u011brn\u00e9 v\u00fd\u017eivov\u00e9 hodnoty na 100 g v\u00fdrobku: Energetick\u00e1 [...]","og_url":"https:\/\/www.minios.sk\/cs\/produkt\/miniosky-kukuricne-krupky-syrovy-snack\/","og_site_name":"MinioS","article_modified_time":"2026-02-04T14:04:58+00:00","og_image":[{"width":2018,"height":2048,"url":"https:\/\/www.minios.sk\/wp-content\/uploads\/2020\/08\/SYROVY-SNACK-1.png","type":"image\/png"}],"twitter_card":"summary_large_image","twitter_misc":{"Odhadovan\u00e1 doba \u010dten\u00ed":"1 minuta"},"schema":{"@context":"https:\/\/schema.org","@graph":[{"@type":"WebPage","@id":"https:\/\/www.minios.sk\/cs\/produkt\/miniosky-kukuricne-krupky-syrovy-snack\/","url":"https:\/\/www.minios.sk\/cs\/produkt\/miniosky-kukuricne-krupky-syrovy-snack\/","name":"Miniosky kuku\u0159i\u010dn\u00e9 k\u0159upky s\u00fdrov\u00fd snack &#8211; MinioS","isPartOf":{"@id":"https:\/\/www.minios.sk\/cs\/#website"},"primaryImageOfPage":{"@id":"https:\/\/www.minios.sk\/cs\/produkt\/miniosky-kukuricne-krupky-syrovy-snack\/#primaryimage"},"image":{"@id":"https:\/\/www.minios.sk\/cs\/produkt\/miniosky-kukuricne-krupky-syrovy-snack\/#primaryimage"},"thumbnailUrl":"https:\/\/www.minios.sk\/wp-content\/uploads\/2020\/08\/SYROVY-SNACK-1.png","datePublished":"2020-08-21T21:00:37+00:00","dateModified":"2026-02-04T14:04:58+00:00","breadcrumb":{"@id":"https:\/\/www.minios.sk\/cs\/produkt\/miniosky-kukuricne-krupky-syrovy-snack\/#breadcrumb"},"inLanguage":"cs","potentialAction":[{"@type":"ReadAction","target":["https:\/\/www.minios.sk\/cs\/produkt\/miniosky-kukuricne-krupky-syrovy-snack\/"]}]},{"@type":"ImageObject","inLanguage":"cs","@id":"https:\/\/www.minios.sk\/cs\/produkt\/miniosky-kukuricne-krupky-syrovy-snack\/#primaryimage","url":"https:\/\/www.minios.sk\/wp-content\/uploads\/2020\/08\/SYROVY-SNACK-1.png","contentUrl":"https:\/\/www.minios.sk\/wp-content\/uploads\/2020\/08\/SYROVY-SNACK-1.png","width":2018,"height":2048},{"@type":"BreadcrumbList","@id":"https:\/\/www.minios.sk\/cs\/produkt\/miniosky-kukuricne-krupky-syrovy-snack\/#breadcrumb","itemListElement":[{"@type":"ListItem","position":1,"name":"Domovsk\u00e1 str\u00e1nka","item":"https:\/\/www.minios.sk\/cs\/"},{"@type":"ListItem","position":2,"name":"Produkty","item":"https:\/\/www.minios.sk\/cs\/shop\/"},{"@type":"ListItem","position":3,"name":"Miniosky kuku\u0159i\u010dn\u00e9 k\u0159upky s\u00fdrov\u00fd snack"}]},{"@type":"WebSite","@id":"https:\/\/www.minios.sk\/cs\/#website","url":"https:\/\/www.minios.sk\/cs\/","name":"MinioS","description":"Chrumnite si viac!","publisher":{"@id":"https:\/\/www.minios.sk\/cs\/#organization"},"potentialAction":[{"@type":"SearchAction","target":{"@type":"EntryPoint","urlTemplate":"https:\/\/www.minios.sk\/cs\/?s={search_term_string}"},"query-input":{"@type":"PropertyValueSpecification","valueRequired":true,"valueName":"search_term_string"}}],"inLanguage":"cs"},{"@type":"Organization","@id":"https:\/\/www.minios.sk\/cs\/#organization","name":"MinioS, s.r.o","url":"https:\/\/www.minios.sk\/cs\/","logo":{"@type":"ImageObject","inLanguage":"cs","@id":"https:\/\/www.minios.sk\/cs\/#\/schema\/logo\/image\/","url":"https:\/\/www.minios.sk\/wp-content\/uploads\/2020\/08\/S.png","contentUrl":"https:\/\/www.minios.sk\/wp-content\/uploads\/2020\/08\/S.png","width":1000,"height":1000,"caption":"MinioS, s.r.o"},"image":{"@id":"https:\/\/www.minios.sk\/cs\/#\/schema\/logo\/image\/"}}]}},"_links":{"self":[{"href":"https:\/\/www.minios.sk\/cs\/wp-json\/wp\/v2\/product\/1506","targetHints":{"allow":["GET"]}}],"collection":[{"href":"https:\/\/www.minios.sk\/cs\/wp-json\/wp\/v2\/product"}],"about":[{"href":"https:\/\/www.minios.sk\/cs\/wp-json\/wp\/v2\/types\/product"}],"replies":[{"embeddable":true,"href":"https:\/\/www.minios.sk\/cs\/wp-json\/wp\/v2\/comments?post=1506"}],"wp:featuredmedia":[{"embeddable":true,"href":"https:\/\/www.minios.sk\/cs\/wp-json\/wp\/v2\/media\/2268"}],"wp:attachment":[{"href":"https:\/\/www.minios.sk\/cs\/wp-json\/wp\/v2\/media?parent=1506"}],"wp:term":[{"taxonomy":"product_brand","embeddable":true,"href":"https:\/\/www.minios.sk\/cs\/wp-json\/wp\/v2\/product_brand?post=1506"},{"taxonomy":"product_cat","embeddable":true,"href":"https:\/\/www.minios.sk\/cs\/wp-json\/wp\/v2\/product_cat?post=1506"},{"taxonomy":"product_tag","embeddable":true,"href":"https:\/\/www.minios.sk\/cs\/wp-json\/wp\/v2\/product_tag?post=1506"}],"curies":[{"name":"wp","href":"https:\/\/api.w.org\/{rel}","templated":true}]}}