{"id":1504,"date":"2020-08-21T23:00:38","date_gmt":"2020-08-21T21:00:38","guid":{"rendered":"https:\/\/www.minios.sk\/produkt\/miniosky-kukuricne-krupky-ovimix\/"},"modified":"2026-02-04T15:17:57","modified_gmt":"2026-02-04T14:17:57","slug":"miniosky-kukuricne-krupky-ovimix","status":"publish","type":"product","link":"https:\/\/www.minios.sk\/cs\/produkt\/miniosky-kukuricne-krupky-ovimix\/","title":{"rendered":"Miniosky kuku\u0159i\u010dn\u00e9 k\u0159upky ovimix"},"content":{"rendered":"<div class=\"row\"  id=\"row-1997388881\">\n\n\t<div id=\"col-1088146099\" class=\"col medium-2 small-6 large-2\"  >\n\t\t\t\t<div class=\"col-inner text-center\"  >\n\t\t\t\n\t\t\t\n\n\t\t<div class=\"icon-box featured-box vyhody icon-box-center text-center is-small\"  >\n\t\t\t\t\t<div class=\"icon-box-img\" style=\"width: 50px\">\n\t\t\t\t<div class=\"icon\">\n\t\t\t\t\t<div class=\"icon-inner\" style=\"color:rgb(129, 188, 48);\">\n\t\t\t\t\t\t<img decoding=\"async\" width=\"1\" height=\"1\" src=\"https:\/\/www.minios.sk\/wp-content\/uploads\/2022\/11\/green-icon-veganske.svg\" class=\"attachment-medium size-medium\" alt=\"\" \/>\t\t\t\t\t<\/div>\n\t\t\t\t<\/div>\n\t\t\t<\/div>\n\t\t\t\t<div class=\"icon-box-text last-reset\">\n\t\t\t<h5 class=\"uppercase\">Vegansk\u00e9<\/h5>\t\t\t\t\t\t\n\t\t<\/div>\n\t<\/div>\n\t\n\t\n\t\t<\/div>\n\t\t\t\t\t<\/div>\n\n\t\n\n\t<div id=\"col-1207716603\" class=\"col medium-2 small-6 large-2\"  >\n\t\t\t\t<div class=\"col-inner text-center\"  >\n\t\t\t\n\t\t\t\n\n\t\t<div class=\"icon-box featured-box vyhody icon-box-center text-center is-small\"  >\n\t\t\t\t\t<div class=\"icon-box-img\" style=\"width: 50px\">\n\t\t\t\t<div class=\"icon\">\n\t\t\t\t\t<div class=\"icon-inner\" style=\"color:rgb(129, 188, 48);\">\n\t\t\t\t\t\t<img decoding=\"async\" width=\"1\" height=\"1\" src=\"https:\/\/www.minios.sk\/wp-content\/uploads\/2022\/11\/green-icon-prirodne-zlozenie.svg\" class=\"attachment-medium size-medium\" alt=\"\" \/>\t\t\t\t\t<\/div>\n\t\t\t\t<\/div>\n\t\t\t<\/div>\n\t\t\t\t<div class=\"icon-box-text last-reset\">\n\t\t\t<h5 class=\"uppercase\">P\u0159\u00edrodn\u00ed slo\u017een\u00ed<\/h5>\t\t\t\t\t\t\n\t\t<\/div>\n\t<\/div>\n\t\n\t\n\t\t<\/div>\n\t\t\t\t\t<\/div>\n\n\t\n\n\t<div id=\"col-1267351534\" class=\"col medium-2 small-6 large-2\"  >\n\t\t\t\t<div class=\"col-inner text-center\"  >\n\t\t\t\n\t\t\t\n\n\t\t<div class=\"icon-box featured-box vyhody icon-box-center text-center is-small\"  >\n\t\t\t\t\t<div class=\"icon-box-img\" style=\"width: 50px\">\n\t\t\t\t<div class=\"icon\">\n\t\t\t\t\t<div class=\"icon-inner\" style=\"color:rgb(129, 188, 48);\">\n\t\t\t\t\t\t<img decoding=\"async\" width=\"1\" height=\"1\" src=\"https:\/\/www.minios.sk\/wp-content\/uploads\/2022\/11\/green-icon-bez-lepku.svg\" class=\"attachment-medium size-medium\" alt=\"\" \/>\t\t\t\t\t<\/div>\n\t\t\t\t<\/div>\n\t\t\t<\/div>\n\t\t\t\t<div class=\"icon-box-text last-reset\">\n\t\t\t<h5 class=\"uppercase\">Bez lepku<\/h5>\t\t\t\t\t\t\n\t\t<\/div>\n\t<\/div>\n\t\n\t\n\t\t<\/div>\n\t\t\t\t\t<\/div>\n\n\t\n\n\t<div id=\"col-1734644653\" class=\"col medium-2 small-6 large-2\"  >\n\t\t\t\t<div class=\"col-inner text-center\"  >\n\t\t\t\n\t\t\t\n\n\t\t<div class=\"icon-box featured-box vyhody icon-box-center text-center is-small\"  >\n\t\t\t\t\t<div class=\"icon-box-img\" style=\"width: 50px\">\n\t\t\t\t<div class=\"icon\">\n\t\t\t\t\t<div class=\"icon-inner\" style=\"color:rgb(129, 188, 48);\">\n\t\t\t\t\t\t<img loading=\"lazy\" decoding=\"async\" width=\"1\" height=\"1\" src=\"https:\/\/www.minios.sk\/wp-content\/uploads\/2022\/11\/green-icon-bez-konzervantov.svg\" class=\"attachment-medium size-medium\" alt=\"\" \/>\t\t\t\t\t<\/div>\n\t\t\t\t<\/div>\n\t\t\t<\/div>\n\t\t\t\t<div class=\"icon-box-text last-reset\">\n\t\t\t<h5 class=\"uppercase\">Bez konzervant\u016f<\/h5>\t\t\t\t\t\t\n\t\t<\/div>\n\t<\/div>\n\t\n\t\n\t\t<\/div>\n\t\t\t\t\t<\/div>\n\n\t\n\n\t<div id=\"col-236640092\" class=\"col medium-2 small-12 large-2\"  >\n\t\t\t\t<div class=\"col-inner text-center\"  >\n\t\t\t\n\t\t\t\n\n\t\t<div class=\"icon-box featured-box vyhody icon-box-center text-center is-small\"  >\n\t\t\t\t\t<div class=\"icon-box-img\" style=\"width: 50px\">\n\t\t\t\t<div class=\"icon\">\n\t\t\t\t\t<div class=\"icon-inner\" style=\"color:rgb(129, 188, 48);\">\n\t\t\t\t\t\t<img loading=\"lazy\" decoding=\"async\" width=\"1\" height=\"1\" src=\"https:\/\/www.minios.sk\/wp-content\/uploads\/2022\/11\/green-icon-bez-gmo.svg\" class=\"attachment-medium size-medium\" alt=\"\" \/>\t\t\t\t\t<\/div>\n\t\t\t\t<\/div>\n\t\t\t<\/div>\n\t\t\t\t<div class=\"icon-box-text last-reset\">\n\t\t\t<h5 class=\"uppercase\">Bez GMO<\/h5>\t\t\t\t\t\t\n\t\t<\/div>\n\t<\/div>\n\t\n\t\n\t\t<\/div>\n\t\t\t\t\t<\/div>\n\n\t\n<\/div>\n<p><strong>Extrudovan\u00fd v\u00fdrobek<\/strong><\/p>\n<p><strong>Slo\u017een\u00ed:<\/strong> Kuku\u0159i\u010dn\u00e1 krupice 70%, cukr, koncentr\u00e1t z \u010derven\u00e9 \u0159epy, barviva m\u011b\u010fnat\u00e9 komplexy chlorofyl\u016f a chlorofylin\u016f, kurkumin, regul\u00e1tor kyselosti \/ kyselina citr\u00f3nov\u00e1 \/, p\u0159\u00edrodn\u00ed aroma: malina, kokos, citron, pomeran\u010d, ban\u00e1n.<\/p>\n<p><strong>V\u00fd\u017eivov\u00e9 \u00fadaje ve 100g:<\/strong><\/p>\n<p>Energie: 1650 kj\/ 388 kcal<\/p>\n<p>Tuky: 1,3 g z toho \u2013 nasycen\u00e9 mastn\u00e9 kyseliny: 0,3 g<\/p>\n<p>Sacharidy: 89 g z toho \u2013 cukry &lt; 1g<\/p>\n<p>B\u00edlkoviny: 5 g<\/p>\n<p>S\u016fl: &lt; 1g<\/p>\n<p>S\u016fl v potravin\u011b obsa\u017een\u00e1 v\u00fdlu\u010dn\u011b v d\u016fsledku v\u00fdskytu p\u0159irozen\u00e9ho v\u00fdskytu sod\u00edku.<\/p>\n<p>Jedn\u00e1 se o p\u0159\u00edrodn\u00ed surovinu, hodnoty podl\u00e9haj\u00ed p\u0159\u00edrodn\u00edm zm\u011bn\u00e1m.<\/p>\n<p>Chra\u0148te p\u0159ed teplem a vlhkem<\/p>\n<p><strong>Hmotnost:<\/strong> 50g<\/p>\n","protected":false},"excerpt":{"rendered":"<p>Extrudovan\u00fd v\u00fdrobek Slo\u017een\u00ed: Kuku\u0159i\u010dn\u00e1 krupice 70%, cukr, koncentr\u00e1t z \u010derven\u00e9 \u0159epy, barviva m\u011b\u010fnat\u00e9 komplexy chlorofyl\u016f a chlorofylin\u016f, kurkumin, regul\u00e1tor kyselosti \/ kyselina citr\u00f3nov\u00e1 \/, p\u0159\u00edrodn\u00ed aroma: malina, kokos, citron, pomeran\u010d, ban\u00e1n. V\u00fd\u017eivov\u00e9 \u00fadaje ve 100g: Energie: 1650 kj\/ 388 kcal Tuky: 1,3 g z toho \u2013 nasycen\u00e9 mastn\u00e9 kyseliny: 0,3 g Sacharidy: 89 g z [&#8230;]\n","protected":false},"featured_media":2258,"comment_status":"open","ping_status":"closed","template":"","meta":{"_acf_changed":false},"product_brand":[],"product_cat":[121,112],"product_tag":[],"class_list":{"0":"post-1504","1":"product","2":"type-product","3":"status-publish","4":"has-post-thumbnail","6":"product_cat-ovocne-cs-2","7":"product_cat-sladke-cs-2","9":"first","10":"instock","11":"taxable","12":"shipping-taxable","13":"purchasable","14":"product-type-simple"},"acf":[],"yoast_head":"<!-- This site is optimized with the Yoast SEO plugin v21.2 - https:\/\/yoast.com\/wordpress\/plugins\/seo\/ -->\n<title>Miniosky kuku\u0159i\u010dn\u00e9 k\u0159upky ovimix &#8211; MinioS<\/title>\n<meta name=\"robots\" content=\"index, follow, max-snippet:-1, max-image-preview:large, max-video-preview:-1\" \/>\n<link rel=\"canonical\" href=\"https:\/\/www.minios.sk\/cs\/produkt\/miniosky-kukuricne-krupky-ovimix\/\" \/>\n<meta property=\"og:locale\" content=\"cs_CZ\" \/>\n<meta property=\"og:type\" content=\"article\" \/>\n<meta property=\"og:title\" content=\"Miniosky kuku\u0159i\u010dn\u00e9 k\u0159upky ovimix &#8211; MinioS\" \/>\n<meta property=\"og:description\" content=\"Extrudovan\u00fd v\u00fdrobek Slo\u017een\u00ed: Kuku\u0159i\u010dn\u00e1 krupice 70%, cukr, koncentr\u00e1t z \u010derven\u00e9 \u0159epy, barviva m\u011b\u010fnat\u00e9 komplexy chlorofyl\u016f a chlorofylin\u016f, kurkumin, regul\u00e1tor kyselosti \/ kyselina citr\u00f3nov\u00e1 \/, p\u0159\u00edrodn\u00ed aroma: malina, kokos, citron, pomeran\u010d, ban\u00e1n. V\u00fd\u017eivov\u00e9 \u00fadaje ve 100g: Energie: 1650 kj\/ 388 kcal Tuky: 1,3 g z toho \u2013 nasycen\u00e9 mastn\u00e9 kyseliny: 0,3 g Sacharidy: 89 g z [...]\" \/>\n<meta property=\"og:url\" content=\"https:\/\/www.minios.sk\/cs\/produkt\/miniosky-kukuricne-krupky-ovimix\/\" \/>\n<meta property=\"og:site_name\" content=\"MinioS\" \/>\n<meta property=\"article:modified_time\" content=\"2026-02-04T14:17:57+00:00\" \/>\n<meta property=\"og:image\" content=\"https:\/\/www.minios.sk\/wp-content\/uploads\/2020\/08\/OVOMIX-1.png\" \/>\n\t<meta property=\"og:image:width\" content=\"2018\" \/>\n\t<meta property=\"og:image:height\" content=\"2048\" \/>\n\t<meta property=\"og:image:type\" content=\"image\/png\" \/>\n<meta name=\"twitter:card\" content=\"summary_large_image\" \/>\n<meta name=\"twitter:label1\" content=\"Odhadovan\u00e1 doba \u010dten\u00ed\" \/>\n\t<meta name=\"twitter:data1\" content=\"1 minuta\" \/>\n<script type=\"application\/ld+json\" class=\"yoast-schema-graph\">{\"@context\":\"https:\/\/schema.org\",\"@graph\":[{\"@type\":\"WebPage\",\"@id\":\"https:\/\/www.minios.sk\/cs\/produkt\/miniosky-kukuricne-krupky-ovimix\/\",\"url\":\"https:\/\/www.minios.sk\/cs\/produkt\/miniosky-kukuricne-krupky-ovimix\/\",\"name\":\"Miniosky kuku\u0159i\u010dn\u00e9 k\u0159upky ovimix &#8211; MinioS\",\"isPartOf\":{\"@id\":\"https:\/\/www.minios.sk\/cs\/#website\"},\"datePublished\":\"2020-08-21T21:00:38+00:00\",\"dateModified\":\"2026-02-04T14:17:57+00:00\",\"breadcrumb\":{\"@id\":\"https:\/\/www.minios.sk\/cs\/produkt\/miniosky-kukuricne-krupky-ovimix\/#breadcrumb\"},\"inLanguage\":\"cs\",\"potentialAction\":[{\"@type\":\"ReadAction\",\"target\":[\"https:\/\/www.minios.sk\/cs\/produkt\/miniosky-kukuricne-krupky-ovimix\/\"]}]},{\"@type\":\"BreadcrumbList\",\"@id\":\"https:\/\/www.minios.sk\/cs\/produkt\/miniosky-kukuricne-krupky-ovimix\/#breadcrumb\",\"itemListElement\":[{\"@type\":\"ListItem\",\"position\":1,\"name\":\"Domovsk\u00e1 str\u00e1nka\",\"item\":\"https:\/\/www.minios.sk\/cs\/\"},{\"@type\":\"ListItem\",\"position\":2,\"name\":\"Produkty\",\"item\":\"https:\/\/www.minios.sk\/cs\/shop\/\"},{\"@type\":\"ListItem\",\"position\":3,\"name\":\"Miniosky kuku\u0159i\u010dn\u00e9 k\u0159upky ovimix\"}]},{\"@type\":\"WebSite\",\"@id\":\"https:\/\/www.minios.sk\/cs\/#website\",\"url\":\"https:\/\/www.minios.sk\/cs\/\",\"name\":\"MinioS\",\"description\":\"Chrumnite si viac!\",\"publisher\":{\"@id\":\"https:\/\/www.minios.sk\/cs\/#organization\"},\"potentialAction\":[{\"@type\":\"SearchAction\",\"target\":{\"@type\":\"EntryPoint\",\"urlTemplate\":\"https:\/\/www.minios.sk\/cs\/?s={search_term_string}\"},\"query-input\":\"required name=search_term_string\"}],\"inLanguage\":\"cs\"},{\"@type\":\"Organization\",\"@id\":\"https:\/\/www.minios.sk\/cs\/#organization\",\"name\":\"MinioS, s.r.o\",\"url\":\"https:\/\/www.minios.sk\/cs\/\",\"logo\":{\"@type\":\"ImageObject\",\"inLanguage\":\"cs\",\"@id\":\"https:\/\/www.minios.sk\/cs\/#\/schema\/logo\/image\/\",\"url\":\"https:\/\/www.minios.sk\/wp-content\/uploads\/2020\/08\/S.png\",\"contentUrl\":\"https:\/\/www.minios.sk\/wp-content\/uploads\/2020\/08\/S.png\",\"width\":1000,\"height\":1000,\"caption\":\"MinioS, s.r.o\"},\"image\":{\"@id\":\"https:\/\/www.minios.sk\/cs\/#\/schema\/logo\/image\/\"}}]}<\/script>\n<!-- \/ Yoast SEO plugin. -->","yoast_head_json":{"title":"Miniosky kuku\u0159i\u010dn\u00e9 k\u0159upky ovimix &#8211; MinioS","robots":{"index":"index","follow":"follow","max-snippet":"max-snippet:-1","max-image-preview":"max-image-preview:large","max-video-preview":"max-video-preview:-1"},"canonical":"https:\/\/www.minios.sk\/cs\/produkt\/miniosky-kukuricne-krupky-ovimix\/","og_locale":"cs_CZ","og_type":"article","og_title":"Miniosky kuku\u0159i\u010dn\u00e9 k\u0159upky ovimix &#8211; MinioS","og_description":"Extrudovan\u00fd v\u00fdrobek Slo\u017een\u00ed: Kuku\u0159i\u010dn\u00e1 krupice 70%, cukr, koncentr\u00e1t z \u010derven\u00e9 \u0159epy, barviva m\u011b\u010fnat\u00e9 komplexy chlorofyl\u016f a chlorofylin\u016f, kurkumin, regul\u00e1tor kyselosti \/ kyselina citr\u00f3nov\u00e1 \/, p\u0159\u00edrodn\u00ed aroma: malina, kokos, citron, pomeran\u010d, ban\u00e1n. V\u00fd\u017eivov\u00e9 \u00fadaje ve 100g: Energie: 1650 kj\/ 388 kcal Tuky: 1,3 g z toho \u2013 nasycen\u00e9 mastn\u00e9 kyseliny: 0,3 g Sacharidy: 89 g z [...]","og_url":"https:\/\/www.minios.sk\/cs\/produkt\/miniosky-kukuricne-krupky-ovimix\/","og_site_name":"MinioS","article_modified_time":"2026-02-04T14:17:57+00:00","og_image":[{"width":2018,"height":2048,"url":"https:\/\/www.minios.sk\/wp-content\/uploads\/2020\/08\/OVOMIX-1.png","type":"image\/png"}],"twitter_card":"summary_large_image","twitter_misc":{"Odhadovan\u00e1 doba \u010dten\u00ed":"1 minuta"},"schema":{"@context":"https:\/\/schema.org","@graph":[{"@type":"WebPage","@id":"https:\/\/www.minios.sk\/cs\/produkt\/miniosky-kukuricne-krupky-ovimix\/","url":"https:\/\/www.minios.sk\/cs\/produkt\/miniosky-kukuricne-krupky-ovimix\/","name":"Miniosky kuku\u0159i\u010dn\u00e9 k\u0159upky ovimix &#8211; MinioS","isPartOf":{"@id":"https:\/\/www.minios.sk\/cs\/#website"},"datePublished":"2020-08-21T21:00:38+00:00","dateModified":"2026-02-04T14:17:57+00:00","breadcrumb":{"@id":"https:\/\/www.minios.sk\/cs\/produkt\/miniosky-kukuricne-krupky-ovimix\/#breadcrumb"},"inLanguage":"cs","potentialAction":[{"@type":"ReadAction","target":["https:\/\/www.minios.sk\/cs\/produkt\/miniosky-kukuricne-krupky-ovimix\/"]}]},{"@type":"BreadcrumbList","@id":"https:\/\/www.minios.sk\/cs\/produkt\/miniosky-kukuricne-krupky-ovimix\/#breadcrumb","itemListElement":[{"@type":"ListItem","position":1,"name":"Domovsk\u00e1 str\u00e1nka","item":"https:\/\/www.minios.sk\/cs\/"},{"@type":"ListItem","position":2,"name":"Produkty","item":"https:\/\/www.minios.sk\/cs\/shop\/"},{"@type":"ListItem","position":3,"name":"Miniosky kuku\u0159i\u010dn\u00e9 k\u0159upky ovimix"}]},{"@type":"WebSite","@id":"https:\/\/www.minios.sk\/cs\/#website","url":"https:\/\/www.minios.sk\/cs\/","name":"MinioS","description":"Chrumnite si viac!","publisher":{"@id":"https:\/\/www.minios.sk\/cs\/#organization"},"potentialAction":[{"@type":"SearchAction","target":{"@type":"EntryPoint","urlTemplate":"https:\/\/www.minios.sk\/cs\/?s={search_term_string}"},"query-input":"required name=search_term_string"}],"inLanguage":"cs"},{"@type":"Organization","@id":"https:\/\/www.minios.sk\/cs\/#organization","name":"MinioS, s.r.o","url":"https:\/\/www.minios.sk\/cs\/","logo":{"@type":"ImageObject","inLanguage":"cs","@id":"https:\/\/www.minios.sk\/cs\/#\/schema\/logo\/image\/","url":"https:\/\/www.minios.sk\/wp-content\/uploads\/2020\/08\/S.png","contentUrl":"https:\/\/www.minios.sk\/wp-content\/uploads\/2020\/08\/S.png","width":1000,"height":1000,"caption":"MinioS, s.r.o"},"image":{"@id":"https:\/\/www.minios.sk\/cs\/#\/schema\/logo\/image\/"}}]}},"_links":{"self":[{"href":"https:\/\/www.minios.sk\/cs\/wp-json\/wp\/v2\/product\/1504","targetHints":{"allow":["GET"]}}],"collection":[{"href":"https:\/\/www.minios.sk\/cs\/wp-json\/wp\/v2\/product"}],"about":[{"href":"https:\/\/www.minios.sk\/cs\/wp-json\/wp\/v2\/types\/product"}],"replies":[{"embeddable":true,"href":"https:\/\/www.minios.sk\/cs\/wp-json\/wp\/v2\/comments?post=1504"}],"wp:featuredmedia":[{"embeddable":true,"href":"https:\/\/www.minios.sk\/cs\/wp-json\/wp\/v2\/media\/2258"}],"wp:attachment":[{"href":"https:\/\/www.minios.sk\/cs\/wp-json\/wp\/v2\/media?parent=1504"}],"wp:term":[{"taxonomy":"product_brand","embeddable":true,"href":"https:\/\/www.minios.sk\/cs\/wp-json\/wp\/v2\/product_brand?post=1504"},{"taxonomy":"product_cat","embeddable":true,"href":"https:\/\/www.minios.sk\/cs\/wp-json\/wp\/v2\/product_cat?post=1504"},{"taxonomy":"product_tag","embeddable":true,"href":"https:\/\/www.minios.sk\/cs\/wp-json\/wp\/v2\/product_tag?post=1504"}],"curies":[{"name":"wp","href":"https:\/\/api.w.org\/{rel}","templated":true}]}}