{"id":1498,"date":"2023-02-07T12:18:54","date_gmt":"2023-02-07T11:18:54","guid":{"rendered":"https:\/\/www.minios.sk\/produkt\/ochutnavkovy-balicek-minios\/"},"modified":"2026-01-25T18:01:26","modified_gmt":"2026-01-25T17:01:26","slug":"ochutnavkovy-balicek-minios","status":"publish","type":"product","link":"https:\/\/www.minios.sk\/cs\/produkt\/ochutnavkovy-balicek-minios\/","title":{"rendered":"Degusta\u010dn\u00ed balen\u00ed Miniosiek 29 ks"},"content":{"rendered":"<div class=\"row\"  id=\"row-1736089306\">\n\n\t<div id=\"col-1842076976\" class=\"col medium-2 small-6 large-2\"  >\n\t\t\t\t<div class=\"col-inner text-center\"  >\n\t\t\t\n\t\t\t\n\n\t\t<div class=\"icon-box featured-box vyhody icon-box-center text-center is-small\"  >\n\t\t\t\t\t<div class=\"icon-box-img\" style=\"width: 50px\">\n\t\t\t\t<div class=\"icon\">\n\t\t\t\t\t<div class=\"icon-inner\" style=\"color:rgb(129, 188, 48);\">\n\t\t\t\t\t\t<img decoding=\"async\" width=\"1\" height=\"1\" src=\"https:\/\/www.minios.sk\/wp-content\/uploads\/2022\/11\/green-icon-bez-lepku.svg\" class=\"attachment-medium size-medium\" alt=\"\" \/>\t\t\t\t\t<\/div>\n\t\t\t\t<\/div>\n\t\t\t<\/div>\n\t\t\t\t<div class=\"icon-box-text last-reset\">\n\t\t\t<h5 class=\"uppercase\">Bez lepku<\/h5>\t\t\t\t\t\t\n\t\t<\/div>\n\t<\/div>\n\t\n\t\n\t\t<\/div>\n\t\t\t\t\t<\/div>\n\n\t\n\n\t<div id=\"col-1971535241\" class=\"col medium-2 small-6 large-2\"  >\n\t\t\t\t<div class=\"col-inner text-center\"  >\n\t\t\t\n\t\t\t\n\n\t\t<div class=\"icon-box featured-box vyhody icon-box-center text-center is-small\"  >\n\t\t\t\t\t<div class=\"icon-box-img\" style=\"width: 50px\">\n\t\t\t\t<div class=\"icon\">\n\t\t\t\t\t<div class=\"icon-inner\" style=\"color:rgb(129, 188, 48);\">\n\t\t\t\t\t\t<img decoding=\"async\" width=\"1\" height=\"1\" src=\"https:\/\/www.minios.sk\/wp-content\/uploads\/2022\/11\/green-icon-bez-konzervantov.svg\" class=\"attachment-medium size-medium\" alt=\"\" \/>\t\t\t\t\t<\/div>\n\t\t\t\t<\/div>\n\t\t\t<\/div>\n\t\t\t\t<div class=\"icon-box-text last-reset\">\n\t\t\t<h5 class=\"uppercase\">Bez konzervant\u016f<\/h5>\t\t\t\t\t\t\n\t\t<\/div>\n\t<\/div>\n\t\n\t\n\t\t<\/div>\n\t\t\t\t\t<\/div>\n\n\t\n\n\t<div id=\"col-214369098\" class=\"col medium-2 small-12 large-2\"  >\n\t\t\t\t<div class=\"col-inner text-center\"  >\n\t\t\t\n\t\t\t\n\n\t\t<div class=\"icon-box featured-box vyhody icon-box-center text-center is-small\"  >\n\t\t\t\t\t<div class=\"icon-box-img\" style=\"width: 50px\">\n\t\t\t\t<div class=\"icon\">\n\t\t\t\t\t<div class=\"icon-inner\" style=\"color:rgb(129, 188, 48);\">\n\t\t\t\t\t\t<img decoding=\"async\" width=\"1\" height=\"1\" src=\"https:\/\/www.minios.sk\/wp-content\/uploads\/2022\/11\/green-icon-bez-gmo.svg\" class=\"attachment-medium size-medium\" alt=\"\" \/>\t\t\t\t\t<\/div>\n\t\t\t\t<\/div>\n\t\t\t<\/div>\n\t\t\t\t<div class=\"icon-box-text last-reset\">\n\t\t\t<h5 class=\"uppercase\">Bez GMO<\/h5>\t\t\t\t\t\t\n\t\t<\/div>\n\t<\/div>\n\t\n\t\n\t\t<\/div>\n\t\t\t\t\t<\/div>\n\n\t\n<\/div>\n<p><strong>Objevuj chut\u011b Minios<\/strong> To nejlep\u0161\u00ed od n\u00e1s v ochutn\u00e1vkov\u00e9m bal\u00ed\u010dku bude \u00fatokem na tv\u00e9 chu\u0165ov\u00e9 poh\u00e1rky. Z ka\u017ed\u00e9ho produktu ti po\u0161leme aspo\u0148 2 kusy, aby si si mohol pochutna\u0165 nie len ty, ale aj tvoji najbli\u017e\u0161\u00ed alebo priatelia. <strong>Za\u017ei chrumkav\u00e9 pote\u0161enie v hodnote 35,83 eur teraz vo Viano\u010dnej akcii len za 29,86 eur s dph.<\/strong><\/p>\n<table width=\"650\">\n<tbody>\n<tr>\n<td width=\"320\"> <strong>Obsah ochutn\u00e1vkov\u00e9ho bal\u00ed\u010dka Minios<\/strong> <\/td>\n<td width=\"110\"> <strong>Po\u010det kusov<\/strong> <\/td>\n<td width=\"110\"> <strong>Be\u017en\u00e1 cena\/ kus (s DPH)<\/strong> <\/td>\n<td width=\"110\"> <strong>Be\u017en\u00e1 cena\/ spolu (s DPH)<\/strong> <\/td>\n<\/tr>\n<tr>\n<td> <a href=\"https:\/\/www.minios.sk\/cs\/produkt\/miniosky-kukuricne-krupky-jogurtove\/\" target=\"_blank\" rel=\"noopener\">Kukuri\u010dn\u00e9 chrumky jogurtov\u00e9<\/a> <\/td>\n<td>2<\/td>\n<td>1,59 \u20ac<\/td>\n<td>3,18 \u20ac<\/td>\n<\/tr>\n<tr>\n<td> <a href=\"https:\/\/www.minios.sk\/cs\/produkt\/miniosky-kukuricne-krupky-jogurt-a-mango\/\" target=\"_blank\" rel=\"noopener\">Kukuri\u010dn\u00e9 chrumky jogurt a mango<\/a> <\/td>\n<td>1<\/td>\n<td>1,59 \u20ac<\/td>\n<td>3,18 \u20ac<\/td>\n<\/tr>\n<tr>\n<td> <a href=\"https:\/\/www.minios.sk\/cs\/produkt\/miniosky-kukuricne-krupky-karob-a-kokos\/\" target=\"_blank\" rel=\"noopener\">Kukuri\u010dn\u00e9 chrumky karob a kokos<\/a> <\/td>\n<td>1<\/td>\n<td>1,59 \u20ac<\/td>\n<td>3,18 \u20ac<\/td>\n<\/tr>\n<tr>\n<td><\/td>\n<td><\/td>\n<td><\/td>\n<td><\/td>\n<\/tr>\n<tr>\n<td> <a href=\"\/?p=166\" target=\"_blank\" rel=\"noopener\">Kukuri\u010dn\u00e9 chrumky jogurt a jahoda<\/a> <\/td>\n<td>0<\/td>\n<td>1,59 \u20ac<\/td>\n<td>4,77 \u20ac<\/td>\n<\/tr>\n<tr>\n<td> <a href=\"https:\/\/www.minios.sk\/cs\/produkt\/miniosky-kukuricne-krupky-jogurt-a-cokolada\/\" target=\"_blank\" rel=\"noopener\">Kukuri\u0107n\u00e9 chrumky jogurt a \u010dokol\u00e1da<\/a> <\/td>\n<td>3<\/td>\n<td>1,59 \u20ac<\/td>\n<td>4,77 \u20ac<\/td>\n<\/tr>\n<tr>\n<td><\/td>\n<td><\/td>\n<td><\/td>\n<td><\/td>\n<\/tr>\n<tr>\n<td> <a href=\"https:\/\/www.minios.sk\/cs\/produkt\/miniosky-kukuricne-krupky-ovocne\/\" target=\"_blank\" rel=\"noopener\">Kukuri\u010dn\u00e9 chrumky ovocn\u00e9<\/a> <\/td>\n<td>2<\/td>\n<td>0,99 \u20ac<\/td>\n<td>1,98 \u20ac<\/td>\n<\/tr>\n<tr>\n<td> <a href=\"https:\/\/www.minios.sk\/cs\/produkt\/miniosky-kukuricne-krupky-ovimix\/\" target=\"_blank\" rel=\"noopener\">Kukuri\u010dn\u00e9 churmky ovomix<\/a> <\/td>\n<td>2<\/td>\n<td>0,89 \u20ac<\/td>\n<td>1,78 \u20ac<\/td>\n<\/tr>\n<tr>\n<td><\/td>\n<td><\/td>\n<td><\/td>\n<td><\/td>\n<\/tr>\n<tr>\n<td> <a href=\"https:\/\/www.minios.sk\/cs\/produkt\/miniosky-kukuricne-krupky-arasidove\/\" target=\"_blank\" rel=\"noopener\">Kukuri\u010dn\u00e9 chrumky ara\u0161idov\u00e9<\/a> <\/td>\n<td>2<\/td>\n<td>0,69 \u20ac<\/td>\n<td>1,38 \u20ac<\/td>\n<\/tr>\n<tr>\n<td> <a href=\"https:\/\/www.minios.sk\/cs\/produkt\/miniosky-kukuricne-krupky-amarantove\/\" target=\"_blank\" rel=\"noopener\">Kukuri\u010dn\u00e9 chrumky amarantov\u00e9<\/a> <\/td>\n<td>1<\/td>\n<td>0,59 \u20ac<\/td>\n<td>1,18 \u20ac<\/td>\n<\/tr>\n<tr>\n<td> <a href=\"https:\/\/www.minios.sk\/cs\/produkt\/miniosky-kukuricne-krupky-nesolene\/\" target=\"_blank\" rel=\"noopener\">Kukuri\u010dn\u00e9 chrumky nesolen\u00e9<\/a> <\/td>\n<td>2<\/td>\n<td>0,59 \u20ac<\/td>\n<td>1,18 \u20ac<\/td>\n<\/tr>\n<tr>\n<td> <a href=\"https:\/\/www.minios.sk\/cs\/produkt\/miniosky-kukuricne-krupky-jemne-solene\/\" target=\"_blank\" rel=\"noopener\">Kukuri\u010dn\u00e9 chrumky jemne solen\u00e9<\/a> <\/td>\n<td>2<\/td>\n<td>0,59 \u20ac<\/td>\n<td>1,18 \u20ac<\/td>\n<\/tr>\n<tr>\n<td> <a href=\"https:\/\/www.minios.sk\/cs\/produkt\/miniosky-pohankove-krupky\/\" target=\"_blank\" rel=\"noopener\">Poh\u00e1nkov\u00e9 chrumky<\/a> <\/td>\n<td>2<\/td>\n<td>0,79 \u20ac<\/td>\n<td>1,58 \u20ac<\/td>\n<\/tr>\n<tr>\n<td><\/td>\n<td><\/td>\n<td><\/td>\n<td><\/td>\n<\/tr>\n<tr>\n<td> <a href=\"https:\/\/www.minios.sk\/cs\/produkt\/miniosky-kukuricne-krupky-syrovy-snack\/\" target=\"_blank\" rel=\"noopener\">Kukuri\u010dn\u00e9 chrumky syrov\u00fd snack<\/a> <\/td>\n<td>2<\/td>\n<td>0,79 \u20ac<\/td>\n<td>1,58 \u20ac<\/td>\n<\/tr>\n<tr>\n<td> <a href=\"https:\/\/www.minios.sk\/cs\/produkt\/miniosky-kukuricne-krupky-uzena-sunka\/\" target=\"_blank\" rel=\"noopener\">Kukuri\u010dn\u00e9 chrumky \u00faden\u00e1 \u0161unka<\/a> <\/td>\n<td>2<\/td>\n<td>0,79 \u20ac<\/td>\n<td>1,58 \u20ac<\/td>\n<\/tr>\n<tr>\n<td><\/td>\n<td><\/td>\n<td><\/td>\n<td><\/td>\n<\/tr>\n<tr>\n<td> <a href=\"https:\/\/www.minios.sk\/cs\/produkt\/baby-kukuricne-jahlove-krupky\/\" target=\"_blank\" rel=\"noopener\">Baby kukuri\u010dno p\u0161enov\u00e9 chrumky<\/a> <\/td>\n<td>2<\/td>\n<td>1,09 \u20ac<\/td>\n<td>2,18 \u20ac<\/td>\n<\/tr>\n<tr>\n<td>Baby &#8211; kukuri\u010dno p\u0161enov\u00fd ka\u0161a<\/td>\n<td>1<\/td>\n<td>3,49 \u20ac<\/td>\n<td>3,49\u20ac<\/td>\n<\/tr>\n<tr>\n<td><\/td>\n<td><\/td>\n<td><\/td>\n<td><\/td>\n<\/tr>\n<tr>\n<td> <strong>BE\u017dN\u00c1 CENA SPOLU<\/strong> <\/td>\n<td> <strong>29<\/strong> <\/td>\n<td><\/td>\n<td> <strong>35,83 \u20ac<\/strong> <\/td>\n<\/tr>\n<\/tbody>\n<\/table>\n<p>&nbsp;<\/p>\n","protected":false},"excerpt":{"rendered":"<p>Objevuj chut\u011b Minios To nejlep\u0161\u00ed od n\u00e1s v ochutn\u00e1vkov\u00e9m bal\u00ed\u010dku bude \u00fatokem na tv\u00e9 chu\u0165ov\u00e9 poh\u00e1rky. Z ka\u017ed\u00e9ho produktu ti po\u0161leme aspo\u0148 2 kusy, aby si si mohol pochutna\u0165 nie len ty, ale aj tvoji najbli\u017e\u0161\u00ed alebo priatelia. Za\u017ei chrumkav\u00e9 pote\u0161enie v hodnote 35,83 eur teraz vo Viano\u010dnej akcii len za 29,86 eur s dph. [&#8230;]\n","protected":false},"featured_media":2717,"comment_status":"open","ping_status":"closed","template":"","meta":{"_acf_changed":false},"product_brand":[],"product_cat":[109,110,111,114,113,115,120,130,116,125,126,122,121,124,112,117,123,119,118],"product_tag":[],"class_list":{"0":"post-1498","1":"product","2":"type-product","3":"status-publish","4":"has-post-thumbnail","6":"product_cat-baby-cs-2","7":"product_cat-baby-kasicka","8":"product_cat-baby-krupky","9":"product_cat-cokoladove-cs-2","10":"product_cat-jahodove-cs-2","11":"product_cat-jogurtove-cs-2","12":"product_cat-karob-kokos-cs-2","13":"product_cat-kukuricne-cs-2","14":"product_cat-lesna-zmes-cs","15":"product_cat-mango-cs-2","16":"product_cat-mix-cs-2","17":"product_cat-neochutene-cs","18":"product_cat-ovocne-cs-2","19":"product_cat-pohankove-cs-2","20":"product_cat-sladke-cs-2","21":"product_cat-slane-cs","22":"product_cat-spenatove-cs","23":"product_cat-syrovy-snack-cs","24":"product_cat-uzena-sunka","26":"first","27":"outofstock","28":"sale","29":"featured","30":"taxable","31":"shipping-taxable","32":"purchasable","33":"product-type-simple"},"acf":[],"yoast_head":"<!-- This site is optimized with the Yoast SEO plugin v21.2 - https:\/\/yoast.com\/wordpress\/plugins\/seo\/ -->\n<title>Degusta\u010dn\u00ed balen\u00ed Miniosiek 29 ks &#8211; MinioS<\/title>\n<meta name=\"description\" content=\"Objevuj chut\u011b Minios To nejlep\u0161\u00ed od n\u00e1s v ochutn\u00e1vkov\u00e9m bal\u00ed\u010dku bude \u00fatokem na tv\u00e9 chu\u0165ov\u00e9 poh\u00e1rky. Z ka\u017ed\u00e9ho produktu ti po\u0161leme 2 kusy. Jeden jen pro tebe, s druh\u00fdm se m\u016f\u017ee\u0161 pod\u011blit s rodinou nebo p\u0159\u00e1teli.\" \/>\n<meta name=\"robots\" content=\"index, follow, max-snippet:-1, max-image-preview:large, max-video-preview:-1\" \/>\n<link rel=\"canonical\" href=\"https:\/\/www.minios.sk\/cs\/produkt\/ochutnavkovy-balicek-minios\/\" \/>\n<meta property=\"og:locale\" content=\"cs_CZ\" \/>\n<meta property=\"og:type\" content=\"article\" \/>\n<meta property=\"og:title\" content=\"Degusta\u010dn\u00ed balen\u00ed Miniosiek 29 ks &#8211; MinioS\" \/>\n<meta property=\"og:description\" content=\"Objevuj chut\u011b Minios To nejlep\u0161\u00ed od n\u00e1s v ochutn\u00e1vkov\u00e9m bal\u00ed\u010dku bude \u00fatokem na tv\u00e9 chu\u0165ov\u00e9 poh\u00e1rky. Z ka\u017ed\u00e9ho produktu ti po\u0161leme 2 kusy. Jeden jen pro tebe, s druh\u00fdm se m\u016f\u017ee\u0161 pod\u011blit s rodinou nebo p\u0159\u00e1teli.\" \/>\n<meta property=\"og:url\" content=\"https:\/\/www.minios.sk\/cs\/produkt\/ochutnavkovy-balicek-minios\/\" \/>\n<meta property=\"og:site_name\" content=\"MinioS\" \/>\n<meta property=\"article:modified_time\" content=\"2026-01-25T17:01:26+00:00\" \/>\n<meta property=\"og:image\" content=\"https:\/\/www.minios.sk\/wp-content\/uploads\/2023\/02\/OCHUTNAVKOVY-scaled.png\" \/>\n\t<meta property=\"og:image:width\" content=\"2048\" \/>\n\t<meta property=\"og:image:height\" content=\"2048\" \/>\n\t<meta property=\"og:image:type\" content=\"image\/png\" \/>\n<meta name=\"twitter:card\" content=\"summary_large_image\" \/>\n<meta name=\"twitter:label1\" content=\"Odhadovan\u00e1 doba \u010dten\u00ed\" \/>\n\t<meta name=\"twitter:data1\" content=\"1 minuta\" \/>\n<script type=\"application\/ld+json\" class=\"yoast-schema-graph\">{\"@context\":\"https:\/\/schema.org\",\"@graph\":[{\"@type\":\"WebPage\",\"@id\":\"https:\/\/www.minios.sk\/cs\/produkt\/ochutnavkovy-balicek-minios\/\",\"url\":\"https:\/\/www.minios.sk\/cs\/produkt\/ochutnavkovy-balicek-minios\/\",\"name\":\"Degusta\u010dn\u00ed balen\u00ed Miniosiek 29 ks &#8211; MinioS\",\"isPartOf\":{\"@id\":\"https:\/\/www.minios.sk\/cs\/#website\"},\"datePublished\":\"2023-02-07T11:18:54+00:00\",\"dateModified\":\"2026-01-25T17:01:26+00:00\",\"description\":\"Objevuj chut\u011b Minios To nejlep\u0161\u00ed od n\u00e1s v ochutn\u00e1vkov\u00e9m bal\u00ed\u010dku bude \u00fatokem na tv\u00e9 chu\u0165ov\u00e9 poh\u00e1rky. Z ka\u017ed\u00e9ho produktu ti po\u0161leme 2 kusy. Jeden jen pro tebe, s druh\u00fdm se m\u016f\u017ee\u0161 pod\u011blit s rodinou nebo p\u0159\u00e1teli.\",\"breadcrumb\":{\"@id\":\"https:\/\/www.minios.sk\/cs\/produkt\/ochutnavkovy-balicek-minios\/#breadcrumb\"},\"inLanguage\":\"cs\",\"potentialAction\":[{\"@type\":\"ReadAction\",\"target\":[\"https:\/\/www.minios.sk\/cs\/produkt\/ochutnavkovy-balicek-minios\/\"]}]},{\"@type\":\"BreadcrumbList\",\"@id\":\"https:\/\/www.minios.sk\/cs\/produkt\/ochutnavkovy-balicek-minios\/#breadcrumb\",\"itemListElement\":[{\"@type\":\"ListItem\",\"position\":1,\"name\":\"Domovsk\u00e1 str\u00e1nka\",\"item\":\"https:\/\/www.minios.sk\/cs\/\"},{\"@type\":\"ListItem\",\"position\":2,\"name\":\"Produkty\",\"item\":\"https:\/\/www.minios.sk\/cs\/shop\/\"},{\"@type\":\"ListItem\",\"position\":3,\"name\":\"Degusta\u010dn\u00ed balen\u00ed Miniosiek 29 ks\"}]},{\"@type\":\"WebSite\",\"@id\":\"https:\/\/www.minios.sk\/cs\/#website\",\"url\":\"https:\/\/www.minios.sk\/cs\/\",\"name\":\"MinioS\",\"description\":\"Chrumnite si viac!\",\"publisher\":{\"@id\":\"https:\/\/www.minios.sk\/cs\/#organization\"},\"potentialAction\":[{\"@type\":\"SearchAction\",\"target\":{\"@type\":\"EntryPoint\",\"urlTemplate\":\"https:\/\/www.minios.sk\/cs\/?s={search_term_string}\"},\"query-input\":\"required name=search_term_string\"}],\"inLanguage\":\"cs\"},{\"@type\":\"Organization\",\"@id\":\"https:\/\/www.minios.sk\/cs\/#organization\",\"name\":\"MinioS, s.r.o\",\"url\":\"https:\/\/www.minios.sk\/cs\/\",\"logo\":{\"@type\":\"ImageObject\",\"inLanguage\":\"cs\",\"@id\":\"https:\/\/www.minios.sk\/cs\/#\/schema\/logo\/image\/\",\"url\":\"https:\/\/www.minios.sk\/wp-content\/uploads\/2020\/08\/S.png\",\"contentUrl\":\"https:\/\/www.minios.sk\/wp-content\/uploads\/2020\/08\/S.png\",\"width\":1000,\"height\":1000,\"caption\":\"MinioS, s.r.o\"},\"image\":{\"@id\":\"https:\/\/www.minios.sk\/cs\/#\/schema\/logo\/image\/\"}}]}<\/script>\n<!-- \/ Yoast SEO plugin. -->","yoast_head_json":{"title":"Degusta\u010dn\u00ed balen\u00ed Miniosiek 29 ks &#8211; MinioS","description":"Objevuj chut\u011b Minios To nejlep\u0161\u00ed od n\u00e1s v ochutn\u00e1vkov\u00e9m bal\u00ed\u010dku bude \u00fatokem na tv\u00e9 chu\u0165ov\u00e9 poh\u00e1rky. Z ka\u017ed\u00e9ho produktu ti po\u0161leme 2 kusy. Jeden jen pro tebe, s druh\u00fdm se m\u016f\u017ee\u0161 pod\u011blit s rodinou nebo p\u0159\u00e1teli.","robots":{"index":"index","follow":"follow","max-snippet":"max-snippet:-1","max-image-preview":"max-image-preview:large","max-video-preview":"max-video-preview:-1"},"canonical":"https:\/\/www.minios.sk\/cs\/produkt\/ochutnavkovy-balicek-minios\/","og_locale":"cs_CZ","og_type":"article","og_title":"Degusta\u010dn\u00ed balen\u00ed Miniosiek 29 ks &#8211; MinioS","og_description":"Objevuj chut\u011b Minios To nejlep\u0161\u00ed od n\u00e1s v ochutn\u00e1vkov\u00e9m bal\u00ed\u010dku bude \u00fatokem na tv\u00e9 chu\u0165ov\u00e9 poh\u00e1rky. Z ka\u017ed\u00e9ho produktu ti po\u0161leme 2 kusy. Jeden jen pro tebe, s druh\u00fdm se m\u016f\u017ee\u0161 pod\u011blit s rodinou nebo p\u0159\u00e1teli.","og_url":"https:\/\/www.minios.sk\/cs\/produkt\/ochutnavkovy-balicek-minios\/","og_site_name":"MinioS","article_modified_time":"2026-01-25T17:01:26+00:00","og_image":[{"width":2048,"height":2048,"url":"https:\/\/www.minios.sk\/wp-content\/uploads\/2023\/02\/OCHUTNAVKOVY-scaled.png","type":"image\/png"}],"twitter_card":"summary_large_image","twitter_misc":{"Odhadovan\u00e1 doba \u010dten\u00ed":"1 minuta"},"schema":{"@context":"https:\/\/schema.org","@graph":[{"@type":"WebPage","@id":"https:\/\/www.minios.sk\/cs\/produkt\/ochutnavkovy-balicek-minios\/","url":"https:\/\/www.minios.sk\/cs\/produkt\/ochutnavkovy-balicek-minios\/","name":"Degusta\u010dn\u00ed balen\u00ed Miniosiek 29 ks &#8211; MinioS","isPartOf":{"@id":"https:\/\/www.minios.sk\/cs\/#website"},"datePublished":"2023-02-07T11:18:54+00:00","dateModified":"2026-01-25T17:01:26+00:00","description":"Objevuj chut\u011b Minios To nejlep\u0161\u00ed od n\u00e1s v ochutn\u00e1vkov\u00e9m bal\u00ed\u010dku bude \u00fatokem na tv\u00e9 chu\u0165ov\u00e9 poh\u00e1rky. Z ka\u017ed\u00e9ho produktu ti po\u0161leme 2 kusy. Jeden jen pro tebe, s druh\u00fdm se m\u016f\u017ee\u0161 pod\u011blit s rodinou nebo p\u0159\u00e1teli.","breadcrumb":{"@id":"https:\/\/www.minios.sk\/cs\/produkt\/ochutnavkovy-balicek-minios\/#breadcrumb"},"inLanguage":"cs","potentialAction":[{"@type":"ReadAction","target":["https:\/\/www.minios.sk\/cs\/produkt\/ochutnavkovy-balicek-minios\/"]}]},{"@type":"BreadcrumbList","@id":"https:\/\/www.minios.sk\/cs\/produkt\/ochutnavkovy-balicek-minios\/#breadcrumb","itemListElement":[{"@type":"ListItem","position":1,"name":"Domovsk\u00e1 str\u00e1nka","item":"https:\/\/www.minios.sk\/cs\/"},{"@type":"ListItem","position":2,"name":"Produkty","item":"https:\/\/www.minios.sk\/cs\/shop\/"},{"@type":"ListItem","position":3,"name":"Degusta\u010dn\u00ed balen\u00ed Miniosiek 29 ks"}]},{"@type":"WebSite","@id":"https:\/\/www.minios.sk\/cs\/#website","url":"https:\/\/www.minios.sk\/cs\/","name":"MinioS","description":"Chrumnite si viac!","publisher":{"@id":"https:\/\/www.minios.sk\/cs\/#organization"},"potentialAction":[{"@type":"SearchAction","target":{"@type":"EntryPoint","urlTemplate":"https:\/\/www.minios.sk\/cs\/?s={search_term_string}"},"query-input":"required name=search_term_string"}],"inLanguage":"cs"},{"@type":"Organization","@id":"https:\/\/www.minios.sk\/cs\/#organization","name":"MinioS, s.r.o","url":"https:\/\/www.minios.sk\/cs\/","logo":{"@type":"ImageObject","inLanguage":"cs","@id":"https:\/\/www.minios.sk\/cs\/#\/schema\/logo\/image\/","url":"https:\/\/www.minios.sk\/wp-content\/uploads\/2020\/08\/S.png","contentUrl":"https:\/\/www.minios.sk\/wp-content\/uploads\/2020\/08\/S.png","width":1000,"height":1000,"caption":"MinioS, s.r.o"},"image":{"@id":"https:\/\/www.minios.sk\/cs\/#\/schema\/logo\/image\/"}}]}},"_links":{"self":[{"href":"https:\/\/www.minios.sk\/cs\/wp-json\/wp\/v2\/product\/1498","targetHints":{"allow":["GET"]}}],"collection":[{"href":"https:\/\/www.minios.sk\/cs\/wp-json\/wp\/v2\/product"}],"about":[{"href":"https:\/\/www.minios.sk\/cs\/wp-json\/wp\/v2\/types\/product"}],"replies":[{"embeddable":true,"href":"https:\/\/www.minios.sk\/cs\/wp-json\/wp\/v2\/comments?post=1498"}],"wp:featuredmedia":[{"embeddable":true,"href":"https:\/\/www.minios.sk\/cs\/wp-json\/wp\/v2\/media\/2717"}],"wp:attachment":[{"href":"https:\/\/www.minios.sk\/cs\/wp-json\/wp\/v2\/media?parent=1498"}],"wp:term":[{"taxonomy":"product_brand","embeddable":true,"href":"https:\/\/www.minios.sk\/cs\/wp-json\/wp\/v2\/product_brand?post=1498"},{"taxonomy":"product_cat","embeddable":true,"href":"https:\/\/www.minios.sk\/cs\/wp-json\/wp\/v2\/product_cat?post=1498"},{"taxonomy":"product_tag","embeddable":true,"href":"https:\/\/www.minios.sk\/cs\/wp-json\/wp\/v2\/product_tag?post=1498"}],"curies":[{"name":"wp","href":"https:\/\/api.w.org\/{rel}","templated":true}]}}