{"id":1277,"date":"2020-08-20T13:40:09","date_gmt":"2020-08-20T11:40:09","guid":{"rendered":"https:\/\/www.minios.sk\/my-account\/"},"modified":"2023-06-19T20:24:59","modified_gmt":"2023-06-19T18:24:59","slug":"my-account","status":"publish","type":"page","link":"https:\/\/www.minios.sk\/cs\/my-account\/","title":{"rendered":"My Account"},"content":{"rendered":"\n\t<section class=\"section\" id=\"section_560448300\">\n\t\t<div class=\"bg section-bg fill bg-fill bg-loaded bg-loaded\" >\n\n\t\t\t\n\t\t\t\n\t\t\t\n\n\t\t<\/div>\n\n\t\t\n\n\t\t<div class=\"section-content relative\">\n\t\t\t\n\n<div class=\"row align-middle align-center\"  id=\"row-1918564001\">\n\n\n\t<div id=\"col-1048678877\" class=\"col medium-8 small-10 large-10\"  >\n\t\t\t\t<div class=\"col-inner text-center\"  >\n\t\t\t\n\t\t\t\n\n\t<div id=\"text-1566488480\" class=\"text\">\n\t\t\n\n<h2 class=\"uppercase\" style=\"font-size: 200%;\"><span style=\"font-size: 80%; color: #000000;\">M\u00f4j \u00fa\u010det<\/span><\/h2>\n\t\t\n<style>\n#text-1566488480 {\n  text-align: center;\n}\n<\/style>\n\t<\/div>\n\t\n\n\t\t<\/div>\n\t\t\t\t\n<style>\n#col-1048678877 > .col-inner {\n  padding: 0px 0px 0px 0px;\n  margin: 0px 0px -35px 0px;\n}\n@media (min-width:850px) {\n  #col-1048678877 > .col-inner {\n    margin: 0px 0px -35px 0px;\n  }\n}\n<\/style>\n\t<\/div>\n\n\t\n\n<\/div>\n\n\t\t<\/div>\n\n\t\t\n<style>\n#section_560448300 {\n  padding-top: 30px;\n  padding-bottom: 30px;\n  background-color: rgb(246, 246, 246);\n}\n<\/style>\n\t<\/section>\n\t\n<div class=\"row align-middle\"  id=\"row-1731927155\">\n\n\n\t<div id=\"col-1340449793\" class=\"col small-12 large-12\"  >\n\t\t\t\t<div class=\"col-inner text-left\"  >\n\t\t\t\n\t\t\t\n\n<div class=\"woocommerce\"><div class=\"woocommerce-notices-wrapper\"><\/div>\n<div class=\"account-container lightbox-inner\">\n\n\t\n\t<div class=\"col2-set row row-divided row-large\" id=\"customer_login\">\n\n\t\t<div class=\"col-1 large-6 col pb-0\">\n\n\t\t\t\n\t\t\t<div class=\"account-login-inner\">\n\n\t\t\t\t<h3 class=\"uppercase\">P\u0159ihl\u00e1\u0161en\u00ed<\/h3>\n\n\t\t\t\t<form class=\"woocommerce-form woocommerce-form-login login\" method=\"post\">\n\n\t\t\t\t\t\n\t\t\t\t\t<p class=\"woocommerce-form-row woocommerce-form-row--wide form-row form-row-wide\">\n\t\t\t\t\t\t<label for=\"username\">U\u017eivatelsk\u00e9 jm\u00e9no nebo e-mail&nbsp;<span class=\"required\">*<\/span><\/label>\n\t\t\t\t\t\t<input type=\"text\" class=\"woocommerce-Input woocommerce-Input--text input-text\" name=\"username\" id=\"username\" autocomplete=\"username\" value=\"\" \/>\t\t\t\t\t<\/p>\n\t\t\t\t\t<p class=\"woocommerce-form-row woocommerce-form-row--wide form-row form-row-wide\">\n\t\t\t\t\t\t<label for=\"password\">Heslo&nbsp;<span class=\"required\">*<\/span><\/label>\n\t\t\t\t\t\t<input class=\"woocommerce-Input woocommerce-Input--text input-text\" type=\"password\" name=\"password\" id=\"password\" autocomplete=\"current-password\" \/>\n\t\t\t\t\t<\/p>\n\n\t\t\t\t\t<div class=\"g-recaptcha\" style=\"transform: scale(0.9); -webkit-transform: scale(0.9); transform-origin: 0 0; -webkit-transform-origin: 0 0;\" data-sitekey=\"6LdeWeErAAAAAGyPMi99x8vzf3oo4rE7LmL6kaE8\"><\/div><script>\r\n                jQuery(\"form.woocommerce-checkout\").on(\"submit\", function(){\r\n                    setTimeout(function(){\r\n                        grecaptcha.reset();\r\n                    },100);\r\n                });\r\n                <\/script><script src='https:\/\/www.google.com\/recaptcha\/api.js?ver=1.31' id='wpcaptcha-recaptcha-js'><\/script>\n\t\t\t\t\t<p class=\"form-row\">\n\t\t\t\t\t\t<label class=\"woocommerce-form__label woocommerce-form__label-for-checkbox woocommerce-form-login__rememberme\">\n\t\t\t\t\t\t\t<input class=\"woocommerce-form__input woocommerce-form__input-checkbox\" name=\"rememberme\" type=\"checkbox\" id=\"rememberme\" value=\"forever\" \/> <span>Zapamatujte si m\u011b<\/span>\n\t\t\t\t\t\t<\/label>\n\t\t\t\t\t\t<input type=\"hidden\" id=\"woocommerce-login-nonce\" name=\"woocommerce-login-nonce\" value=\"eac08fa643\" \/><input type=\"hidden\" name=\"_wp_http_referer\" value=\"\/cs\/wp-json\/wp\/v2\/pages\/1277\" \/>\t\t\t\t\t\t<button type=\"submit\" class=\"woocommerce-button button woocommerce-form-login__submit\" name=\"login\" value=\"P\u0159ihl\u00e1sit se\">P\u0159ihl\u00e1sit se<\/button>\n\t\t\t\t\t<\/p>\n\t\t\t\t\t<p class=\"woocommerce-LostPassword lost_password\">\n\t\t\t\t\t\t<a href=\"https:\/\/www.minios.sk\/cs\/my-account\/zabudnute-heslo\/\">Zapomn\u011bli jste heslo?<\/a>\n\t\t\t\t\t<\/p>\n\n\t\t\t\t\t\n\t\t\t\t<\/form>\n\t\t\t<\/div>\n\n\t\t\t\n\t\t<\/div>\n\n\t\t<div class=\"col-2 large-6 col pb-0\">\n\n\t\t\t<div class=\"account-register-inner\">\n\n\t\t\t\t<h3 class=\"uppercase\">Registrovat se<\/h3>\n\n\t\t\t\t<form method=\"post\" class=\"woocommerce-form woocommerce-form-register register\"  >\n\n\t\t\t\t\t\n\t\t\t\t\t\n\t\t\t\t\t\t<p class=\"woocommerce-form-row woocommerce-form-row--wide form-row form-row-wide\">\n\t\t\t\t\t\t\t<label for=\"reg_username\">U\u017eivatelsk\u00e9 jm\u00e9no&nbsp;<span class=\"required\">*<\/span><\/label>\n\t\t\t\t\t\t\t<input type=\"text\" class=\"woocommerce-Input woocommerce-Input--text input-text\" name=\"username\" id=\"reg_username\" autocomplete=\"username\" value=\"\" \/>\t\t\t\t\t\t<\/p>\n\n\t\t\t\t\t\n\t\t\t\t\t<p class=\"woocommerce-form-row woocommerce-form-row--wide form-row form-row-wide\">\n\t\t\t\t\t\t<label for=\"reg_email\">E-mailov\u00e1 adresa&nbsp;<span class=\"required\">*<\/span><\/label>\n\t\t\t\t\t\t<input type=\"email\" class=\"woocommerce-Input woocommerce-Input--text input-text\" name=\"email\" id=\"reg_email\" autocomplete=\"email\" value=\"\" \/>\t\t\t\t\t<\/p>\n\n\t\t\t\t\t\n\t\t\t\t\t\t<p class=\"woocommerce-form-row woocommerce-form-row--wide form-row form-row-wide\">\n\t\t\t\t\t\t\t<label for=\"reg_password\">Heslo&nbsp;<span class=\"required\">*<\/span><\/label>\n\t\t\t\t\t\t\t<input type=\"password\" class=\"woocommerce-Input woocommerce-Input--text input-text\" name=\"password\" id=\"reg_password\" autocomplete=\"new-password\" \/>\n\t\t\t\t\t\t<\/p>\n\n\t\t\t\t\t\n\t\t\t\t\t<div class=\"g-recaptcha\" style=\"transform: scale(0.9); -webkit-transform: scale(0.9); transform-origin: 0 0; -webkit-transform-origin: 0 0;\" data-sitekey=\"6LdeWeErAAAAAGyPMi99x8vzf3oo4rE7LmL6kaE8\"><\/div><script>\r\n                jQuery(\"form.woocommerce-checkout\").on(\"submit\", function(){\r\n                    setTimeout(function(){\r\n                        grecaptcha.reset();\r\n                    },100);\r\n                });\r\n                <\/script><script src='https:\/\/www.google.com\/recaptcha\/api.js?ver=1.31' id='wpcaptcha-recaptcha-js'><\/script><wc-order-attribution-inputs><\/wc-order-attribution-inputs><div class=\"woocommerce-privacy-policy-text\"><p>Va\u0161e osobn\u00e9 \u00fadaje bud\u00fa pou\u017eit\u00e9 na zjednodu\u0161enie pou\u017e\u00edvania tejto webovej str\u00e1nky, na spr\u00e1vu prihlasovania do v\u00e1\u0161ho \u00fa\u010dtu a na in\u00e9 \u00fa\u010dely op\u00edsan\u00e9 v dokumente <a href=\"https:\/\/www.minios.sk\/zasady-ochrany-osobnych-udajov\/\" class=\"woocommerce-privacy-policy-link\" target=\"_blank\">ochrana osobn\u00edch \u00fadaj\u016f<\/a>.<\/p>\n<\/div>\n\t\t\t\t\t<p class=\"woocommerce-form-row form-row\">\n\t\t\t\t\t\t<input type=\"hidden\" id=\"woocommerce-register-nonce\" name=\"woocommerce-register-nonce\" value=\"2f7522c72a\" \/><input type=\"hidden\" name=\"_wp_http_referer\" value=\"\/cs\/wp-json\/wp\/v2\/pages\/1277\" \/>\t\t\t\t\t\t<button type=\"submit\" class=\"woocommerce-Button woocommerce-button button woocommerce-form-register__submit\" name=\"register\" value=\"Registrovat se\">Registrovat se<\/button>\n\t\t\t\t\t<\/p>\n\n\t\t\t\t\t\n\t\t\t\t<\/form>\n\n\t\t\t<\/div>\n\n\t\t<\/div>\n\n\t<\/div>\n\n<\/div>\n\n<\/div>\n\n\t\t<\/div>\n\t\t\t\t\t<\/div>\n\n\t\n\n<\/div>\n\t<div id=\"gap-853395215\" class=\"gap-element clearfix\" style=\"display:block; height:auto;\">\n\t\t\n<style>\n#gap-853395215 {\n  padding-top: 30px;\n}\n<\/style>\n\t<\/div>\n\t\n\n\n","protected":false},"excerpt":{"rendered":"","protected":false},"author":1,"featured_media":0,"parent":0,"menu_order":0,"comment_status":"closed","ping_status":"closed","template":"page-blank.php","meta":{"_acf_changed":false,"footnotes":""},"class_list":["post-1277","page","type-page","status-publish","hentry"],"acf":[],"yoast_head":"<!-- This site is optimized with the Yoast SEO plugin v21.2 - https:\/\/yoast.com\/wordpress\/plugins\/seo\/ -->\n<title>My Account &#8211; MinioS<\/title>\n<meta name=\"robots\" content=\"index, follow, max-snippet:-1, max-image-preview:large, max-video-preview:-1\" \/>\n<link rel=\"canonical\" href=\"https:\/\/www.minios.sk\/cs\/my-account\/\" \/>\n<meta property=\"og:locale\" content=\"cs_CZ\" \/>\n<meta property=\"og:type\" content=\"article\" \/>\n<meta property=\"og:title\" content=\"My Account &#8211; MinioS\" \/>\n<meta property=\"og:url\" content=\"https:\/\/www.minios.sk\/cs\/my-account\/\" \/>\n<meta property=\"og:site_name\" content=\"MinioS\" \/>\n<meta property=\"article:modified_time\" content=\"2023-06-19T18:24:59+00:00\" \/>\n<meta name=\"twitter:card\" content=\"summary_large_image\" \/>\n<script type=\"application\/ld+json\" class=\"yoast-schema-graph\">{\"@context\":\"https:\/\/schema.org\",\"@graph\":[{\"@type\":\"WebPage\",\"@id\":\"https:\/\/www.minios.sk\/cs\/my-account\/\",\"url\":\"https:\/\/www.minios.sk\/cs\/my-account\/\",\"name\":\"My Account &#8211; MinioS\",\"isPartOf\":{\"@id\":\"https:\/\/www.minios.sk\/cs\/#website\"},\"datePublished\":\"2020-08-20T11:40:09+00:00\",\"dateModified\":\"2023-06-19T18:24:59+00:00\",\"breadcrumb\":{\"@id\":\"https:\/\/www.minios.sk\/cs\/my-account\/#breadcrumb\"},\"inLanguage\":\"cs\",\"potentialAction\":[{\"@type\":\"ReadAction\",\"target\":[\"https:\/\/www.minios.sk\/cs\/my-account\/\"]}]},{\"@type\":\"BreadcrumbList\",\"@id\":\"https:\/\/www.minios.sk\/cs\/my-account\/#breadcrumb\",\"itemListElement\":[{\"@type\":\"ListItem\",\"position\":1,\"name\":\"Domovsk\u00e1 str\u00e1nka\",\"item\":\"https:\/\/www.minios.sk\/cs\/\"},{\"@type\":\"ListItem\",\"position\":2,\"name\":\"My Account\"}]},{\"@type\":\"WebSite\",\"@id\":\"https:\/\/www.minios.sk\/cs\/#website\",\"url\":\"https:\/\/www.minios.sk\/cs\/\",\"name\":\"MinioS\",\"description\":\"Chrumnite si viac!\",\"publisher\":{\"@id\":\"https:\/\/www.minios.sk\/cs\/#organization\"},\"potentialAction\":[{\"@type\":\"SearchAction\",\"target\":{\"@type\":\"EntryPoint\",\"urlTemplate\":\"https:\/\/www.minios.sk\/cs\/?s={search_term_string}\"},\"query-input\":\"required name=search_term_string\"}],\"inLanguage\":\"cs\"},{\"@type\":\"Organization\",\"@id\":\"https:\/\/www.minios.sk\/cs\/#organization\",\"name\":\"MinioS, s.r.o\",\"url\":\"https:\/\/www.minios.sk\/cs\/\",\"logo\":{\"@type\":\"ImageObject\",\"inLanguage\":\"cs\",\"@id\":\"https:\/\/www.minios.sk\/cs\/#\/schema\/logo\/image\/\",\"url\":\"https:\/\/www.minios.sk\/wp-content\/uploads\/2020\/08\/S.png\",\"contentUrl\":\"https:\/\/www.minios.sk\/wp-content\/uploads\/2020\/08\/S.png\",\"width\":1000,\"height\":1000,\"caption\":\"MinioS, s.r.o\"},\"image\":{\"@id\":\"https:\/\/www.minios.sk\/cs\/#\/schema\/logo\/image\/\"}}]}<\/script>\n<!-- \/ Yoast SEO plugin. -->","yoast_head_json":{"title":"My Account &#8211; MinioS","robots":{"index":"index","follow":"follow","max-snippet":"max-snippet:-1","max-image-preview":"max-image-preview:large","max-video-preview":"max-video-preview:-1"},"canonical":"https:\/\/www.minios.sk\/cs\/my-account\/","og_locale":"cs_CZ","og_type":"article","og_title":"My Account &#8211; MinioS","og_url":"https:\/\/www.minios.sk\/cs\/my-account\/","og_site_name":"MinioS","article_modified_time":"2023-06-19T18:24:59+00:00","twitter_card":"summary_large_image","schema":{"@context":"https:\/\/schema.org","@graph":[{"@type":"WebPage","@id":"https:\/\/www.minios.sk\/cs\/my-account\/","url":"https:\/\/www.minios.sk\/cs\/my-account\/","name":"My Account &#8211; MinioS","isPartOf":{"@id":"https:\/\/www.minios.sk\/cs\/#website"},"datePublished":"2020-08-20T11:40:09+00:00","dateModified":"2023-06-19T18:24:59+00:00","breadcrumb":{"@id":"https:\/\/www.minios.sk\/cs\/my-account\/#breadcrumb"},"inLanguage":"cs","potentialAction":[{"@type":"ReadAction","target":["https:\/\/www.minios.sk\/cs\/my-account\/"]}]},{"@type":"BreadcrumbList","@id":"https:\/\/www.minios.sk\/cs\/my-account\/#breadcrumb","itemListElement":[{"@type":"ListItem","position":1,"name":"Domovsk\u00e1 str\u00e1nka","item":"https:\/\/www.minios.sk\/cs\/"},{"@type":"ListItem","position":2,"name":"My Account"}]},{"@type":"WebSite","@id":"https:\/\/www.minios.sk\/cs\/#website","url":"https:\/\/www.minios.sk\/cs\/","name":"MinioS","description":"Chrumnite si viac!","publisher":{"@id":"https:\/\/www.minios.sk\/cs\/#organization"},"potentialAction":[{"@type":"SearchAction","target":{"@type":"EntryPoint","urlTemplate":"https:\/\/www.minios.sk\/cs\/?s={search_term_string}"},"query-input":"required name=search_term_string"}],"inLanguage":"cs"},{"@type":"Organization","@id":"https:\/\/www.minios.sk\/cs\/#organization","name":"MinioS, s.r.o","url":"https:\/\/www.minios.sk\/cs\/","logo":{"@type":"ImageObject","inLanguage":"cs","@id":"https:\/\/www.minios.sk\/cs\/#\/schema\/logo\/image\/","url":"https:\/\/www.minios.sk\/wp-content\/uploads\/2020\/08\/S.png","contentUrl":"https:\/\/www.minios.sk\/wp-content\/uploads\/2020\/08\/S.png","width":1000,"height":1000,"caption":"MinioS, s.r.o"},"image":{"@id":"https:\/\/www.minios.sk\/cs\/#\/schema\/logo\/image\/"}}]}},"_links":{"self":[{"href":"https:\/\/www.minios.sk\/cs\/wp-json\/wp\/v2\/pages\/1277","targetHints":{"allow":["GET"]}}],"collection":[{"href":"https:\/\/www.minios.sk\/cs\/wp-json\/wp\/v2\/pages"}],"about":[{"href":"https:\/\/www.minios.sk\/cs\/wp-json\/wp\/v2\/types\/page"}],"author":[{"embeddable":true,"href":"https:\/\/www.minios.sk\/cs\/wp-json\/wp\/v2\/users\/1"}],"replies":[{"embeddable":true,"href":"https:\/\/www.minios.sk\/cs\/wp-json\/wp\/v2\/comments?post=1277"}],"version-history":[{"count":1,"href":"https:\/\/www.minios.sk\/cs\/wp-json\/wp\/v2\/pages\/1277\/revisions"}],"predecessor-version":[{"id":1280,"href":"https:\/\/www.minios.sk\/cs\/wp-json\/wp\/v2\/pages\/1277\/revisions\/1280"}],"wp:attachment":[{"href":"https:\/\/www.minios.sk\/cs\/wp-json\/wp\/v2\/media?parent=1277"}],"curies":[{"name":"wp","href":"https:\/\/api.w.org\/{rel}","templated":true}]}}